{"id":2442,"date":"2021-04-06T15:22:23","date_gmt":"2021-04-06T15:22:23","guid":{"rendered":"https:\/\/www.simplyceram.com\/?page_id=2442"},"modified":"2023-11-27T15:12:39","modified_gmt":"2023-11-27T15:12:39","slug":"","status":"publish","type":"page","link":"https:\/\/www.simplyceram.com\/pt\/coloris\/trilium-dk\/","title":{"rendered":"","raw":""},"content":{"rendered":"","protected":false,"raw":""},"excerpt":{"rendered":"[vc_row][vc_column][vc_column_text]Trilium| Matte[\/vc_column_text] [\/vc_column][\/vc_row][vc_row][vc_column][vc_empty_space height=\"20px\"][vc_column_text] Cette image est \u00e0 titre indicatif seulement. Le produit peut \u00eatre sujet \u00e0 de l\u00e9g\u00e8res variations de couleur, de motif et de texture. [\/vc_column_text][vc_empty_space height=\"22px\"]SIMPLYCERAM PLUS Dimensions[vc_row_inner][vc_column_inner width=\"1\/3\"][vc_column_text] Cr\u00e9dences [\/vc_column_text][vc_column_text]Longueurs 1450 \/ 2990 mm 57 \/ 118 pouces Hauteurs 100\/200\/300\/650 mm 4\u201d \/ 7.8 \/ 11.8 \/ 25.6 pouces \u00c9paisseur 14mm [...]","protected":false,"raw":""},"author":38,"featured_media":0,"parent":16,"menu_order":0,"comment_status":"closed","ping_status":"closed","template":"","meta":{"_fr_post_content":"[vc_row][vc_column][vc_column_text]<strong style=\"color: #005672; font-size: 36px; font-family: Oswald; font-weight: bold;\">Trilium| <\/strong><span style=\"font-size: 28px; font-family: Oswald;\">Matte<\/span>[\/vc_column_text][grve_single_image image=\"5158\"][\/vc_column][\/vc_row][vc_row][vc_column][vc_empty_space height=\"20px\"][vc_column_text]\r\n<p style=\"text-align: left;\"><i><em>Cette image est \u00e0 titre indicatif seulement. Le produit peut \u00eatre sujet \u00e0 de l\u00e9g\u00e8res variations de couleur, de motif et de texture.<\/em><\/i><\/p>\r\n[\/vc_column_text][vc_empty_space height=\"22px\"][grve_title title=\"SIMPLYCERAM PLUS Dimensions\" el_class=\"title-blue text-upper\"][vc_row_inner][vc_column_inner width=\"1\/3\"][vc_column_text]\r\n<h4><span style=\"font-size: 20px; text-align: left;\">Cr\u00e9dences<\/span><\/h4>\r\n[\/vc_column_text][vc_column_text]<strong>Longueurs<\/strong>\r\n<ul>\r\n \t<li>1450 \/ 2990 mm<\/li>\r\n \t<li>57 \/ 118 pouces<\/li>\r\n<\/ul>\r\n<strong>Hauteurs<\/strong>\r\n<ul>\r\n \t<li>100\/200\/300\/650 mm<\/li>\r\n \t<li>4\u201d \/ 7.8 \/ 11.8 \/ 25.6 pouces<\/li>\r\n<\/ul>\r\n<strong>\u00c9paisseur<\/strong>\r\n<ul>\r\n \t<li>14mm<\/li>\r\n \t<li>0.5 pouces<\/li>\r\n<\/ul>\r\n[\/vc_column_text][\/vc_column_inner][vc_column_inner width=\"1\/3\"][vc_column_text]\r\n<h4><span style=\"font-size: 20px; text-align: left;\">Plan de Travail<\/span><\/h4>\r\n[\/vc_column_text][vc_column_text]<strong>Longueurs<\/strong>\r\n<ul>\r\n \t<li>1450 \/ 2990 mm<\/li>\r\n \t<li>57 \/ 118 pouces<\/li>\r\n<\/ul>\r\n<strong>\u00a0Largeurs<\/strong>\r\n<ul>\r\n \t<li>600\/620\/650\/990\/1200 mm<\/li>\r\n \t<li>23.6 \/ 24.4 \/ 25.6 \/ 39 \/47.2 pouces<\/li>\r\n<\/ul>\r\n<strong>\u00c9paisseurs<\/strong>\r\n<ul>\r\n \t<li>24 \/ 44 mm<\/li>\r\n \t<li>1 \/ 1.7 pouces<\/li>\r\n<\/ul>\r\n[\/vc_column_text][\/vc_column_inner][vc_column_inner width=\"1\/3\"][\/vc_column_inner][\/vc_row_inner][\/vc_column][\/vc_row][vc_row][vc_column][vc_empty_space height=\"80px\"][\/vc_column][\/vc_row][vc_row][vc_column width=\"1\/4\" el_class=\"column-half-m\"][grve_icon_box icon_type=\"image\" icon_size=\"large\" icon_image=\"5162\" title=\"Kreta\" link=\"url:https%3A%2F%2Fwww.simplyceram.com%2Ffr%2Fcoloris%2Fkreta-dk%2F||\" el_class=\"color-nav\"][\/grve_icon_box][\/vc_column][vc_column width=\"1\/4\"][\/vc_column][vc_column width=\"1\/4\"][\/vc_column][vc_column width=\"1\/4\"][\/vc_column][\/vc_row]","_fr_post_name":"trilium-dk","_fr_post_excerpt":"","_fr_post_title":"Trilium","_en_post_content":"","_en_post_name":"","_en_post_excerpt":"","_en_post_title":"","_pt_post_content":"","_pt_post_name":"","_pt_post_excerpt":"","_pt_post_title":"","_es_post_content":"","_es_post_name":"","_es_post_excerpt":"","_es_post_title":"","edit_language":"pt"},"_links":{"self":[{"href":"https:\/\/www.simplyceram.com\/pt\/wp-json\/wp\/v2\/pages\/2442"}],"collection":[{"href":"https:\/\/www.simplyceram.com\/pt\/wp-json\/wp\/v2\/pages"}],"about":[{"href":"https:\/\/www.simplyceram.com\/pt\/wp-json\/wp\/v2\/types\/page"}],"author":[{"embeddable":true,"href":"https:\/\/www.simplyceram.com\/pt\/wp-json\/wp\/v2\/users\/38"}],"replies":[{"embeddable":true,"href":"https:\/\/www.simplyceram.com\/pt\/wp-json\/wp\/v2\/comments?post=2442"}],"version-history":[{"count":7,"href":"https:\/\/www.simplyceram.com\/pt\/wp-json\/wp\/v2\/pages\/2442\/revisions"}],"predecessor-version":[{"id":5609,"href":"https:\/\/www.simplyceram.com\/pt\/wp-json\/wp\/v2\/pages\/2442\/revisions\/5609"}],"up":[{"embeddable":true,"href":"https:\/\/www.simplyceram.com\/pt\/wp-json\/wp\/v2\/pages\/16"}],"wp:attachment":[{"href":"https:\/\/www.simplyceram.com\/pt\/wp-json\/wp\/v2\/media?parent=2442"}],"curies":[{"name":"wp","href":"https:\/\/api.w.org\/{rel}","templated":true}]}}