{"id":2067,"date":"2019-11-14T15:23:24","date_gmt":"2019-11-14T15:23:24","guid":{"rendered":"https:\/\/www.simplyceram.com\/?page_id=2067"},"modified":"2022-09-13T15:04:27","modified_gmt":"2022-09-13T15:04:27","slug":"video","status":"publish","type":"page","link":"https:\/\/www.simplyceram.com\/pt\/video\/","title":{"rendered":"","raw":""},"content":{"rendered":"<p>[vc_row][vc_column]<div class=\"grve-element grve-video\" style=\"\"><iframe title=\"SIMPLYCERAM - Instala\u00e7\u00e3o e transforma\u00e7\u00e3o\" width=\"1080\" height=\"608\" src=\"https:\/\/www.youtube.com\/embed\/4qn1msnlT2k?feature=oembed\" frameborder=\"0\" allow=\"accelerometer; autoplay; clipboard-write; encrypted-media; gyroscope; picture-in-picture\" allowfullscreen><\/iframe><\/div>[\/vc_column][\/vc_row]<\/p>\n","protected":false,"raw":"[vc_row][vc_column][grve_video video_link=\"https:\/\/www.youtube.com\/watch?v=4qn1msnlT2k\"][\/vc_column][\/vc_row]"},"excerpt":{"rendered":"[vc_row][vc_column][\/vc_column][\/vc_row]","protected":false,"raw":""},"author":38,"featured_media":0,"parent":0,"menu_order":0,"comment_status":"closed","ping_status":"closed","template":"","meta":{"_fr_post_content":"[vc_row][vc_column][grve_video video_link=\"https:\/\/youtu.be\/VMBAoecbsSM?showinfo=0&amp;controls=0\"][\/vc_column][\/vc_row]","_fr_post_name":"video","_fr_post_excerpt":"","_fr_post_title":"Videos","_en_post_content":"[vc_row][vc_column][grve_video video_link=\"https:\/\/youtu.be\/UU6yDqYZwMA\"][\/vc_column][\/vc_row]","_en_post_name":"video","_en_post_excerpt":"","_en_post_title":"","_pt_post_content":"[vc_row][vc_column][grve_video video_link=\"https:\/\/www.youtube.com\/watch?v=4qn1msnlT2k\"][\/vc_column][\/vc_row]","_pt_post_name":"video","_pt_post_excerpt":"","_pt_post_title":"","_es_post_content":"[vc_row][vc_column][grve_video video_link=\"https:\/\/www.youtube.com\/watch?v=aTOiA7ZZNyM\"][\/vc_column][\/vc_row]","_es_post_name":"video","_es_post_excerpt":"","_es_post_title":"","edit_language":"pt"},"_links":{"self":[{"href":"https:\/\/www.simplyceram.com\/pt\/wp-json\/wp\/v2\/pages\/2067"}],"collection":[{"href":"https:\/\/www.simplyceram.com\/pt\/wp-json\/wp\/v2\/pages"}],"about":[{"href":"https:\/\/www.simplyceram.com\/pt\/wp-json\/wp\/v2\/types\/page"}],"author":[{"embeddable":true,"href":"https:\/\/www.simplyceram.com\/pt\/wp-json\/wp\/v2\/users\/38"}],"replies":[{"embeddable":true,"href":"https:\/\/www.simplyceram.com\/pt\/wp-json\/wp\/v2\/comments?post=2067"}],"version-history":[{"count":23,"href":"https:\/\/www.simplyceram.com\/pt\/wp-json\/wp\/v2\/pages\/2067\/revisions"}],"predecessor-version":[{"id":3079,"href":"https:\/\/www.simplyceram.com\/pt\/wp-json\/wp\/v2\/pages\/2067\/revisions\/3079"}],"wp:attachment":[{"href":"https:\/\/www.simplyceram.com\/pt\/wp-json\/wp\/v2\/media?parent=2067"}],"curies":[{"name":"wp","href":"https:\/\/api.w.org\/{rel}","templated":true}]}}