{"id":18,"date":"2016-04-11T17:20:40","date_gmt":"2016-04-11T16:20:40","guid":{"rendered":"https:\/\/www.simplyceram.com?page_id=18"},"modified":"2022-09-13T15:46:54","modified_gmt":"2022-09-13T15:46:54","slug":"contactos","status":"publish","type":"page","link":"https:\/\/www.simplyceram.com\/pt\/contactos\/","title":{"rendered":"Contactos","raw":"Contactos"},"content":{"rendered":"<p>[vc_row bg_type=&#8221;color&#8221; header_feature=&#8221;yes&#8221; padding_top=&#8221;40px&#8221; padding_bottom=&#8221;40px&#8221; margin_bottom=&#8221;0&#8243; bg_color=&#8221;#f6f8fa&#8221;][vc_column]<h1 class=\"grve-element grve-title grve-align-center grve-h1 title-blue\" style=\"\"><span>ONDE NOS ENCONTRAR<\/span><\/h1>[\/vc_column][\/vc_row][vc_row padding_top=&#8221;70px&#8221; padding_bottom=&#8221;30px&#8221;][vc_column css=&#8221;.vc_custom_1481079640924{padding-bottom: 30px !important;}&#8221;]<h2 class=\"grve-element grve-title grve-align-left grve-h2\" style=\"\"><span>Onde nos encontrar<\/span><\/h2>[\/vc_column][vc_column width=&#8221;1\/2&#8243;][vc_column_text]Para conhecer os pontos de distribui\u00e7\u00e3o mais pr\u00f3ximos de si, preencha o formul\u00e1rio em anexo. N\u00e3o deixaremos de responder ao seu e-mail com a maior brevidade poss\u00edvel ou de lhe telefonar no hor\u00e1rio que nos indicar.[\/vc_column_text][\/vc_column][vc_column width=&#8221;1\/2&#8243;][\/vc_column][\/vc_row][vc_row][vc_column]\n<div class=\"wpcf7 no-js\" id=\"wpcf7-f1497-o2\" lang=\"pt-PT\" dir=\"ltr\">\n<div class=\"screen-reader-response\"><p role=\"status\" aria-live=\"polite\" aria-atomic=\"true\"><\/p> <ul><\/ul><\/div>\n<form action=\"\/pt\/wp-json\/wp\/v2\/pages\/18#wpcf7-f1497-o2\" method=\"post\" class=\"wpcf7-form init\" aria-label=\"Formul\u00e1rio de contacto\" novalidate=\"novalidate\" data-status=\"init\">\n<div style=\"display: none;\">\n<input type=\"hidden\" name=\"_wpcf7\" value=\"1497\" \/>\n<input type=\"hidden\" name=\"_wpcf7_version\" value=\"5.7.7\" \/>\n<input type=\"hidden\" name=\"_wpcf7_locale\" value=\"pt_PT\" \/>\n<input type=\"hidden\" name=\"_wpcf7_unit_tag\" value=\"wpcf7-f1497-o2\" \/>\n<input type=\"hidden\" name=\"_wpcf7_container_post\" value=\"0\" \/>\n<input type=\"hidden\" name=\"_wpcf7_posted_data_hash\" value=\"\" \/>\n<input type=\"hidden\" name=\"_wpcf7_recaptcha_response\" value=\"\" \/>\n<\/div>\n<div class=\"text-f\">\n\t<p>Nome* :\n\t<\/p>\n<\/div>\n<div>\n\t<p><span class=\"wpcf7-form-control-wrap\" data-name=\"nom\"><input size=\"40\" class=\"wpcf7-form-control wpcf7-text wpcf7-validates-as-required blue\" aria-required=\"true\" aria-invalid=\"false\" value=\"\" type=\"text\" name=\"nom\" \/><\/span>\n\t<\/p>\n<\/div>\n<div class=\"text-f\">\n\t<p>Empresa* :\n\t<\/p>\n<\/div>\n<div>\n\t<p><span class=\"wpcf7-form-control-wrap\" data-name=\"societe\"><input size=\"40\" class=\"wpcf7-form-control wpcf7-text wpcf7-validates-as-required blue\" aria-required=\"true\" aria-invalid=\"false\" value=\"\" type=\"text\" name=\"societe\" \/><\/span>\n\t<\/p>\n<\/div>\n<div class=\"text-f\">\n\t<p>O seu departamento:\n\t<\/p>\n<\/div>\n<div>\n\t<p><span class=\"wpcf7-form-control-wrap\" data-name=\"departement\"><input size=\"40\" class=\"wpcf7-form-control wpcf7-text blue\" aria-invalid=\"false\" value=\"\" type=\"text\" name=\"departement\" \/><\/span>\n\t<\/p>\n<\/div>\n<div class=\"text-f\">\n\t<p>Telem\u00f3vel:\n\t<\/p>\n<\/div>\n<div>\n\t<p><span class=\"wpcf7-form-control-wrap\" data-name=\"mobile\"><input size=\"40\" class=\"wpcf7-form-control wpcf7-text blue\" aria-invalid=\"false\" value=\"\" type=\"text\" name=\"mobile\" \/><\/span>\n\t<\/p>\n<\/div>\n<div class=\"text-f\">\n\t<p>E-mail* :\n\t<\/p>\n<\/div>\n<div>\n\t<p><span class=\"wpcf7-form-control-wrap\" data-name=\"email\"><input size=\"40\" class=\"wpcf7-form-control wpcf7-text wpcf7-email wpcf7-validates-as-required wpcf7-validates-as-email blue\" aria-required=\"true\" aria-invalid=\"false\" value=\"\" type=\"email\" name=\"email\" \/><\/span>\n\t<\/p>\n<\/div>\n<div class=\"text-f\">\n\t<p>Telefone:\n\t<\/p>\n<\/div>\n<div>\n\t<p><span class=\"wpcf7-form-control-wrap\" data-name=\"fixe\"><input size=\"40\" class=\"wpcf7-form-control wpcf7-text blue\" aria-invalid=\"false\" value=\"\" type=\"text\" name=\"fixe\" \/><\/span>\n\t<\/p>\n<\/div>\n<div class=\"text-f\">\n\t<p>Quando podemos telefonar-lhe?\n\t<\/p>\n<\/div>\n<p><span class=\"wpcf7-form-control-wrap\" data-name=\"message\"><textarea cols=\"40\" rows=\"10\" class=\"wpcf7-form-control wpcf7-textarea blue\" aria-invalid=\"false\" name=\"message\"><\/textarea><\/span>\n<\/p>\n<p><input class=\"wpcf7-form-control has-spinner wpcf7-submit envoy\" type=\"submit\" value=\"Enviar\" \/>\n<\/p><div class=\"wpcf7-response-output\" aria-hidden=\"true\"><\/div>\n<\/form>\n<\/div>\n[\/vc_column][\/vc_row][vc_row][vc_column][vc_empty_space][\/vc_column][\/vc_row]<\/p>\n","protected":false,"raw":"[vc_row bg_type=\"color\" header_feature=\"yes\" padding_top=\"40px\" padding_bottom=\"40px\" margin_bottom=\"0\" bg_color=\"#f6f8fa\"][vc_column][grve_title title=\"ONDE NOS ENCONTRAR\" heading_tag=\"h1\" heading=\"h1\" align=\"center\" el_class=\"title-blue\"][\/vc_column][\/vc_row][vc_row padding_top=\"70px\" padding_bottom=\"30px\"][vc_column css=\".vc_custom_1481079640924{padding-bottom: 30px !important;}\"][grve_title title=\"Onde nos encontrar\" heading_tag=\"h2\" heading=\"h2\"][\/vc_column][vc_column width=\"1\/2\"][vc_column_text]Para conhecer os pontos de distribui\u00e7\u00e3o mais pr\u00f3ximos de si, preencha o formul\u00e1rio em anexo. N\u00e3o deixaremos de responder ao seu e-mail com a maior brevidade poss\u00edvel ou de lhe telefonar no hor\u00e1rio que nos indicar.[\/vc_column_text][\/vc_column][vc_column width=\"1\/2\"][\/vc_column][\/vc_row][vc_row][vc_column][contact-form-7 id=\"1497\"][\/vc_column][\/vc_row][vc_row][vc_column][vc_empty_space][\/vc_column][\/vc_row]"},"excerpt":{"rendered":"[vc_row bg_type=\"color\" header_feature=\"yes\" padding_top=\"40px\" padding_bottom=\"40px\" margin_bottom=\"0\" bg_color=\"#f6f8fa\"][vc_column]NOUS TROUVER[\/vc_column][\/vc_row][vc_row padding_top=\"70px\" padding_bottom=\"30px\"][vc_column css=\".vc_custom_1481079640924{padding-bottom: 30px !important;}\"]O\u00f9 Nous Trouver[\/vc_column][vc_column width=\"1\/2\"][vc_column_text]Pour conna\u00eetre les points de distribution les plus proches de votre domicile, merci de remplir le formulaire joint. Nous nous engageons \u00e0 vous r\u00e9pondre par mail dans les meilleurs d\u00e9lais ou \u00e0 vous rappeler aux horaires que vous ne manquerez [...]","protected":false,"raw":""},"author":38,"featured_media":0,"parent":0,"menu_order":0,"comment_status":"closed","ping_status":"closed","template":"","meta":{"_fr_post_content":"[vc_row bg_type=\"color\" header_feature=\"yes\" padding_top=\"40px\" padding_bottom=\"40px\" margin_bottom=\"0\" bg_color=\"#f6f8fa\"][vc_column][grve_title title=\"NOUS TROUVER\" heading_tag=\"h1\" heading=\"h1\" align=\"center\" el_class=\"title-blue\"][\/vc_column][\/vc_row][vc_row padding_top=\"70px\" padding_bottom=\"30px\"][vc_column css=\".vc_custom_1481079640924{padding-bottom: 30px !important;}\"][grve_title title=\"O\u00f9 Nous Trouver\" heading_tag=\"h2\" heading=\"h2\"][\/vc_column][vc_column width=\"1\/2\"][vc_column_text]Pour conna\u00eetre les points de distribution les plus proches de votre domicile, merci de remplir le formulaire joint. Nous nous engageons \u00e0 vous r\u00e9pondre par mail dans les meilleurs d\u00e9lais ou \u00e0 vous rappeler aux horaires que vous ne manquerez pas de pr\u00e9ciser.[\/vc_column_text][\/vc_column][vc_column width=\"1\/2\"][\/vc_column][\/vc_row][vc_row][vc_column width=\"1\/2\"][contact-form-7 id=\"904\"][\/vc_column][vc_column width=\"1\/2\" css=\".vc_custom_1483551165416{padding-top: 48px !important;}\"][grve_gmap map_lat=\"44.8833551\" map_lng=\"1.2147641\" map_zoom=\"7\" map_height=\"460\" map_marker=\"213\" el_class=\"mapcanvas\"][vc_raw_html]JTNDaWZyYW1lJTIwc3JjJTNEJTIyaHR0cHMlM0ElMkYlMkZ3d3cuZ29vZ2xlLmNvbSUyRm1hcHMlMkZlbWJlZCUzRnBiJTNEJTIxMW0xOCUyMTFtMTIlMjExbTMlMjExZDExNTcxNi45OTY5MDMzNzM3JTIxMmQxLjA4MTk1MDU2MTk5Nzc2MzIlMjEzZDQ0Ljg3NTI4MDc0NjgxNjUzJTIxMm0zJTIxMWYwJTIxMmYwJTIxM2YwJTIxM20yJTIxMWkxMDI0JTIxMmk3NjglMjE0ZjEzLjElMjEzbTMlMjExbTIlMjExczB4MCUyNTNBMHgwJTIxMnpORFRDc0RVekp6QXdMakVpVGlBeHdyQXhNaWMxTXk0eUlrVSUyMTVlMCUyMTNtMiUyMTFzcHQtUFQlMjEyc3B0JTIxNHYxNjI4ODY4OTQ3NDkwJTIxNW0yJTIxMXNwdC1QVCUyMTJzcHQlMjIlMjB3aWR0aCUzRCUyMjEwMCUyNSUyMiUyMGhlaWdodCUzRCUyMjQ2MCUyMiUyMHN0eWxlJTNEJTIyYm9yZGVyJTNBMCUzQiUyMiUyMGFsbG93ZnVsbHNjcmVlbiUzRCUyMiUyMiUyMGxvYWRpbmclM0QlMjJsYXp5JTIyJTNFJTNDJTJGaWZyYW1lJTNF[\/vc_raw_html][\/vc_column][vc_column][vc_empty_space][\/vc_column][\/vc_row]","_fr_post_name":"nous-trouver","_fr_post_excerpt":"","_fr_post_title":"Nous trouver","_en_post_content":"[vc_row bg_type=\"color\" header_feature=\"yes\" padding_top=\"40px\" padding_bottom=\"40px\" margin_bottom=\"0\" bg_color=\"#f6f8fa\"][vc_column][grve_title title=\"CONTACT US\" heading_tag=\"h1\" heading=\"h1\" align=\"center\" el_class=\"title-blue\"][\/vc_column][\/vc_row][vc_row padding_top=\"70px\" padding_bottom=\"30px\"][vc_column css=\".vc_custom_1481079640924{padding-bottom: 30px !important;}\"][grve_title title=\"Where to find us\" heading_tag=\"h2\" heading=\"h2\"][\/vc_column][vc_column width=\"1\/2\"][vc_column_text]For receiving information on the closer point of distribution, please fill in the attached form. We will answer your e-mail as soon as possible or call you within the specified time.[\/vc_column_text][\/vc_column][vc_column width=\"1\/2\"][\/vc_column][\/vc_row][vc_row][vc_column][contact-form-7 id=\"1502\"][\/vc_column][\/vc_row][vc_row][vc_column][vc_empty_space][\/vc_column][\/vc_row]","_en_post_name":"contacts","_en_post_excerpt":"","_en_post_title":"Contacts","_pt_post_content":"[vc_row bg_type=\"color\" header_feature=\"yes\" padding_top=\"40px\" padding_bottom=\"40px\" margin_bottom=\"0\" bg_color=\"#f6f8fa\"][vc_column][grve_title title=\"ONDE NOS ENCONTRAR\" heading_tag=\"h1\" heading=\"h1\" align=\"center\" el_class=\"title-blue\"][\/vc_column][\/vc_row][vc_row padding_top=\"70px\" padding_bottom=\"30px\"][vc_column css=\".vc_custom_1481079640924{padding-bottom: 30px !important;}\"][grve_title title=\"Onde nos encontrar\" heading_tag=\"h2\" heading=\"h2\"][\/vc_column][vc_column width=\"1\/2\"][vc_column_text]Para conhecer os pontos de distribui\u00e7\u00e3o mais pr\u00f3ximos de si, preencha o formul\u00e1rio em anexo. N\u00e3o deixaremos de responder ao seu e-mail com a maior brevidade poss\u00edvel ou de lhe telefonar no hor\u00e1rio que nos indicar.[\/vc_column_text][\/vc_column][vc_column width=\"1\/2\"][\/vc_column][\/vc_row][vc_row][vc_column][contact-form-7 id=\"1497\"][\/vc_column][\/vc_row][vc_row][vc_column][vc_empty_space][\/vc_column][\/vc_row]","_pt_post_name":"contactos","_pt_post_excerpt":"","_pt_post_title":"Contactos","_es_post_content":"[vc_row bg_type=\"color\" header_feature=\"yes\" padding_top=\"40px\" padding_bottom=\"40px\" margin_bottom=\"0\" bg_color=\"#f6f8fa\"][vc_column][grve_title title=\"CONTACTO\" heading_tag=\"h1\" heading=\"h1\" align=\"center\" el_class=\"title-blue\"][\/vc_column][\/vc_row][vc_row padding_top=\"70px\" padding_bottom=\"30px\"][vc_column css=\".vc_custom_1481079640924{padding-bottom: 30px !important;}\"][grve_title title=\"D\u00f3nde estamos\" heading_tag=\"h2\" heading=\"h2\"][\/vc_column][vc_column width=\"1\/2\"][vc_column_text]Para conocer los puntos de distribuci\u00f3n que est\u00e1n m\u00e1s cerca de usted, rellene el formulario adjunto. Nos aseguraremos de responder a su correo electr\u00f3nico a la mayor brevedad posible o de llamarlo en el horario que nos lo indique.[\/vc_column_text][\/vc_column][vc_column width=\"1\/2\"][\/vc_column][\/vc_row][vc_row][vc_column width=\"1\/2\"][contact-form-7 id=\"2047\"][\/vc_column][vc_column width=\"1\/2\" css=\".vc_custom_1483551165416{padding-top: 48px !important;}\"][grve_gmap map_lat=\"40.270683\" map_lng=\"-3.811751\" map_zoom=\"7\" map_height=\"460\" map_marker=\"213\" el_class=\"mapcanvas\"][vc_raw_html]JTNDaWZyYW1lJTIwc3JjJTNEJTIyaHR0cHMlM0ElMkYlMkZ3d3cuZ29vZ2xlLmNvbSUyRm1hcHMlMkZlbWJlZCUzRnBiJTNEJTIxMW0xOCUyMTFtMTIlMjExbTMlMjExZDIwMDMzOS44NzM0MTg4NDU0NyUyMTJkLTMuOTQ0OTMyNjY2MzMwMTkzJTIxM2Q0MC4yMjA4MjYzNzI1MzA2MSUyMTJtMyUyMTFmMCUyMTJmMCUyMTNmMCUyMTNtMiUyMTFpMTAyNCUyMTJpNzY4JTIxNGYxMy4xJTIxM20zJTIxMW0yJTIxMXMweDAlMjUzQTB4MCUyMTJ6TkREQ3NERTJKekUwTGpVaVRpQXp3ckEwT0NjME1pNHpJbGMlMjE1ZTAlMjEzbTIlMjExc3B0LVBUJTIxMnNwdCUyMTR2MTYyODg2OTMxMzcwOCUyMTVtMiUyMTFzcHQtUFQlMjEyc3B0JTIyJTIwd2lkdGglM0QlMjIxMDAlMjUlMjIlMjBoZWlnaHQlM0QlMjI0NjAlMjIlMjBzdHlsZSUzRCUyMmJvcmRlciUzQTAlM0IlMjIlMjBhbGxvd2Z1bGxzY3JlZW4lM0QlMjIlMjIlMjBsb2FkaW5nJTNEJTIybGF6eSUyMiUzRSUzQyUyRmlmcmFtZSUzRQ==[\/vc_raw_html][\/vc_column][vc_column][vc_empty_space][\/vc_column][\/vc_row]","_es_post_name":"contacto","_es_post_excerpt":"","_es_post_title":"Contacto","edit_language":"pt"},"_links":{"self":[{"href":"https:\/\/www.simplyceram.com\/pt\/wp-json\/wp\/v2\/pages\/18"}],"collection":[{"href":"https:\/\/www.simplyceram.com\/pt\/wp-json\/wp\/v2\/pages"}],"about":[{"href":"https:\/\/www.simplyceram.com\/pt\/wp-json\/wp\/v2\/types\/page"}],"author":[{"embeddable":true,"href":"https:\/\/www.simplyceram.com\/pt\/wp-json\/wp\/v2\/users\/38"}],"replies":[{"embeddable":true,"href":"https:\/\/www.simplyceram.com\/pt\/wp-json\/wp\/v2\/comments?post=18"}],"version-history":[{"count":82,"href":"https:\/\/www.simplyceram.com\/pt\/wp-json\/wp\/v2\/pages\/18\/revisions"}],"predecessor-version":[{"id":3447,"href":"https:\/\/www.simplyceram.com\/pt\/wp-json\/wp\/v2\/pages\/18\/revisions\/3447"}],"wp:attachment":[{"href":"https:\/\/www.simplyceram.com\/pt\/wp-json\/wp\/v2\/media?parent=18"}],"curies":[{"name":"wp","href":"https:\/\/api.w.org\/{rel}","templated":true}]}}