{"id":5713,"date":"2024-02-07T11:53:21","date_gmt":"2024-02-07T11:53:21","guid":{"rendered":"https:\/\/www.simplyceram.com\/fr\/?page_id=5713"},"modified":"2024-02-07T14:03:20","modified_gmt":"2024-02-07T14:03:20","slug":"co3so-emprego-interior-add","status":"publish","type":"page","link":"https:\/\/www.simplyceram.com\/fr\/co3so-emprego-interior-add\/","title":{"rendered":"+CO3SO Emprego Interior &#8211; ADD"},"content":{"rendered":"<p>[vc_row bg_type=\u00a0\u00bbcolor\u00a0\u00bb header_feature=\u00a0\u00bbyes\u00a0\u00bb bg_color=\u00a0\u00bb#f6f8fa\u00a0\u00bb padding_top=\u00a0\u00bb40px\u00a0\u00bb padding_bottom=\u00a0\u00bb40px\u00a0\u00bb margin_bottom=\u00a0\u00bb0&Prime;][vc_column]<h1 class=\"grve-element grve-title grve-align-center grve-h1 title-blue\" style=\"\"><span>+CO3SO EMPREGO INTERIOR - ADD<\/span><\/h1>[\/vc_column][\/vc_row][vc_row padding_top=\u00a0\u00bb100px\u00a0\u00bb][vc_column width=\u00a0\u00bb1\/4&Prime;]<div class=\"grve-element grve-box-icon grve-align-left grve-medium\" style=\"\">  <div class=\"grve-image-icon\"><img alt=\"icon\" src=\"https:\/\/cdn.simplyceram.com\/uploads\/2023\/06\/noun_Prize_801320.svg\" width=\"0\" height=\"0\"><\/div>  <div class=\"grve-box-content\">      <h3 class=\"grve-box-title grve-h3\">DESIGNA\u00c7\u00c3O DO PROJETO<\/h3>    <p class=\"\">+CO3SO Emprego Interior &#8211; ADD<\/p>  <\/div><\/div>[\/vc_column][vc_column width=\u00a0\u00bb1\/4&Prime;]<div class=\"grve-element grve-box-icon grve-align-left grve-medium\" style=\"\">  <div class=\"grve-image-icon\"><img alt=\"icon\" src=\"https:\/\/cdn.simplyceram.com\/uploads\/2023\/06\/noun_coding_2512425.svg\" width=\"0\" height=\"0\"><\/div>  <div class=\"grve-box-content\">      <h3 class=\"grve-box-title grve-h3\">C\u00d3DIGO DO PROJETO<\/h3>    <p class=\"\">CENTRO-05-4740-FSE-001923<\/p>  <\/div><\/div>[\/vc_column][vc_column width=\u00a0\u00bb1\/4&Prime;]<div class=\"grve-element grve-box-icon grve-align-left grve-medium\" style=\"\">  <div class=\"grve-image-icon\"><img alt=\"icon\" src=\"https:\/\/cdn.simplyceram.com\/uploads\/2023\/06\/noun_goal_2511218.svg\" width=\"0\" height=\"0\"><\/div>  <div class=\"grve-box-content\">      <h3 class=\"grve-box-title grve-h3\">OBJETIVO PRINCIPAL<\/h3>    <p class=\"\">Expandir o neg\u00f3cio da Simply Systems, por forma a posicionar-se no mercado internacional, dotando a empresa com os recursos t\u00e9cnicos humanos essenciais para o seu crescimento e evolu\u00e7\u00e3o, incrementando a for\u00e7a de trabalho no departamento de produ\u00e7\u00e3o, em todas as suas etapas.<\/p>  <\/div><\/div>[\/vc_column][vc_column width=\u00a0\u00bb1\/4&Prime;]<div class=\"grve-element grve-box-icon grve-align-left grve-medium\" style=\"\">  <div class=\"grve-image-icon\"><img alt=\"icon\" src=\"https:\/\/cdn.simplyceram.com\/uploads\/2023\/06\/noun_Location_3505554.svg\" width=\"0\" height=\"0\"><\/div>  <div class=\"grve-box-content\">      <h3 class=\"grve-box-title grve-h3\">REGI\u00c3O DE INTERVEN\u00c7\u00c3O<\/h3>    <p class=\"\">CENTRO<\/p>  <\/div><\/div>[\/vc_column][\/vc_row][vc_row padding_top=\u00a0\u00bb60px\u00a0\u00bb padding_bottom=\u00a0\u00bb60px\u00a0\u00bb][vc_column width=\u00a0\u00bb1\/4&Prime;]<div class=\"grve-element grve-box-icon grve-align-left grve-medium\" style=\"\">  <div class=\"grve-image-icon\"><img alt=\"icon\" src=\"https:\/\/cdn.simplyceram.com\/uploads\/2023\/06\/noun_company_2913664.svg\" width=\"0\" height=\"0\"><\/div>  <div class=\"grve-box-content\">      <h3 class=\"grve-box-title grve-h3\">ENTIDADE PROMOTORA<\/h3>    <p class=\"\">SIMPLY SYSTEMS, LDA<\/p>  <\/div><\/div>[\/vc_column][vc_column width=\u00a0\u00bb1\/4&Prime;]<div class=\"grve-element grve-box-icon grve-align-left grve-medium\" style=\"\">  <div class=\"grve-image-icon\"><img alt=\"icon\" src=\"https:\/\/cdn.simplyceram.com\/uploads\/2023\/06\/noun_Calendar_3506755.svg\" width=\"0\" height=\"0\"><\/div>  <div class=\"grve-box-content\">      <h3 class=\"grve-box-title grve-h3\">DATA DE APROVA\u00c7\u00c3O<\/h3>    <p class=\"\">02\/02\/2021<\/p>  <\/div><\/div>[\/vc_column][vc_column width=\u00a0\u00bb1\/4&Prime;]<div class=\"grve-element grve-box-icon grve-align-left grve-medium\" style=\"\">  <div class=\"grve-image-icon\"><img alt=\"icon\" src=\"https:\/\/cdn.simplyceram.com\/uploads\/2023\/06\/noun_Calendar_3506755.svg\" width=\"0\" height=\"0\"><\/div>  <div class=\"grve-box-content\">      <h3 class=\"grve-box-title grve-h3\">DATA DE IN\u00cdCIO<\/h3>    <p class=\"\">24\/03\/2021<\/p>  <\/div><\/div>[\/vc_column][vc_column width=\u00a0\u00bb1\/4&Prime;]<div class=\"grve-element grve-box-icon grve-align-left grve-medium\" style=\"\">  <div class=\"grve-image-icon\"><img alt=\"icon\" src=\"https:\/\/cdn.simplyceram.com\/uploads\/2023\/06\/noun_Calendar_3506755.svg\" width=\"0\" height=\"0\"><\/div>  <div class=\"grve-box-content\">      <h3 class=\"grve-box-title grve-h3\">DATA DE CONCLUS\u00c3O<\/h3>    <p class=\"\">31\/12\/2023<\/p>  <\/div><\/div>[\/vc_column][\/vc_row][vc_row padding_bottom=\u00a0\u00bb100px\u00a0\u00bb][vc_column width=\u00a0\u00bb1\/4&Prime;]<div class=\"grve-element grve-box-icon grve-align-left grve-medium\" style=\"\">  <div class=\"grve-image-icon\"><img alt=\"icon\" src=\"https:\/\/cdn.simplyceram.com\/uploads\/2023\/06\/noun_Euro_2596637.svg\" width=\"0\" height=\"0\"><\/div>  <div class=\"grve-box-content\">      <h3 class=\"grve-box-title grve-h3\">CUSTO TOTAL ELEG\u00cdVEL<\/h3>    <p class=\"\">164.656,80 \u20ac<\/p>  <\/div><\/div>[\/vc_column][vc_column width=\u00a0\u00bb1\/4&Prime;]<div class=\"grve-element grve-box-icon grve-align-left grve-medium\" style=\"\">  <div class=\"grve-image-icon\"><img alt=\"icon\" src=\"https:\/\/cdn.simplyceram.com\/uploads\/2023\/06\/noun_EU_2207360.svg\" width=\"0\" height=\"0\"><\/div>  <div class=\"grve-box-content\">      <h3 class=\"grve-box-title grve-h3\">APOIO FINANCEIRO DA UNI\u00c3O EUROPEIA<\/h3>    <p class=\"\">139.958,28 \u20ac<\/p>  <\/div><\/div>[\/vc_column][vc_column width=\u00a0\u00bb1\/4&Prime;][\/vc_column][vc_column width=\u00a0\u00bb1\/4&Prime;][\/vc_column][\/vc_row]<\/p>\n","protected":false},"excerpt":{"rendered":"<p>[vc_row bg_type=\u00a0\u00bbcolor\u00a0\u00bb header_feature=\u00a0\u00bbyes\u00a0\u00bb bg_color=\u00a0\u00bb#f6f8fa\u00a0\u00bb padding_top=\u00a0\u00bb40px\u00a0\u00bb padding_bottom=\u00a0\u00bb40px\u00a0\u00bb margin_bottom=\u00a0\u00bb0&Prime;][vc_column][\/vc_column][\/vc_row][vc_row padding_top=\u00a0\u00bb100px\u00a0\u00bb][vc_column width=\u00a0\u00bb1\/4&Prime;][\/vc_column][vc_column width=\u00a0\u00bb1\/4&Prime;][\/vc_column][vc_column width=\u00a0\u00bb1\/4&Prime;][\/vc_column][vc_column width=\u00a0\u00bb1\/4&Prime;][\/vc_column][\/vc_row][vc_row padding_top=\u00a0\u00bb60px\u00a0\u00bb padding_bottom=\u00a0\u00bb60px\u00a0\u00bb][vc_column width=\u00a0\u00bb1\/4&Prime;][\/vc_column][vc_column width=\u00a0\u00bb1\/4&Prime;][\/vc_column][vc_column width=\u00a0\u00bb1\/4&Prime;][\/vc_column][vc_column width=\u00a0\u00bb1\/4&Prime;][\/vc_column][\/vc_row][vc_row padding_bottom=\u00a0\u00bb100px\u00a0\u00bb][vc_column width=\u00a0\u00bb1\/4&Prime;][\/vc_column][vc_column width=\u00a0\u00bb1\/4&Prime;][\/vc_column][vc_column width=\u00a0\u00bb1\/4&Prime;][\/vc_column][vc_column width=\u00a0\u00bb1\/4&Prime;][\/vc_column][\/vc_row]<\/p>\n","protected":false},"author":38,"featured_media":0,"parent":0,"menu_order":0,"comment_status":"closed","ping_status":"closed","template":"","meta":{"_fr_post_content":"[vc_row bg_type=\"color\" header_feature=\"yes\" bg_color=\"#f6f8fa\" padding_top=\"40px\" padding_bottom=\"40px\" margin_bottom=\"0\"][vc_column][grve_title title=\"+CO3SO EMPREGO INTERIOR - ADD\" heading_tag=\"h1\" heading=\"h1\" align=\"center\" el_class=\"title-blue\"][\/vc_column][\/vc_row][vc_row padding_top=\"100px\"][vc_column width=\"1\/4\"][grve_icon_box icon_type=\"image\" icon_image=\"5010\" title=\"DESIGNA\u00c7\u00c3O DO PROJETO\"]+CO3SO Emprego Interior - ADD[\/grve_icon_box][\/vc_column][vc_column width=\"1\/4\"][grve_icon_box icon_type=\"image\" icon_image=\"5016\" title=\"C\u00d3DIGO DO PROJETO\"]CENTRO-05-4740-FSE-001923[\/grve_icon_box][\/vc_column][vc_column width=\"1\/4\"][grve_icon_box icon_type=\"image\" icon_image=\"5018\" title=\"OBJETIVO PRINCIPAL\"]Expandir o neg\u00f3cio da Simply Systems, por forma a posicionar-se no mercado internacional, dotando a empresa com os recursos t\u00e9cnicos humanos essenciais para o seu crescimento e evolu\u00e7\u00e3o, incrementando a for\u00e7a de trabalho no departamento de produ\u00e7\u00e3o, em todas as suas etapas.[\/grve_icon_box][\/vc_column][vc_column width=\"1\/4\"][grve_icon_box icon_type=\"image\" icon_image=\"5020\" title=\"REGI\u00c3O DE INTERVEN\u00c7\u00c3O\"]CENTRO[\/grve_icon_box][\/vc_column][\/vc_row][vc_row padding_top=\"60px\" padding_bottom=\"60px\"][vc_column width=\"1\/4\"][grve_icon_box icon_type=\"image\" icon_image=\"5022\" title=\"ENTIDADE PROMOTORA\"]SIMPLY SYSTEMS, LDA[\/grve_icon_box][\/vc_column][vc_column width=\"1\/4\"][grve_icon_box icon_type=\"image\" icon_image=\"5024\" title=\"DATA DE APROVA\u00c7\u00c3O\"]02\/02\/2021[\/grve_icon_box][\/vc_column][vc_column width=\"1\/4\"][grve_icon_box icon_type=\"image\" icon_image=\"5024\" title=\"DATA DE IN\u00cdCIO\"]24\/03\/2021[\/grve_icon_box][\/vc_column][vc_column width=\"1\/4\"][grve_icon_box icon_type=\"image\" icon_image=\"5024\" title=\"DATA DE CONCLUS\u00c3O\"]31\/12\/2023[\/grve_icon_box][\/vc_column][\/vc_row][vc_row padding_bottom=\"100px\"][vc_column width=\"1\/4\"][grve_icon_box icon_type=\"image\" icon_image=\"5027\" title=\"CUSTO TOTAL ELEG\u00cdVEL\"]164.656,80 \u20ac[\/grve_icon_box][\/vc_column][vc_column width=\"1\/4\"][grve_icon_box icon_type=\"image\" icon_image=\"5029\" title=\"APOIO FINANCEIRO DA UNI\u00c3O EUROPEIA\"]139.958,28 \u20ac[\/grve_icon_box][\/vc_column][vc_column width=\"1\/4\"][\/vc_column][vc_column width=\"1\/4\"][\/vc_column][\/vc_row]","_fr_post_name":"co3so-emprego-interior-add","_fr_post_excerpt":"","_fr_post_title":"+CO3SO Emprego Interior - ADD","_en_post_content":"[vc_row bg_type=\"color\" header_feature=\"yes\" bg_color=\"#f6f8fa\" padding_top=\"40px\" padding_bottom=\"40px\" margin_bottom=\"0\"][vc_column][grve_title title=\"+CO3SO EMPREGO INTERIOR - ADD\" heading_tag=\"h1\" heading=\"h1\" align=\"center\" el_class=\"title-blue\"][\/vc_column][\/vc_row][vc_row padding_top=\"100px\"][vc_column width=\"1\/4\"][grve_icon_box icon_type=\"image\" icon_image=\"5010\" title=\"DESIGNA\u00c7\u00c3O DO PROJETO\"]+CO3SO Emprego Interior - ADD[\/grve_icon_box][\/vc_column][vc_column width=\"1\/4\"][grve_icon_box icon_type=\"image\" icon_image=\"5016\" title=\"C\u00d3DIGO DO PROJETO\"]CENTRO-05-4740-FSE-001923[\/grve_icon_box][\/vc_column][vc_column width=\"1\/4\"][grve_icon_box icon_type=\"image\" icon_image=\"5018\" title=\"OBJETIVO PRINCIPAL\"]Expandir o neg\u00f3cio da Simply Systems, por forma a posicionar-se no mercado internacional, dotando a empresa com os recursos t\u00e9cnicos humanos essenciais para o seu crescimento e evolu\u00e7\u00e3o, incrementando a for\u00e7a de trabalho no departamento de produ\u00e7\u00e3o, em todas as suas etapas.[\/grve_icon_box][\/vc_column][vc_column width=\"1\/4\"][grve_icon_box icon_type=\"image\" icon_image=\"5020\" title=\"REGI\u00c3O DE INTERVEN\u00c7\u00c3O\"]CENTRO[\/grve_icon_box][\/vc_column][\/vc_row][vc_row padding_top=\"60px\" padding_bottom=\"60px\"][vc_column width=\"1\/4\"][grve_icon_box icon_type=\"image\" icon_image=\"5022\" title=\"ENTIDADE PROMOTORA\"]SIMPLY SYSTEMS, LDA[\/grve_icon_box][\/vc_column][vc_column width=\"1\/4\"][grve_icon_box icon_type=\"image\" icon_image=\"5024\" title=\"DATA DE APROVA\u00c7\u00c3O\"]02\/02\/2021[\/grve_icon_box][\/vc_column][vc_column width=\"1\/4\"][grve_icon_box icon_type=\"image\" icon_image=\"5024\" title=\"DATA DE IN\u00cdCIO\"]24\/03\/2021[\/grve_icon_box][\/vc_column][vc_column width=\"1\/4\"][grve_icon_box icon_type=\"image\" icon_image=\"5024\" title=\"DATA DE CONCLUS\u00c3O\"]31\/12\/2023[\/grve_icon_box][\/vc_column][\/vc_row][vc_row padding_bottom=\"100px\"][vc_column width=\"1\/4\"][grve_icon_box icon_type=\"image\" icon_image=\"5027\" title=\"CUSTO TOTAL ELEG\u00cdVEL\"]164.656,80 \u20ac[\/grve_icon_box][\/vc_column][vc_column width=\"1\/4\"][grve_icon_box icon_type=\"image\" icon_image=\"5029\" title=\"APOIO FINANCEIRO DA UNI\u00c3O EUROPEIA\"]139.958,28 \u20ac[\/grve_icon_box][\/vc_column][vc_column width=\"1\/4\"][\/vc_column][vc_column width=\"1\/4\"][\/vc_column][\/vc_row]","_en_post_name":"co3so-emprego-interior-add","_en_post_excerpt":"","_en_post_title":"+CO3SO Emprego Interior - ADD","_pt_post_content":"[vc_row bg_type=\"color\" header_feature=\"yes\" bg_color=\"#f6f8fa\" padding_top=\"40px\" padding_bottom=\"40px\" margin_bottom=\"0\"][vc_column][grve_title title=\"+CO3SO EMPREGO INTERIOR - ADD\" heading_tag=\"h1\" heading=\"h1\" align=\"center\" el_class=\"title-blue\"][\/vc_column][\/vc_row][vc_row padding_top=\"100px\"][vc_column width=\"1\/4\"][grve_icon_box icon_type=\"image\" icon_image=\"5010\" title=\"DESIGNA\u00c7\u00c3O DO PROJETO\"]+CO3SO Emprego Interior - ADD[\/grve_icon_box][\/vc_column][vc_column width=\"1\/4\"][grve_icon_box icon_type=\"image\" icon_image=\"5016\" title=\"C\u00d3DIGO DO PROJETO\"]CENTRO-05-4740-FSE-001923[\/grve_icon_box][\/vc_column][vc_column width=\"1\/4\"][grve_icon_box icon_type=\"image\" icon_image=\"5018\" title=\"OBJETIVO PRINCIPAL\"]Expandir o neg\u00f3cio da Simply Systems, por forma a posicionar-se no mercado internacional, dotando a empresa com os recursos t\u00e9cnicos humanos essenciais para o seu crescimento e evolu\u00e7\u00e3o, incrementando a for\u00e7a de trabalho no departamento de produ\u00e7\u00e3o, em todas as suas etapas.[\/grve_icon_box][\/vc_column][vc_column width=\"1\/4\"][grve_icon_box icon_type=\"image\" icon_image=\"5020\" title=\"REGI\u00c3O DE INTERVEN\u00c7\u00c3O\"]CENTRO[\/grve_icon_box][\/vc_column][\/vc_row][vc_row padding_top=\"60px\" padding_bottom=\"60px\"][vc_column width=\"1\/4\"][grve_icon_box icon_type=\"image\" icon_image=\"5022\" title=\"ENTIDADE PROMOTORA\"]SIMPLY SYSTEMS, LDA[\/grve_icon_box][\/vc_column][vc_column width=\"1\/4\"][grve_icon_box icon_type=\"image\" icon_image=\"5024\" title=\"DATA DE APROVA\u00c7\u00c3O\"]02\/02\/2021[\/grve_icon_box][\/vc_column][vc_column width=\"1\/4\"][grve_icon_box icon_type=\"image\" icon_image=\"5024\" title=\"DATA DE IN\u00cdCIO\"]24\/03\/2021[\/grve_icon_box][\/vc_column][vc_column width=\"1\/4\"][grve_icon_box icon_type=\"image\" icon_image=\"5024\" title=\"DATA DE CONCLUS\u00c3O\"]31\/12\/2023[\/grve_icon_box][\/vc_column][\/vc_row][vc_row padding_bottom=\"100px\"][vc_column width=\"1\/4\"][grve_icon_box icon_type=\"image\" icon_image=\"5027\" title=\"CUSTO TOTAL ELEG\u00cdVEL\"]164.656,80 \u20ac[\/grve_icon_box][\/vc_column][vc_column width=\"1\/4\"][grve_icon_box icon_type=\"image\" icon_image=\"5029\" title=\"APOIO FINANCEIRO DA UNI\u00c3O EUROPEIA\"]139.958,28 \u20ac[\/grve_icon_box][\/vc_column][vc_column width=\"1\/4\"][\/vc_column][vc_column width=\"1\/4\"][\/vc_column][\/vc_row][vc_row][vc_column][grve_single_image image=\"5733\" align=\"left\" el_class=\"project-image\"][\/vc_column][\/vc_row]","_pt_post_name":"co3so-emprego-interior-add","_pt_post_excerpt":"","_pt_post_title":"+CO3SO Emprego Interior - ADD","_es_post_content":"[vc_row bg_type=\"color\" header_feature=\"yes\" bg_color=\"#f6f8fa\" padding_top=\"40px\" padding_bottom=\"40px\" margin_bottom=\"0\"][vc_column][grve_title title=\"+CO3SO EMPREGO INTERIOR - ADD\" heading_tag=\"h1\" heading=\"h1\" align=\"center\" el_class=\"title-blue\"][\/vc_column][\/vc_row][vc_row padding_top=\"100px\"][vc_column width=\"1\/4\"][grve_icon_box icon_type=\"image\" icon_image=\"5010\" title=\"DESIGNA\u00c7\u00c3O DO PROJETO\"]+CO3SO Emprego Interior - ADD[\/grve_icon_box][\/vc_column][vc_column width=\"1\/4\"][grve_icon_box icon_type=\"image\" icon_image=\"5016\" title=\"C\u00d3DIGO DO PROJETO\"]CENTRO-05-4740-FSE-001923[\/grve_icon_box][\/vc_column][vc_column width=\"1\/4\"][grve_icon_box icon_type=\"image\" icon_image=\"5018\" title=\"OBJETIVO PRINCIPAL\"]Expandir o neg\u00f3cio da Simply Systems, por forma a posicionar-se no mercado internacional, dotando a empresa com os recursos t\u00e9cnicos humanos essenciais para o seu crescimento e evolu\u00e7\u00e3o, incrementando a for\u00e7a de trabalho no departamento de produ\u00e7\u00e3o, em todas as suas etapas.[\/grve_icon_box][\/vc_column][vc_column width=\"1\/4\"][grve_icon_box icon_type=\"image\" icon_image=\"5020\" title=\"REGI\u00c3O DE INTERVEN\u00c7\u00c3O\"]CENTRO[\/grve_icon_box][\/vc_column][\/vc_row][vc_row padding_top=\"60px\" padding_bottom=\"60px\"][vc_column width=\"1\/4\"][grve_icon_box icon_type=\"image\" icon_image=\"5022\" title=\"ENTIDADE PROMOTORA\"]SIMPLY SYSTEMS, LDA[\/grve_icon_box][\/vc_column][vc_column width=\"1\/4\"][grve_icon_box icon_type=\"image\" icon_image=\"5024\" title=\"DATA DE APROVA\u00c7\u00c3O\"]02\/02\/2021[\/grve_icon_box][\/vc_column][vc_column width=\"1\/4\"][grve_icon_box icon_type=\"image\" icon_image=\"5024\" title=\"DATA DE IN\u00cdCIO\"]24\/03\/2021[\/grve_icon_box][\/vc_column][vc_column width=\"1\/4\"][grve_icon_box icon_type=\"image\" icon_image=\"5024\" title=\"DATA DE CONCLUS\u00c3O\"]31\/12\/2023[\/grve_icon_box][\/vc_column][\/vc_row][vc_row padding_bottom=\"100px\"][vc_column width=\"1\/4\"][grve_icon_box icon_type=\"image\" icon_image=\"5027\" title=\"CUSTO TOTAL ELEG\u00cdVEL\"]164.656,80 \u20ac[\/grve_icon_box][\/vc_column][vc_column width=\"1\/4\"][grve_icon_box icon_type=\"image\" icon_image=\"5029\" title=\"APOIO FINANCEIRO DA UNI\u00c3O EUROPEIA\"]139.958,28 \u20ac[\/grve_icon_box][\/vc_column][vc_column width=\"1\/4\"][\/vc_column][vc_column width=\"1\/4\"][\/vc_column][\/vc_row]","_es_post_name":"co3so-emprego-interior-add","_es_post_excerpt":"","_es_post_title":"+CO3SO Emprego Interior - ADD","edit_language":"fr"},"_links":{"self":[{"href":"https:\/\/www.simplyceram.com\/fr\/wp-json\/wp\/v2\/pages\/5713"}],"collection":[{"href":"https:\/\/www.simplyceram.com\/fr\/wp-json\/wp\/v2\/pages"}],"about":[{"href":"https:\/\/www.simplyceram.com\/fr\/wp-json\/wp\/v2\/types\/page"}],"author":[{"embeddable":true,"href":"https:\/\/www.simplyceram.com\/fr\/wp-json\/wp\/v2\/users\/38"}],"replies":[{"embeddable":true,"href":"https:\/\/www.simplyceram.com\/fr\/wp-json\/wp\/v2\/comments?post=5713"}],"version-history":[{"count":5,"href":"https:\/\/www.simplyceram.com\/fr\/wp-json\/wp\/v2\/pages\/5713\/revisions"}],"predecessor-version":[{"id":5734,"href":"https:\/\/www.simplyceram.com\/fr\/wp-json\/wp\/v2\/pages\/5713\/revisions\/5734"}],"wp:attachment":[{"href":"https:\/\/www.simplyceram.com\/fr\/wp-json\/wp\/v2\/media?parent=5713"}],"curies":[{"name":"wp","href":"https:\/\/api.w.org\/{rel}","templated":true}]}}