{"id":2442,"date":"2021-04-06T15:22:23","date_gmt":"2021-04-06T15:22:23","guid":{"rendered":"https:\/\/www.simplyceram.com\/?page_id=2442"},"modified":"2023-11-27T15:12:39","modified_gmt":"2023-11-27T15:12:39","slug":"trilium-dk","status":"publish","type":"page","link":"https:\/\/www.simplyceram.com\/fr\/coloris\/trilium-dk\/","title":{"rendered":"Trilium"},"content":{"rendered":"<p>[vc_row][vc_column][vc_column_text]<strong style=\"color: #005672; font-size: 36px; font-family: Oswald; font-weight: bold;\">Trilium| <\/strong><span style=\"font-size: 28px; font-family: Oswald;\">Matte<\/span>[\/vc_column_text]<div class=\"grve-element grve-image img-magnifier-container grve-align-center\" style=\"\">  <img class=\"\" alt=\"\" src=\"https:\/\/cdn.simplyceram.com\/uploads\/2023\/10\/Trilium-Dk-Slab-e1697380655714.jpg\" width=\"1775\" height=\"807\"><\/div>[\/vc_column][\/vc_row][vc_row][vc_column][vc_empty_space height=\u00a0\u00bb20px\u00a0\u00bb][vc_column_text]<\/p>\n<p style=\"text-align: left;\"><i><em>Cette image est \u00e0 titre indicatif seulement. Le produit peut \u00eatre sujet \u00e0 de l\u00e9g\u00e8res variations de couleur, de motif et de texture.<\/em><\/i><\/p>\n<p>[\/vc_column_text][vc_empty_space height=\u00a0\u00bb22px\u00a0\u00bb]<h3 class=\"grve-element grve-title grve-align-left grve-h3 title-blue text-upper\" style=\"\"><span>SIMPLYCERAM PLUS Dimensions<\/span><\/h3>[vc_row_inner][vc_column_inner width=\u00a0\u00bb1\/3&Prime;][vc_column_text]<\/p>\n<h4><span style=\"font-size: 20px; text-align: left;\">Cr\u00e9dences<\/span><\/h4>\n<p>[\/vc_column_text][vc_column_text]<strong>Longueurs<\/strong><\/p>\n<ul>\n<li>1450 \/ 2990 mm<\/li>\n<li>57 \/ 118 pouces<\/li>\n<\/ul>\n<p><strong>Hauteurs<\/strong><\/p>\n<ul>\n<li>100\/200\/300\/650 mm<\/li>\n<li>4\u201d \/ 7.8 \/ 11.8 \/ 25.6 pouces<\/li>\n<\/ul>\n<p><strong>\u00c9paisseur<\/strong><\/p>\n<ul>\n<li>14mm<\/li>\n<li>0.5 pouces<\/li>\n<\/ul>\n<p>[\/vc_column_text][\/vc_column_inner][vc_column_inner width=\u00a0\u00bb1\/3&Prime;][vc_column_text]<\/p>\n<h4><span style=\"font-size: 20px; text-align: left;\">Plan de Travail<\/span><\/h4>\n<p>[\/vc_column_text][vc_column_text]<strong>Longueurs<\/strong><\/p>\n<ul>\n<li>1450 \/ 2990 mm<\/li>\n<li>57 \/ 118 pouces<\/li>\n<\/ul>\n<p><strong>\u00a0Largeurs<\/strong><\/p>\n<ul>\n<li>600\/620\/650\/990\/1200 mm<\/li>\n<li>23.6 \/ 24.4 \/ 25.6 \/ 39 \/47.2 pouces<\/li>\n<\/ul>\n<p><strong>\u00c9paisseurs<\/strong><\/p>\n<ul>\n<li>24 \/ 44 mm<\/li>\n<li>1 \/ 1.7 pouces<\/li>\n<\/ul>\n<p>[\/vc_column_text][\/vc_column_inner][vc_column_inner width=\u00a0\u00bb1\/3&Prime;][\/vc_column_inner][\/vc_row_inner][\/vc_column][\/vc_row][vc_row][vc_column][vc_empty_space height=\u00a0\u00bb80px\u00a0\u00bb][\/vc_column][\/vc_row][vc_row][vc_column width=\u00a0\u00bb1\/4&Prime; el_class=\u00a0\u00bbcolumn-half-m\u00a0\u00bb]<div class=\"grve-element grve-box-icon grve-align-left grve-large color-nav\" style=\"\"><a href=\"https:\/\/www.simplyceram.com\/fr\/coloris\/kreta-dk\/\" target=\"_self\">  <div class=\"grve-image-icon\"><img alt=\"icon\" src=\"https:\/\/cdn.simplyceram.com\/uploads\/2023\/10\/Kreta-Dk-Slab-1-scaled-e1697381512521.jpeg\" width=\"262\" height=\"262\"><\/div><\/a>  <div class=\"grve-box-content\">      <h3 class=\"grve-box-title grve-h3\">Kreta<\/h3>  <\/div><\/div>[\/vc_column][vc_column width=\u00a0\u00bb1\/4&Prime;][\/vc_column][vc_column width=\u00a0\u00bb1\/4&Prime;][\/vc_column][vc_column width=\u00a0\u00bb1\/4&Prime;][\/vc_column][\/vc_row]<\/p>\n","protected":false},"excerpt":{"rendered":"<p>[vc_row][vc_column][vc_column_text]Trilium| Matte[\/vc_column_text][\/vc_column][\/vc_row][vc_row][vc_column][vc_empty_space height=\u00a0\u00bb20px\u00a0\u00bb][vc_column_text] Cette image est \u00e0 titre indicatif seulement. Le produit peut \u00eatre sujet \u00e0 de l\u00e9g\u00e8res variations de couleur, de motif et de texture. [\/vc_column_text][vc_empty_space height=\u00a0\u00bb22px\u00a0\u00bb][vc_row_inner][vc_column_inner width=\u00a0\u00bb1\/3&Prime;][vc_column_text] Cr\u00e9dences [\/vc_column_text][vc_column_text]Longueurs 1450 \/ 2990 mm 57 \/ 118 pouces Hauteurs 100\/200\/300\/650 mm 4\u201d \/ 7.8 \/ 11.8 \/ 25.6 pouces \u00c9paisseur 14mm 0.5 pouces [\/vc_column_text][\/vc_column_inner][vc_column_inner [&hellip;]<\/p>\n","protected":false},"author":38,"featured_media":0,"parent":16,"menu_order":0,"comment_status":"closed","ping_status":"closed","template":"","meta":{"_fr_post_content":"[vc_row][vc_column][vc_column_text]<strong style=\"color: #005672; font-size: 36px; font-family: Oswald; font-weight: bold;\">Trilium| <\/strong><span style=\"font-size: 28px; font-family: Oswald;\">Matte<\/span>[\/vc_column_text][grve_single_image image=\"5158\"][\/vc_column][\/vc_row][vc_row][vc_column][vc_empty_space height=\"20px\"][vc_column_text]\r\n<p style=\"text-align: left;\"><i><em>Cette image est \u00e0 titre indicatif seulement. Le produit peut \u00eatre sujet \u00e0 de l\u00e9g\u00e8res variations de couleur, de motif et de texture.<\/em><\/i><\/p>\r\n[\/vc_column_text][vc_empty_space height=\"22px\"][grve_title title=\"SIMPLYCERAM PLUS Dimensions\" el_class=\"title-blue text-upper\"][vc_row_inner][vc_column_inner width=\"1\/3\"][vc_column_text]\r\n<h4><span style=\"font-size: 20px; text-align: left;\">Cr\u00e9dences<\/span><\/h4>\r\n[\/vc_column_text][vc_column_text]<strong>Longueurs<\/strong>\r\n<ul>\r\n \t<li>1450 \/ 2990 mm<\/li>\r\n \t<li>57 \/ 118 pouces<\/li>\r\n<\/ul>\r\n<strong>Hauteurs<\/strong>\r\n<ul>\r\n \t<li>100\/200\/300\/650 mm<\/li>\r\n \t<li>4\u201d \/ 7.8 \/ 11.8 \/ 25.6 pouces<\/li>\r\n<\/ul>\r\n<strong>\u00c9paisseur<\/strong>\r\n<ul>\r\n \t<li>14mm<\/li>\r\n \t<li>0.5 pouces<\/li>\r\n<\/ul>\r\n[\/vc_column_text][\/vc_column_inner][vc_column_inner width=\"1\/3\"][vc_column_text]\r\n<h4><span style=\"font-size: 20px; text-align: left;\">Plan de Travail<\/span><\/h4>\r\n[\/vc_column_text][vc_column_text]<strong>Longueurs<\/strong>\r\n<ul>\r\n \t<li>1450 \/ 2990 mm<\/li>\r\n \t<li>57 \/ 118 pouces<\/li>\r\n<\/ul>\r\n<strong>\u00a0Largeurs<\/strong>\r\n<ul>\r\n \t<li>600\/620\/650\/990\/1200 mm<\/li>\r\n \t<li>23.6 \/ 24.4 \/ 25.6 \/ 39 \/47.2 pouces<\/li>\r\n<\/ul>\r\n<strong>\u00c9paisseurs<\/strong>\r\n<ul>\r\n \t<li>24 \/ 44 mm<\/li>\r\n \t<li>1 \/ 1.7 pouces<\/li>\r\n<\/ul>\r\n[\/vc_column_text][\/vc_column_inner][vc_column_inner width=\"1\/3\"][\/vc_column_inner][\/vc_row_inner][\/vc_column][\/vc_row][vc_row][vc_column][vc_empty_space height=\"80px\"][\/vc_column][\/vc_row][vc_row][vc_column width=\"1\/4\" el_class=\"column-half-m\"][grve_icon_box icon_type=\"image\" icon_size=\"large\" icon_image=\"5162\" title=\"Kreta\" link=\"url:https%3A%2F%2Fwww.simplyceram.com%2Ffr%2Fcoloris%2Fkreta-dk%2F||\" el_class=\"color-nav\"][\/grve_icon_box][\/vc_column][vc_column width=\"1\/4\"][\/vc_column][vc_column width=\"1\/4\"][\/vc_column][vc_column width=\"1\/4\"][\/vc_column][\/vc_row]","_fr_post_name":"trilium-dk","_fr_post_excerpt":"","_fr_post_title":"Trilium","_en_post_content":"","_en_post_name":"","_en_post_excerpt":"","_en_post_title":"","_pt_post_content":"","_pt_post_name":"","_pt_post_excerpt":"","_pt_post_title":"","_es_post_content":"","_es_post_name":"","_es_post_excerpt":"","_es_post_title":"","edit_language":"fr"},"_links":{"self":[{"href":"https:\/\/www.simplyceram.com\/fr\/wp-json\/wp\/v2\/pages\/2442"}],"collection":[{"href":"https:\/\/www.simplyceram.com\/fr\/wp-json\/wp\/v2\/pages"}],"about":[{"href":"https:\/\/www.simplyceram.com\/fr\/wp-json\/wp\/v2\/types\/page"}],"author":[{"embeddable":true,"href":"https:\/\/www.simplyceram.com\/fr\/wp-json\/wp\/v2\/users\/38"}],"replies":[{"embeddable":true,"href":"https:\/\/www.simplyceram.com\/fr\/wp-json\/wp\/v2\/comments?post=2442"}],"version-history":[{"count":7,"href":"https:\/\/www.simplyceram.com\/fr\/wp-json\/wp\/v2\/pages\/2442\/revisions"}],"predecessor-version":[{"id":5609,"href":"https:\/\/www.simplyceram.com\/fr\/wp-json\/wp\/v2\/pages\/2442\/revisions\/5609"}],"up":[{"embeddable":true,"href":"https:\/\/www.simplyceram.com\/fr\/wp-json\/wp\/v2\/pages\/16"}],"wp:attachment":[{"href":"https:\/\/www.simplyceram.com\/fr\/wp-json\/wp\/v2\/media?parent=2442"}],"curies":[{"name":"wp","href":"https:\/\/api.w.org\/{rel}","templated":true}]}}