{"id":2409,"date":"2021-04-06T14:50:55","date_gmt":"2021-04-06T14:50:55","guid":{"rendered":"https:\/\/www.simplyceram.com\/?page_id=2409"},"modified":"2023-03-20T17:34:32","modified_gmt":"2023-03-20T17:34:32","slug":"lex-9","status":"publish","type":"page","link":"https:\/\/www.simplyceram.com\/fr\/coloris\/lex-9\/","title":{"rendered":"LEX 9"},"content":{"rendered":"<p>[vc_row][vc_column][vc_column_text]<strong style=\"color: #005672; font-size: 36px; font-family: Oswald; font-weight: bold;\">Limestone | <\/strong><span style=\"font-size: 28px; font-family: Oswald;\"> Satin<\/span>[\/vc_column_text]<div class=\"grve-element grve-image img-magnifier-container grve-align-center\" style=\"\">  <img class=\"\" alt=\"\" src=\"https:\/\/cdn.simplyceram.com\/uploads\/2021\/03\/LEX-9-LIMESTONE-1.png\" width=\"1772\" height=\"591\"><\/div>[\/vc_column][\/vc_row][vc_row][vc_column][vc_empty_space height=\u00a0\u00bb20px\u00a0\u00bb][vc_column_text]<\/p>\n<p style=\"text-align: left;\"><i><em>Cette image est \u00e0 titre indicatif seulement. Le produit peut \u00eatre sujet \u00e0 de l\u00e9g\u00e8res variations de couleur, de motif et de texture.<\/em><\/i><\/p>\n<p>[\/vc_column_text][vc_empty_space height=\u00a0\u00bb22px\u00a0\u00bb]<h3 class=\"grve-element grve-title grve-align-left grve-h3 title-blue text-upper\" style=\"\"><span>DIMENSIONS<\/span><\/h3>[vc_row_inner][vc_column_inner width=\u00a0\u00bb1\/3&Prime;][vc_column_text]<\/p>\n<h4><span style=\"font-size: 20px; text-align: left;\">Cr\u00e9dences<\/span><\/h4>\n<p>[\/vc_column_text][vc_column_text]<strong>2 Longueurs<\/strong><\/p>\n<ul>\n<li>1450 \/ 2990 mm<\/li>\n<li>57 \/ 118 pouces<\/li>\n<\/ul>\n<p><strong>4 Hauteurs<\/strong><\/p>\n<ul>\n<li>100\/200\/300\/650 mm<\/li>\n<li>4\u201d \/ 7.8 \/ 11.8 \/ 25.6 pouces<\/li>\n<\/ul>\n<p><strong>1 \u00c9paisseur<\/strong><\/p>\n<ul>\n<li>14mm<\/li>\n<li>0.5 pouces<\/li>\n<\/ul>\n<p>[\/vc_column_text][\/vc_column_inner][vc_column_inner width=\u00a0\u00bb1\/3&Prime;][vc_column_text]<\/p>\n<h4><span style=\"font-size: 20px; text-align: left;\"> Plan de Travail<br \/>\n<\/span><\/h4>\n<p>[\/vc_column_text][vc_column_text]<strong>2 Longueurs<\/strong><\/p>\n<ul>\n<li>1450 \/ 2990 mm<\/li>\n<li>57 \/ 118 pouces<\/li>\n<\/ul>\n<p><strong>4 Largeurs<\/strong><\/p>\n<ul>\n<li>600\/620\/650\/990 mm<\/li>\n<li>23.6 \/ 24.4 \/ 25.6 \/ 39 pouces<\/li>\n<\/ul>\n<p><strong>2 \u00c9paisseurs<\/strong><\/p>\n<ul>\n<li>24 \/ 44 mm<\/li>\n<li>1 \/ 1.7 pouces<\/li>\n<\/ul>\n<p>[\/vc_column_text][\/vc_column_inner][vc_column_inner width=\u00a0\u00bb1\/3&Prime;][\/vc_column_inner][\/vc_row_inner][\/vc_column][\/vc_row][vc_row][vc_column][vc_empty_space height=\u00a0\u00bb80px\u00a0\u00bb][\/vc_column][\/vc_row][vc_row][vc_column width=\u00a0\u00bb1\/4&Prime; el_class=\u00a0\u00bbcolumn-half-m\u00a0\u00bb]<div class=\"grve-element grve-box-icon grve-align-left grve-large color-nav\" style=\"\"><a href=\"https:\/\/www.simplyceram.com\/fr\/coloris\/lex-8\/\" target=\"_self\">  <div class=\"grve-image-icon\"><img alt=\"icon\" src=\"https:\/\/cdn.simplyceram.com\/uploads\/2021\/03\/LEX-8-BASALT.png\" width=\"263\" height=\"263\"><\/div><\/a>  <div class=\"grve-box-content\">      <h3 class=\"grve-box-title grve-h3\">Basalt<\/h3>  <\/div><\/div>[\/vc_column][vc_column width=\u00a0\u00bb1\/4&Prime; mobile_width=\u00a0\u00bbhide\u00a0\u00bb][\/vc_column][vc_column width=\u00a0\u00bb1\/4&Prime; mobile_width=\u00a0\u00bbhide\u00a0\u00bb][\/vc_column][vc_column width=\u00a0\u00bb1\/4&Prime; el_class=\u00a0\u00bbcolumn-half-m\u00a0\u00bb]<div class=\"grve-element grve-box-icon grve-align-right grve-large color-nav\" style=\"\"><a href=\"https:\/\/www.simplyceram.com\/fr\/coloris\/lex-10\/\" target=\"_self\">  <div class=\"grve-image-icon\"><img alt=\"icon\" src=\"https:\/\/cdn.simplyceram.com\/uploads\/2019\/01\/lex-10-iron-rust-simplyceram-coloris.jpg\" width=\"268\" height=\"268\"><\/div><\/a>  <div class=\"grve-box-content\">      <h3 class=\"grve-box-title grve-h3\">Iron Rust<\/h3>  <\/div><\/div>[\/vc_column][\/vc_row]<\/p>\n","protected":false},"excerpt":{"rendered":"<p>[vc_row][vc_column][vc_column_text]Limestone | Satin[\/vc_column_text][\/vc_column][\/vc_row][vc_row][vc_column][vc_empty_space height=\u00a0\u00bb20px\u00a0\u00bb][vc_column_text] Cette image est \u00e0 titre indicatif seulement. Le produit peut \u00eatre sujet \u00e0 de l\u00e9g\u00e8res variations de couleur, de motif et de texture. [\/vc_column_text][vc_empty_space height=\u00a0\u00bb22px\u00a0\u00bb][vc_row_inner][vc_column_inner width=\u00a0\u00bb1\/3&Prime;][vc_column_text] Cr\u00e9dences [\/vc_column_text][vc_column_text]2 Longueurs 1450 \/ 2990 mm 57 \/ 118 pouces 4 Hauteurs 100\/200\/300\/650 mm 4\u201d \/ 7.8 \/ 11.8 \/ 25.6 pouces 1 \u00c9paisseur [&hellip;]<\/p>\n","protected":false},"author":38,"featured_media":0,"parent":16,"menu_order":0,"comment_status":"closed","ping_status":"closed","template":"","meta":{"_fr_post_content":"[vc_row][vc_column][vc_column_text]<strong style=\"color: #005672; font-size: 36px; font-family: Oswald; font-weight: bold;\">Limestone | <\/strong><span style=\"font-size: 28px; font-family: Oswald;\"> Satin<\/span>[\/vc_column_text][grve_single_image image=\"2380\"][\/vc_column][\/vc_row][vc_row][vc_column][vc_empty_space height=\"20px\"][vc_column_text]\r\n<p style=\"text-align: left;\"><i><em>Cette image est \u00e0 titre indicatif seulement. Le produit peut \u00eatre sujet \u00e0 de l\u00e9g\u00e8res variations de couleur, de motif et de texture.<\/em><\/i><\/p>\r\n[\/vc_column_text][vc_empty_space height=\"22px\"][grve_title title=\"DIMENSIONS\" el_class=\"title-blue text-upper\"][vc_row_inner][vc_column_inner width=\"1\/3\"][vc_column_text]\r\n<h4><span style=\"font-size: 20px; text-align: left;\">Cr\u00e9dences<\/span><\/h4>\r\n[\/vc_column_text][vc_column_text]<strong>2 Longueurs<\/strong>\r\n<ul>\r\n \t<li>1450 \/ 2990 mm<\/li>\r\n \t<li>57 \/ 118 pouces<\/li>\r\n<\/ul>\r\n<strong>4 Hauteurs<\/strong>\r\n<ul>\r\n \t<li>100\/200\/300\/650 mm<\/li>\r\n \t<li>4\u201d \/ 7.8 \/ 11.8 \/ 25.6 pouces<\/li>\r\n<\/ul>\r\n<strong>1 \u00c9paisseur<\/strong>\r\n<ul>\r\n \t<li>14mm<\/li>\r\n \t<li>0.5 pouces<\/li>\r\n<\/ul>\r\n[\/vc_column_text][\/vc_column_inner][vc_column_inner width=\"1\/3\"][vc_column_text]\r\n<h4><span style=\"font-size: 20px; text-align: left;\"> Plan de Travail\r\n<\/span><\/h4>\r\n[\/vc_column_text][vc_column_text]<strong>2 Longueurs<\/strong>\r\n<ul>\r\n \t<li>1450 \/ 2990 mm<\/li>\r\n \t<li>57 \/ 118 pouces<\/li>\r\n<\/ul>\r\n<strong>4 Largeurs<\/strong>\r\n<ul>\r\n \t<li>600\/620\/650\/990 mm<\/li>\r\n \t<li>23.6 \/ 24.4 \/ 25.6 \/ 39 pouces<\/li>\r\n<\/ul>\r\n<strong>2 \u00c9paisseurs<\/strong>\r\n<ul>\r\n \t<li>24 \/ 44 mm<\/li>\r\n \t<li>1 \/ 1.7 pouces<\/li>\r\n<\/ul>\r\n[\/vc_column_text][\/vc_column_inner][vc_column_inner width=\"1\/3\"][\/vc_column_inner][\/vc_row_inner][\/vc_column][\/vc_row][vc_row][vc_column][vc_empty_space height=\"80px\"][\/vc_column][\/vc_row][vc_row][vc_column width=\"1\/4\" el_class=\"column-half-m\"][grve_icon_box icon_type=\"image\" icon_size=\"large\" icon_image=\"2369\" title=\"Basalt\" link=\"url:https%3A%2F%2Fwww.simplyceram.com%2Ffr%2Fcoloris%2Flex-8%2F||\" el_class=\"color-nav\"][\/grve_icon_box][\/vc_column][vc_column width=\"1\/4\" mobile_width=\"hide\"][\/vc_column][vc_column width=\"1\/4\" mobile_width=\"hide\"][\/vc_column][vc_column width=\"1\/4\" el_class=\"column-half-m\"][grve_icon_box icon_type=\"image\" icon_size=\"large\" align=\"right\" icon_image=\"1895\" title=\"Iron Rust\" link=\"url:https%3A%2F%2Fwww.simplyceram.com%2Ffr%2Fcoloris%2Flex-10%2F||\" el_class=\"color-nav\"][\/grve_icon_box][\/vc_column][\/vc_row]","_fr_post_name":"lex-9","_fr_post_excerpt":"","_fr_post_title":"LEX 9","_en_post_content":"[vc_row][vc_column][vc_column_text]<strong style=\"color: #005672; font-size: 36px; font-family: Oswald; font-weight: bold;\">Limestone | <\/strong><span style=\"font-size: 28px; font-family: Oswald;\"> Satin<\/span>[\/vc_column_text][grve_single_image image=\"2380\"][\/vc_column][\/vc_row][vc_row][vc_column][vc_empty_space height=\"20px\"][vc_column_text]\r\n<p style=\"text-align: left;\"><i><em>This image is for illustrative purposes only. The product may be subject to slight variations in colour, pattern and texture.<\/em><\/i><\/p>\r\n[\/vc_column_text][vc_empty_space height=\"22px\"][grve_title title=\"Dimensions\" el_class=\"title-blue text-upper\"][vc_row_inner el_class=\"hide\"][vc_column_inner width=\"1\/3\"][vc_column_text]\r\n<h4><span style=\"font-size: 20px; text-align: left;\">Upstands and splashbacks<\/span><\/h4>\r\n[\/vc_column_text][vc_column_text]<span style=\"text-align: left; font-size: 16px!important;\">14 mm<\/span>[\/vc_column_text][\/vc_column_inner][vc_column_inner width=\"1\/3\"][vc_column_text]\r\n<h4><span style=\"font-size: 20px; text-align: left;\"> Countertops <\/span><\/h4>\r\n[\/vc_column_text][vc_column_text]\r\n<p style=\"text-align: left; font-size: 16px!important;\">24 mm<\/p>\r\n<p style=\"text-align: left; font-size: 16px!important;\">44 mm<\/p>\r\n[\/vc_column_text][\/vc_column_inner][vc_column_inner width=\"1\/3\"][vc_column_text]\r\n<h4><span style=\"font-size: 20px; text-align: left;\"> Maximum length<\/span><\/h4>\r\n[\/vc_column_text][vc_column_text]\r\n<p style=\"text-align: left; font-size: 16px!important;\">2990\u00a0 mm<\/p>\r\n[\/vc_column_text][\/vc_column_inner][\/vc_row_inner][vc_row_inner][vc_column_inner width=\"1\/3\"][vc_column_text]\r\n<h4><span style=\"font-size: 20px; text-align: left;\">Backsplashes<\/span><\/h4>\r\n[\/vc_column_text][vc_column_text]<strong>Lengths<\/strong>\r\n<ul>\r\n \t<li>1450 \/ 2990 mm<\/li>\r\n \t<li>57 \/ 118 inches<\/li>\r\n<\/ul>\r\n<strong>Heights<\/strong>\r\n<ul>\r\n \t<li>100\/200\/300\/650 mm<\/li>\r\n \t<li>4\u201d \/ 7.8 \/ 11.8 \/ 25.6 inches<\/li>\r\n<\/ul>\r\n<strong>Thickness<\/strong>\r\n<ul>\r\n \t<li>14mm<\/li>\r\n \t<li>0.5 inch<\/li>\r\n<\/ul>\r\n[\/vc_column_text][\/vc_column_inner][vc_column_inner width=\"1\/3\"][vc_column_text]\r\n<h4><span style=\"font-size: 20px; text-align: left;\"> Countertops <\/span><\/h4>\r\n[\/vc_column_text][vc_column_text]<strong>Lengths<\/strong>\r\n<ul>\r\n \t<li>1450 \/ 2990 mm<\/li>\r\n \t<li>57 \/ 118 inches<\/li>\r\n<\/ul>\r\n<strong>Widths<\/strong>\r\n<ul>\r\n \t<li>600\/620\/650\/990 mm<\/li>\r\n \t<li>23.6 \/ 24.4 \/ 25.6 \/ 39 inches<\/li>\r\n<\/ul>\r\n<strong>Thickness<\/strong>\r\n<ul>\r\n \t<li>24 \/ 44 mm<\/li>\r\n \t<li>1 \/ 1.7 inches<\/li>\r\n<\/ul>\r\n[\/vc_column_text][\/vc_column_inner][vc_column_inner width=\"1\/3\"][\/vc_column_inner][\/vc_row_inner][\/vc_column][\/vc_row][vc_row][vc_column][vc_empty_space height=\"80px\"][\/vc_column][\/vc_row][vc_row][vc_column width=\"1\/4\" el_class=\"column-half-m\"][grve_icon_box icon_type=\"image\" icon_size=\"large\" icon_image=\"2369\" title=\"Basalt\" link=\"url:https%3A%2F%2Fwww.simplyceram.com%2Fen%2Fcolours%2Flex-8%2F||\" el_class=\"color-nav\"][\/grve_icon_box][\/vc_column][vc_column width=\"1\/4\" mobile_width=\"hide\"][\/vc_column][vc_column width=\"1\/4\" mobile_width=\"hide\"][\/vc_column][vc_column width=\"1\/4\" el_class=\"column-half-m\"][grve_icon_box icon_type=\"image\" icon_size=\"large\" align=\"right\" icon_image=\"1895\" title=\"Iron Rust\" link=\"url:https%3A%2F%2Fwww.simplyceram.com%2Fen%2Fcolours%2Flex-10%2F||\" el_class=\"color-nav\"][\/grve_icon_box][\/vc_column][\/vc_row]","_en_post_name":"lex-9","_en_post_excerpt":"","_en_post_title":"","_pt_post_content":"[vc_row][vc_column][vc_column_text]<strong style=\"color: #005672; font-size: 36px; font-family: Oswald; font-weight: bold;\">Limestone | <\/strong><span style=\"font-size: 28px; font-family: Oswald;\"> Satin<\/span>[\/vc_column_text][grve_single_image image=\"2380\"][\/vc_column][\/vc_row][vc_row][vc_column][vc_empty_space height=\"20px\"][vc_column_text]\r\n<p style=\"text-align: left;\"><i><em>Esta imagem tem apenas prop\u00f3sitos ilustrativos do aspecto geral do material. O produto pode estar sujeito a pequenas varia\u00e7\u00f5es de cor, padr\u00e3o e textura.<\/em><\/i><\/p>\r\n[\/vc_column_text][vc_empty_space height=\"22px\"][grve_title title=\"Dimens\u00f5es\" el_class=\"title-blue text-upper\"][vc_row_inner][vc_column_inner width=\"1\/3\"][vc_column_text]\r\n<h4><span style=\"font-size: 20px; text-align: left;\"> Forros de parede<\/span><\/h4>\r\n[\/vc_column_text][vc_column_text]<strong>2 Comprimentos<\/strong>\r\n<ul>\r\n \t<li>1450 \/ 2990 mm<\/li>\r\n \t<li>57 \/ 118 polg<\/li>\r\n<\/ul>\r\n<strong>4 Alturas<\/strong>\r\n<ul>\r\n \t<li>100\/200\/300\/650 mm<\/li>\r\n \t<li>4\u201d \/ 7.8 \/ 11.8 \/ 25.6 polg<\/li>\r\n<\/ul>\r\n<strong>1 Espessura<\/strong>\r\n<ul>\r\n \t<li>14mm<\/li>\r\n \t<li>0.5 polg<\/li>\r\n<\/ul>\r\n[\/vc_column_text][\/vc_column_inner][vc_column_inner width=\"1\/3\"][vc_column_text]\r\n<h4><span style=\"font-size: 20px; text-align: left;\"> Tampos de Cozinha<\/span><\/h4>\r\n[\/vc_column_text][vc_column_text]<strong>2 Comprimentos<\/strong>\r\n<ul>\r\n \t<li>1450 \/ 2990 mm<\/li>\r\n \t<li>57 \/ 118 polg<\/li>\r\n<\/ul>\r\n<strong>4 Larguras<\/strong>\r\n<ul>\r\n \t<li>600\/620\/650\/990 mm<\/li>\r\n \t<li>23.6 \/ 24.4 \/ 25.6 \/ 39 polg<\/li>\r\n<\/ul>\r\n<strong>2 Espessuras<\/strong>\r\n<ul>\r\n \t<li>24 \/ 44 mm<\/li>\r\n \t<li>1 \/ 1.7 polg<\/li>\r\n<\/ul>\r\n[\/vc_column_text][\/vc_column_inner][vc_column_inner width=\"1\/3\"][vc_column_text el_class=\"hidden\"]\r\n<h4><span style=\"font-size: 20px; text-align: left;\"> Comprimento max.<\/span><\/h4>\r\n[\/vc_column_text][vc_column_text el_class=\"hidden\"]\r\n<p style=\"text-align: left; font-size: 16px!important;\">2990\u00a0 mm<\/p>\r\n[\/vc_column_text][\/vc_column_inner][\/vc_row_inner][\/vc_column][\/vc_row][vc_row][vc_column][vc_empty_space height=\"80px\"][\/vc_column][\/vc_row][vc_row][vc_column width=\"1\/4\" el_class=\"column-half-m\"][grve_icon_box icon_type=\"image\" icon_size=\"large\" icon_image=\"2369\" title=\"Basalt\" link=\"url:https%3A%2F%2Fwww.simplyceram.com%2Fpt%2Fcoloris%2Flex-8%2F||\" el_class=\"color-nav\"][\/grve_icon_box][\/vc_column][vc_column width=\"1\/4\" mobile_width=\"hide\"][\/vc_column][vc_column width=\"1\/4\" mobile_width=\"hide\"][\/vc_column][vc_column width=\"1\/4\" el_class=\"column-half-m\"][grve_icon_box icon_type=\"image\" icon_size=\"large\" align=\"right\" icon_image=\"1895\" title=\"Iron Rust\" link=\"url:https%3A%2F%2Fwww.simplyceram.com%2Fpt%2Fcoloris%2Flex-10%2F||\" el_class=\"color-nav\"][\/grve_icon_box][\/vc_column][\/vc_row]","_pt_post_name":"lex-9","_pt_post_excerpt":"","_pt_post_title":"","_es_post_content":"[vc_row][vc_column][vc_column_text]<strong style=\"color: #005672; font-size: 36px; font-family: Oswald; font-weight: bold;\">Limestone | <\/strong><span style=\"font-size: 28px; font-family: Oswald;\"> Satin<\/span>[\/vc_column_text][grve_single_image image=\"2380\"][\/vc_column][\/vc_row][vc_row][vc_column][vc_empty_space height=\"20px\"][vc_column_text]\r\n<p style=\"text-align: left;\"><i><em>Esta imagen es solo para fines ilustrativos. El producto puede estar sujeto a ligeras variaciones de color, dise\u00f1o y textura.<\/em><\/i><\/p>\r\n[\/vc_column_text][vc_empty_space height=\"22px\"][grve_title title=\"Dimensiones\" el_class=\"title-blue text-upper\"][vc_row_inner][vc_column_inner width=\"1\/3\"][vc_column_text]\r\n<h4><span style=\"font-size: 20px; text-align: left;\">Panel de Pared - Cocina<\/span><\/h4>\r\n[\/vc_column_text][vc_column_text]<strong>2 Longitudes<\/strong>\r\n<ul>\r\n \t<li>1450 \/ 2990 mm<\/li>\r\n \t<li>57 \/ 118 pulg<\/li>\r\n<\/ul>\r\n<strong>4 Alturas<\/strong>\r\n<ul>\r\n \t<li>100\/200\/300\/650 mm<\/li>\r\n \t<li>4\u201d \/ 7.8 \/ 11.8 \/ 25.6 pulg<\/li>\r\n<\/ul>\r\n<strong>1 Espesor<\/strong>\r\n<ul>\r\n \t<li>14mm<\/li>\r\n \t<li>0.5 pulg<\/li>\r\n<\/ul>\r\n[\/vc_column_text][\/vc_column_inner][vc_column_inner width=\"1\/3\"][vc_column_text]\r\n<h4><span style=\"font-size: 20px; text-align: left;\"> Encimera<\/span><\/h4>\r\n[\/vc_column_text][vc_column_text]<strong>2 Longitudes<\/strong>\r\n<ul>\r\n \t<li>1450 \/ 2990 mm<\/li>\r\n \t<li>57 \/ 118 pulg<\/li>\r\n<\/ul>\r\n<strong>4 Anchuras<\/strong>\r\n<ul>\r\n \t<li>600\/620\/650\/990 mm<\/li>\r\n \t<li>23.6 \/ 24.4 \/ 25.6 \/ 39 pulg<\/li>\r\n<\/ul>\r\n<strong>2 Espesores<\/strong>\r\n<ul>\r\n \t<li>24 \/ 44 mm<\/li>\r\n \t<li>1 \/ 1.7 pulg<\/li>\r\n<\/ul>\r\n[\/vc_column_text][\/vc_column_inner][vc_column_inner width=\"1\/3\"][\/vc_column_inner][\/vc_row_inner][\/vc_column][\/vc_row][vc_row][vc_column][vc_empty_space height=\"80px\"][\/vc_column][\/vc_row][vc_row][vc_column width=\"1\/4\"][grve_icon_box icon_type=\"image\" icon_size=\"large\" icon_image=\"2369\" title=\"Basalt\" link=\"url:https%3A%2F%2Fwww.simplyceram.com%2Fes%2Fcolores%2Flex-8%2F||\" el_class=\"color-nav\"][\/grve_icon_box][\/vc_column][vc_column width=\"1\/4\"][\/vc_column][vc_column width=\"1\/4\"][\/vc_column][vc_column width=\"1\/4\"][grve_icon_box icon_type=\"image\" icon_size=\"large\" align=\"right\" icon_image=\"1895\" title=\"Iron Rust\" link=\"url:https%3A%2F%2Fwww.simplyceram.com%2Fes%2Fcolores%2Flex-10%2F||\" el_class=\"color-nav\"][\/grve_icon_box][\/vc_column][\/vc_row]","_es_post_name":"lex-9","_es_post_excerpt":"","_es_post_title":"","edit_language":"fr"},"_links":{"self":[{"href":"https:\/\/www.simplyceram.com\/fr\/wp-json\/wp\/v2\/pages\/2409"}],"collection":[{"href":"https:\/\/www.simplyceram.com\/fr\/wp-json\/wp\/v2\/pages"}],"about":[{"href":"https:\/\/www.simplyceram.com\/fr\/wp-json\/wp\/v2\/types\/page"}],"author":[{"embeddable":true,"href":"https:\/\/www.simplyceram.com\/fr\/wp-json\/wp\/v2\/users\/38"}],"replies":[{"embeddable":true,"href":"https:\/\/www.simplyceram.com\/fr\/wp-json\/wp\/v2\/comments?post=2409"}],"version-history":[{"count":39,"href":"https:\/\/www.simplyceram.com\/fr\/wp-json\/wp\/v2\/pages\/2409\/revisions"}],"predecessor-version":[{"id":4909,"href":"https:\/\/www.simplyceram.com\/fr\/wp-json\/wp\/v2\/pages\/2409\/revisions\/4909"}],"up":[{"embeddable":true,"href":"https:\/\/www.simplyceram.com\/fr\/wp-json\/wp\/v2\/pages\/16"}],"wp:attachment":[{"href":"https:\/\/www.simplyceram.com\/fr\/wp-json\/wp\/v2\/media?parent=2409"}],"curies":[{"name":"wp","href":"https:\/\/api.w.org\/{rel}","templated":true}]}}