{"id":2388,"date":"2021-03-31T14:27:10","date_gmt":"2021-03-31T14:27:10","guid":{"rendered":"https:\/\/www.simplyceram.com\/?page_id=2388"},"modified":"2021-03-31T14:27:10","modified_gmt":"2021-03-31T14:27:10","slug":"versao_2","status":"publish","type":"page","link":"https:\/\/www.simplyceram.com\/fr\/versao_2\/","title":{"rendered":"Versao_2"},"content":{"rendered":"<p>[vc_row][vc_column][vc_column_text]<strong style=\"color: #005672; font-size: 36px; font-family: Oswald; font-weight: bold;\"> LEX 3 | <\/strong><span style=\"font-size: 28px; font-family: Oswald;\">CEMENT- Satin<\/span>[\/vc_column_text]<div class=\"grve-element grve-image img-magnifier-container grve-align-center\" style=\"\">  <img class=\"\" alt=\"\" src=\"https:\/\/cdn.simplyceram.com\/uploads\/2021\/03\/LEX-3-CEMENT.png\" width=\"1772\" height=\"591\"><\/div>[vc_empty_space height=\u00a0\u00bb5px\u00a0\u00bb][\/vc_column][\/vc_row][vc_row][vc_column width=\u00a0\u00bb1\/2&Prime;][vc_empty_space height=\u00a0\u00bb20px\u00a0\u00bb]<div class=\"grve-element grve-image img-magnifier-container cores grve-align-center\" style=\"\">  <img class=\"\" alt=\"\" src=\"https:\/\/cdn.simplyceram.com\/uploads\/2021\/03\/LEX-3-CEMENT_short.png\" width=\"1088\" height=\"591\"><\/div>[vc_column_text]<\/p>\n<p style=\"text-align: left;\"><i>Esta amostra e a imagem da chapa completa tem apenas prop\u00f3sitos ilustrativos do <\/i><i>aspecto<\/i><i> geral do material. O produto pode estar sujeito a pequenas varia\u00e7\u00f5es de cor e padr\u00e3o e textura.<\/i><\/p>\n<p>[\/vc_column_text][vc_empty_space height=\u00a0\u00bb22px\u00a0\u00bb][\/vc_column][vc_column width=\u00a0\u00bb1\/2&Prime;][vc_empty_space height=\u00a0\u00bb22px\u00a0\u00bb][vc_row_inner][vc_column_inner width=\u00a0\u00bb1\/3&Prime;][vc_column_text]<\/p>\n<h4><span style=\"font-size: 20px; text-align: left;\"> Forros de parede<\/span><\/h4>\n<p>[\/vc_column_text][vc_column_text]<span style=\"text-align: left; font-size: 16px!important;\">14 mm<\/span>[\/vc_column_text][\/vc_column_inner][vc_column_inner width=\u00a0\u00bb1\/3&Prime;][vc_column_text]<\/p>\n<h4><span style=\"font-size: 20px; text-align: left;\"> Tampos de Cozinha<\/span><\/h4>\n<p>[\/vc_column_text][vc_column_text]<\/p>\n<p style=\"text-align: left; font-size: 16px!important;\">24 mm<\/p>\n<p style=\"text-align: left; font-size: 16px!important;\">44 mm<\/p>\n<p>[\/vc_column_text][\/vc_column_inner][vc_column_inner width=\u00a0\u00bb1\/3&Prime;][vc_column_text]<\/p>\n<h4><span style=\"font-size: 20px; text-align: left;\"> Comprimento max.<\/span><\/h4>\n<p>[\/vc_column_text][vc_column_text]<\/p>\n<p style=\"text-align: left; font-size: 16px!important;\">2990\u00a0 mm<\/p>\n<p>[\/vc_column_text][\/vc_column_inner][\/vc_row_inner][\/vc_column][\/vc_row]<\/p>\n","protected":false},"excerpt":{"rendered":"<p>[vc_row][vc_column][vc_column_text] LEX 3 | CEMENT- Satin[\/vc_column_text][vc_empty_space height=\u00a0\u00bb5px\u00a0\u00bb][\/vc_column][\/vc_row][vc_row][vc_column width=\u00a0\u00bb1\/2&Prime;][vc_empty_space height=\u00a0\u00bb20px\u00a0\u00bb][vc_column_text] Esta amostra e a imagem da chapa completa tem apenas prop\u00f3sitos ilustrativos do aspecto geral do material. O produto pode estar sujeito a pequenas varia\u00e7\u00f5es de cor e padr\u00e3o e textura. [\/vc_column_text][vc_empty_space height=\u00a0\u00bb22px\u00a0\u00bb][\/vc_column][vc_column width=\u00a0\u00bb1\/2&Prime;][vc_empty_space height=\u00a0\u00bb22px\u00a0\u00bb][vc_row_inner][vc_column_inner width=\u00a0\u00bb1\/3&Prime;][vc_column_text] Forros de parede [\/vc_column_text][vc_column_text]14 mm[\/vc_column_text][\/vc_column_inner][vc_column_inner width=\u00a0\u00bb1\/3&Prime;][vc_column_text] Tampos de Cozinha [\/vc_column_text][vc_column_text] [&hellip;]<\/p>\n","protected":false},"author":38,"featured_media":0,"parent":0,"menu_order":0,"comment_status":"closed","ping_status":"closed","template":"","meta":{"_fr_post_content":"[vc_row][vc_column][vc_column_text]<strong style=\"color: #005672; font-size: 36px; font-family: Oswald; font-weight: bold;\"> LEX 3 | <\/strong><span style=\"font-size: 28px; font-family: Oswald;\">CEMENT- Satin<\/span>[\/vc_column_text][grve_single_image image=\"2210\"][vc_empty_space height=\"5px\"][\/vc_column][\/vc_row][vc_row][vc_column width=\"1\/2\"][vc_empty_space height=\"20px\"][grve_single_image image=\"2300\" el_class=\"cores\"][vc_column_text]\r\n<p style=\"text-align: left;\"><i>Esta amostra e a imagem da chapa completa tem apenas prop\u00f3sitos ilustrativos do <\/i><i>aspecto<\/i><i> geral do material. O produto pode estar sujeito a pequenas varia\u00e7\u00f5es de cor e padr\u00e3o e textura.<\/i><\/p>\r\n[\/vc_column_text][vc_empty_space height=\"22px\"][\/vc_column][vc_column width=\"1\/2\"][vc_empty_space height=\"22px\"][vc_row_inner][vc_column_inner width=\"1\/3\"][vc_column_text]\r\n<h4><span style=\"font-size: 20px; text-align: left;\"> Forros de parede<\/span><\/h4>\r\n[\/vc_column_text][vc_column_text]<span style=\"text-align: left; font-size: 16px!important;\">14 mm<\/span>[\/vc_column_text][\/vc_column_inner][vc_column_inner width=\"1\/3\"][vc_column_text]\r\n<h4><span style=\"font-size: 20px; text-align: left;\"> Tampos de Cozinha<\/span><\/h4>\r\n[\/vc_column_text][vc_column_text]\r\n<p style=\"text-align: left; font-size: 16px!important;\">24 mm<\/p>\r\n<p style=\"text-align: left; font-size: 16px!important;\">44 mm<\/p>\r\n[\/vc_column_text][\/vc_column_inner][vc_column_inner width=\"1\/3\"][vc_column_text]\r\n<h4><span style=\"font-size: 20px; text-align: left;\"> Comprimento max.<\/span><\/h4>\r\n[\/vc_column_text][vc_column_text]\r\n<p style=\"text-align: left; font-size: 16px!important;\">2990\u00a0 mm<\/p>\r\n[\/vc_column_text][\/vc_column_inner][\/vc_row_inner][\/vc_column][\/vc_row]","_fr_post_name":"versao_2","_fr_post_excerpt":"","_fr_post_title":"Versao_2","_en_post_content":"","_en_post_name":"","_en_post_excerpt":"","_en_post_title":"","_pt_post_content":"[vc_row][vc_column][vc_column_text]<strong style=\"color: #005672; font-size: 36px; font-family: Oswald; font-weight: bold;\"> LEX 3 | <\/strong><span style=\"font-size: 28px; font-family: Oswald;\">CEMENT- Satin<\/span>[\/vc_column_text][grve_single_image image=\"2210\"][\/vc_column][\/vc_row][vc_row][vc_column][vc_empty_space height=\"20px\"][vc_column_text]\n<p style=\"text-align: left;\"><i>Esta amostra e a imagem da chapa completa tem apenas prop\u00f3sitos ilustrativos do <\/i><i>aspecto<\/i><i> geral do material. O produto pode estar sujeito a pequenas varia\u00e7\u00f5es de cor e padr\u00e3o e textura.<\/i><\/p>\n[\/vc_column_text][vc_empty_space height=\"22px\"][vc_row_inner][vc_column_inner width=\"1\/3\"][vc_column_text]\n<h4><span style=\"font-size: 20px; text-align: left;\"> Forros de parede<\/span><\/h4>\n[\/vc_column_text][vc_column_text]<span style=\"text-align: left; font-size: 16px!important;\">14 mm<\/span>[\/vc_column_text][\/vc_column_inner][vc_column_inner width=\"1\/3\"][vc_column_text]\n<h4><span style=\"font-size: 20px; text-align: left;\"> Tampos de Cozinha<\/span><\/h4>\n[\/vc_column_text][vc_column_text]\n<p style=\"text-align: left; font-size: 16px!important;\">24 mm<\/p>\n<p style=\"text-align: left; font-size: 16px!important;\">44 mm<\/p>\n[\/vc_column_text][\/vc_column_inner][vc_column_inner width=\"1\/3\"][vc_column_text]\n<h4><span style=\"font-size: 20px; text-align: left;\"> Comprimento max.<\/span><\/h4>\n[\/vc_column_text][vc_column_text]\n<p style=\"text-align: left; font-size: 16px!important;\">2990\u00a0 mm<\/p>\n[\/vc_column_text][\/vc_column_inner][\/vc_row_inner][\/vc_column][\/vc_row]","_pt_post_name":"lex-3-cement-satin","_pt_post_excerpt":"","_pt_post_title":"LEX 3 | CEMENT- Satin","_es_post_content":"","_es_post_name":"","_es_post_excerpt":"","_es_post_title":"","edit_language":"fr"},"_links":{"self":[{"href":"https:\/\/www.simplyceram.com\/fr\/wp-json\/wp\/v2\/pages\/2388"}],"collection":[{"href":"https:\/\/www.simplyceram.com\/fr\/wp-json\/wp\/v2\/pages"}],"about":[{"href":"https:\/\/www.simplyceram.com\/fr\/wp-json\/wp\/v2\/types\/page"}],"author":[{"embeddable":true,"href":"https:\/\/www.simplyceram.com\/fr\/wp-json\/wp\/v2\/users\/38"}],"replies":[{"embeddable":true,"href":"https:\/\/www.simplyceram.com\/fr\/wp-json\/wp\/v2\/comments?post=2388"}],"version-history":[{"count":9,"href":"https:\/\/www.simplyceram.com\/fr\/wp-json\/wp\/v2\/pages\/2388\/revisions"}],"predecessor-version":[{"id":2397,"href":"https:\/\/www.simplyceram.com\/fr\/wp-json\/wp\/v2\/pages\/2388\/revisions\/2397"}],"wp:attachment":[{"href":"https:\/\/www.simplyceram.com\/fr\/wp-json\/wp\/v2\/media?parent=2388"}],"curies":[{"name":"wp","href":"https:\/\/api.w.org\/{rel}","templated":true}]}}