{"id":5704,"date":"2024-01-31T14:38:01","date_gmt":"2024-01-31T14:38:01","guid":{"rendered":"https:\/\/www.simplyceram.com\/fr\/?page_id=5704"},"modified":"2024-02-07T14:05:51","modified_gmt":"2024-02-07T14:05:51","slug":"reforco-de-capacidade-produtiva","status":"publish","type":"page","link":"https:\/\/www.simplyceram.com\/es\/reforco-de-capacidade-produtiva\/","title":{"rendered":"Refor\u00e7o de Capacidade Produtiva","raw":"Refor\u00e7o de Capacidade Produtiva"},"content":{"rendered":"<p>[vc_row bg_type=&#8221;color&#8221; header_feature=&#8221;yes&#8221; bg_color=&#8221;#f6f8fa&#8221; padding_top=&#8221;40px&#8221; padding_bottom=&#8221;40px&#8221; margin_bottom=&#8221;0&#8243;][vc_column]<h1 class=\"grve-element grve-title grve-align-center grve-h1 title-blue\" style=\"\"><span>REFOR\u00c7O DE CAPACIDADE PRODUTIVA<\/span><\/h1>[\/vc_column][\/vc_row][vc_row padding_top=&#8221;100px&#8221;][vc_column width=&#8221;1\/4&#8243;]<div class=\"grve-element grve-box-icon grve-align-left grve-medium\" style=\"\">  <div class=\"grve-image-icon\"><img alt=\"icon\" src=\"https:\/\/cdn.simplyceram.com\/uploads\/2023\/06\/noun_Prize_801320.svg\" width=\"0\" height=\"0\"><\/div>  <div class=\"grve-box-content\">      <h3 class=\"grve-box-title grve-h3\">DESIGNA\u00c7\u00c3O DO PROJETO<\/h3>    <p class=\"\">SimplyCeram &#8211; Refor\u00e7o da capacidade produtiva<\/p>  <\/div><\/div>[\/vc_column][vc_column width=&#8221;1\/4&#8243;]<div class=\"grve-element grve-box-icon grve-align-left grve-medium\" style=\"\">  <div class=\"grve-image-icon\"><img alt=\"icon\" src=\"https:\/\/cdn.simplyceram.com\/uploads\/2023\/06\/noun_coding_2512425.svg\" width=\"0\" height=\"0\"><\/div>  <div class=\"grve-box-content\">      <h3 class=\"grve-box-title grve-h3\">C\u00d3DIGO DO PROJETO<\/h3>    <p class=\"\">CENTRO-04-38D7-FEDER-000036<\/p>  <\/div><\/div>[\/vc_column][vc_column width=&#8221;1\/4&#8243;]<div class=\"grve-element grve-box-icon grve-align-left grve-medium\" style=\"\">  <div class=\"grve-image-icon\"><img alt=\"icon\" src=\"https:\/\/cdn.simplyceram.com\/uploads\/2023\/06\/noun_goal_2511218.svg\" width=\"0\" height=\"0\"><\/div>  <div class=\"grve-box-content\">      <h3 class=\"grve-box-title grve-h3\">OBJETIVO PRINCIPAL<\/h3>    <p class=\"\">Aumentar a capacidade de produ\u00e7\u00e3o e colmatar de forma imediata os constrangimentos industriais existentes.<\/p>  <\/div><\/div>[\/vc_column][vc_column width=&#8221;1\/4&#8243;]<div class=\"grve-element grve-box-icon grve-align-left grve-medium\" style=\"\">  <div class=\"grve-image-icon\"><img alt=\"icon\" src=\"https:\/\/cdn.simplyceram.com\/uploads\/2023\/06\/noun_Location_3505554.svg\" width=\"0\" height=\"0\"><\/div>  <div class=\"grve-box-content\">      <h3 class=\"grve-box-title grve-h3\">REGI\u00c3O DE INTERVEN\u00c7\u00c3O<\/h3>    <p class=\"\">Centro<\/p>  <\/div><\/div>[\/vc_column][\/vc_row][vc_row padding_top=&#8221;60px&#8221; padding_bottom=&#8221;60px&#8221;][vc_column width=&#8221;1\/4&#8243;]<div class=\"grve-element grve-box-icon grve-align-left grve-medium\" style=\"\">  <div class=\"grve-image-icon\"><img alt=\"icon\" src=\"https:\/\/cdn.simplyceram.com\/uploads\/2023\/06\/noun_company_2913664.svg\" width=\"0\" height=\"0\"><\/div>  <div class=\"grve-box-content\">      <h3 class=\"grve-box-title grve-h3\">ENTIDADE PROMOTORA<\/h3>    <p class=\"\">Simply Systems, Lda<\/p>  <\/div><\/div>[\/vc_column][vc_column width=&#8221;1\/4&#8243;]<div class=\"grve-element grve-box-icon grve-align-left grve-medium\" style=\"\">  <div class=\"grve-image-icon\"><img alt=\"icon\" src=\"https:\/\/cdn.simplyceram.com\/uploads\/2023\/06\/noun_Calendar_3506755.svg\" width=\"0\" height=\"0\"><\/div>  <div class=\"grve-box-content\">      <h3 class=\"grve-box-title grve-h3\">DATA DE APROVA\u00c7\u00c3O<\/h3>    <p class=\"\">03-05-2022<\/p>  <\/div><\/div>[\/vc_column][vc_column width=&#8221;1\/4&#8243;]<div class=\"grve-element grve-box-icon grve-align-left grve-medium\" style=\"\">  <div class=\"grve-image-icon\"><img alt=\"icon\" src=\"https:\/\/cdn.simplyceram.com\/uploads\/2023\/06\/noun_Calendar_3506755.svg\" width=\"0\" height=\"0\"><\/div>  <div class=\"grve-box-content\">      <h3 class=\"grve-box-title grve-h3\">DATA DE IN\u00cdCIO<\/h3>    <p class=\"\">25-01-2021<\/p>  <\/div><\/div>[\/vc_column][vc_column width=&#8221;1\/4&#8243;]<div class=\"grve-element grve-box-icon grve-align-left grve-medium\" style=\"\">  <div class=\"grve-image-icon\"><img alt=\"icon\" src=\"https:\/\/cdn.simplyceram.com\/uploads\/2023\/06\/noun_Calendar_3506755.svg\" width=\"0\" height=\"0\"><\/div>  <div class=\"grve-box-content\">      <h3 class=\"grve-box-title grve-h3\">DATA DE CONCLUS\u00c3O<\/h3>    <p class=\"\">21-01-2022<\/p>  <\/div><\/div>[\/vc_column][\/vc_row][vc_row padding_bottom=&#8221;100px&#8221;][vc_column width=&#8221;1\/4&#8243;]<div class=\"grve-element grve-box-icon grve-align-left grve-medium\" style=\"\">  <div class=\"grve-image-icon\"><img alt=\"icon\" src=\"https:\/\/cdn.simplyceram.com\/uploads\/2023\/06\/noun_Euro_2596637.svg\" width=\"0\" height=\"0\"><\/div>  <div class=\"grve-box-content\">      <h3 class=\"grve-box-title grve-h3\">CUSTO TOTAL ELEG\u00cdVEL<\/h3>    <p class=\"\">229.000,00 \u20ac<\/p>  <\/div><\/div>[\/vc_column][vc_column width=&#8221;1\/4&#8243;]<div class=\"grve-element grve-box-icon grve-align-left grve-medium\" style=\"\">  <div class=\"grve-image-icon\"><img alt=\"icon\" src=\"https:\/\/cdn.simplyceram.com\/uploads\/2023\/06\/noun_EU_2207360.svg\" width=\"0\" height=\"0\"><\/div>  <div class=\"grve-box-content\">      <h3 class=\"grve-box-title grve-h3\">APOIO FINANCEIRO DA UNI\u00c3O EUROPEIA<\/h3>    <p class=\"\">35.343,20 \u20ac<\/p>  <\/div><\/div>[\/vc_column][vc_column width=&#8221;1\/4&#8243;][\/vc_column][vc_column width=&#8221;1\/4&#8243;][\/vc_column][\/vc_row]<\/p>\n","protected":false,"raw":"[vc_row bg_type=\"color\" header_feature=\"yes\" bg_color=\"#f6f8fa\" padding_top=\"40px\" padding_bottom=\"40px\" margin_bottom=\"0\"][vc_column][grve_title title=\"REFOR\u00c7O DE CAPACIDADE PRODUTIVA\" heading_tag=\"h1\" heading=\"h1\" align=\"center\" el_class=\"title-blue\"][\/vc_column][\/vc_row][vc_row padding_top=\"100px\"][vc_column width=\"1\/4\"][grve_icon_box icon_type=\"image\" icon_image=\"5010\" title=\"DESIGNA\u00c7\u00c3O DO PROJETO\"]SimplyCeram - Refor\u00e7o da capacidade produtiva[\/grve_icon_box][\/vc_column][vc_column width=\"1\/4\"][grve_icon_box icon_type=\"image\" icon_image=\"5016\" title=\"C\u00d3DIGO DO PROJETO\"]CENTRO-04-38D7-FEDER-000036[\/grve_icon_box][\/vc_column][vc_column width=\"1\/4\"][grve_icon_box icon_type=\"image\" icon_image=\"5018\" title=\"OBJETIVO PRINCIPAL\"]Aumentar a capacidade de produ\u00e7\u00e3o e colmatar de forma imediata os constrangimentos industriais existentes.[\/grve_icon_box][\/vc_column][vc_column width=\"1\/4\"][grve_icon_box icon_type=\"image\" icon_image=\"5020\" title=\"REGI\u00c3O DE INTERVEN\u00c7\u00c3O\"]Centro[\/grve_icon_box][\/vc_column][\/vc_row][vc_row padding_top=\"60px\" padding_bottom=\"60px\"][vc_column width=\"1\/4\"][grve_icon_box icon_type=\"image\" icon_image=\"5022\" title=\"ENTIDADE PROMOTORA\"]Simply Systems, Lda[\/grve_icon_box][\/vc_column][vc_column width=\"1\/4\"][grve_icon_box icon_type=\"image\" icon_image=\"5024\" title=\"DATA DE APROVA\u00c7\u00c3O\"]03-05-2022[\/grve_icon_box][\/vc_column][vc_column width=\"1\/4\"][grve_icon_box icon_type=\"image\" icon_image=\"5024\" title=\"DATA DE IN\u00cdCIO\"]25-01-2021[\/grve_icon_box][\/vc_column][vc_column width=\"1\/4\"][grve_icon_box icon_type=\"image\" icon_image=\"5024\" title=\"DATA DE CONCLUS\u00c3O\"]21-01-2022[\/grve_icon_box][\/vc_column][\/vc_row][vc_row padding_bottom=\"100px\"][vc_column width=\"1\/4\"][grve_icon_box icon_type=\"image\" icon_image=\"5027\" title=\"CUSTO TOTAL ELEG\u00cdVEL\"]229.000,00 \u20ac[\/grve_icon_box][\/vc_column][vc_column width=\"1\/4\"][grve_icon_box icon_type=\"image\" icon_image=\"5029\" title=\"APOIO FINANCEIRO DA UNI\u00c3O EUROPEIA\"]35.343,20 \u20ac[\/grve_icon_box][\/vc_column][vc_column width=\"1\/4\"][\/vc_column][vc_column width=\"1\/4\"][\/vc_column][\/vc_row]"},"excerpt":{"rendered":"[vc_row bg_type=\"color\" header_feature=\"yes\" bg_color=\"#f6f8fa\" padding_top=\"40px\" padding_bottom=\"40px\" margin_bottom=\"0\"][vc_column]REFOR\u00c7O DE CAPACIDADE PRODUTIVA[\/vc_column][\/vc_row][vc_row padding_top=\"100px\"][vc_column width=\"1\/4\"] DESIGNA\u00c7\u00c3O DO PROJETO SimplyCeram - Refor\u00e7o da capacidade produtiva [\/vc_column][vc_column width=\"1\/4\"] C\u00d3DIGO DO PROJETO CENTRO-04-38D7-FEDER-000036 [\/vc_column][vc_column width=\"1\/4\"] OBJETIVO PRINCIPAL Aumentar a capacidade de produ\u00e7\u00e3o e colmatar de forma imediata os constrangimentos industriais existentes. [\/vc_column][vc_column width=\"1\/4\"] REGI\u00c3O DE INTERVEN\u00c7\u00c3O Centro [\/vc_column][\/vc_row][vc_row padding_top=\"60px\" padding_bottom=\"60px\"][vc_column width=\"1\/4\"] [...]","protected":false,"raw":""},"author":38,"featured_media":0,"parent":0,"menu_order":0,"comment_status":"closed","ping_status":"closed","template":"","meta":{"_fr_post_content":"[vc_row bg_type=\"color\" header_feature=\"yes\" bg_color=\"#f6f8fa\" padding_top=\"40px\" padding_bottom=\"40px\" margin_bottom=\"0\"][vc_column][grve_title title=\"REFOR\u00c7O DE CAPACIDADE PRODUTIVA\" heading_tag=\"h1\" heading=\"h1\" align=\"center\" el_class=\"title-blue\"][\/vc_column][\/vc_row][vc_row padding_top=\"100px\"][vc_column width=\"1\/4\"][grve_icon_box icon_type=\"image\" icon_image=\"5010\" title=\"DESIGNA\u00c7\u00c3O DO PROJETO\"]SimplyCeram - Refor\u00e7o da capacidade produtiva[\/grve_icon_box][\/vc_column][vc_column width=\"1\/4\"][grve_icon_box icon_type=\"image\" icon_image=\"5016\" title=\"C\u00d3DIGO DO PROJETO\"]CENTRO-04-38D7-FEDER-000036[\/grve_icon_box][\/vc_column][vc_column width=\"1\/4\"][grve_icon_box icon_type=\"image\" icon_image=\"5018\" title=\"OBJETIVO PRINCIPAL\"]Aumentar a capacidade de produ\u00e7\u00e3o e colmatar de forma imediata os constrangimentos industriais existentes.[\/grve_icon_box][\/vc_column][vc_column width=\"1\/4\"][grve_icon_box icon_type=\"image\" icon_image=\"5020\" title=\"REGI\u00c3O DE INTERVEN\u00c7\u00c3O\"]Centro[\/grve_icon_box][\/vc_column][\/vc_row][vc_row padding_top=\"60px\" padding_bottom=\"60px\"][vc_column width=\"1\/4\"][grve_icon_box icon_type=\"image\" icon_image=\"5022\" title=\"ENTIDADE PROMOTORA\"]Simply Systems, Lda[\/grve_icon_box][\/vc_column][vc_column width=\"1\/4\"][grve_icon_box icon_type=\"image\" icon_image=\"5024\" title=\"DATA DE APROVA\u00c7\u00c3O\"]03-05-2022[\/grve_icon_box][\/vc_column][vc_column width=\"1\/4\"][grve_icon_box icon_type=\"image\" icon_image=\"5024\" title=\"DATA DE IN\u00cdCIO\"]25-01-2021[\/grve_icon_box][\/vc_column][vc_column width=\"1\/4\"][grve_icon_box icon_type=\"image\" icon_image=\"5024\" title=\"DATA DE CONCLUS\u00c3O\"]21-01-2022[\/grve_icon_box][\/vc_column][\/vc_row][vc_row padding_bottom=\"100px\"][vc_column width=\"1\/4\"][grve_icon_box icon_type=\"image\" icon_image=\"5027\" title=\"CUSTO TOTAL ELEG\u00cdVEL\"]229.000,00 \u20ac[\/grve_icon_box][\/vc_column][vc_column width=\"1\/4\"][grve_icon_box icon_type=\"image\" icon_image=\"5029\" title=\"APOIO FINANCEIRO DA UNI\u00c3O EUROPEIA\"]35.343,20 \u20ac[\/grve_icon_box][\/vc_column][vc_column width=\"1\/4\"][\/vc_column][vc_column width=\"1\/4\"][\/vc_column][\/vc_row]","_fr_post_name":"reforco-de-capacidade-produtiva","_fr_post_excerpt":"","_fr_post_title":"Refor\u00e7o de Capacidade Produtiva","_en_post_content":"[vc_row bg_type=\"color\" header_feature=\"yes\" bg_color=\"#f6f8fa\" padding_top=\"40px\" padding_bottom=\"40px\" margin_bottom=\"0\"][vc_column][grve_title title=\"REFOR\u00c7O DE CAPACIDADE PRODUTIVA\" heading_tag=\"h1\" heading=\"h1\" align=\"center\" el_class=\"title-blue\"][\/vc_column][\/vc_row][vc_row padding_top=\"100px\"][vc_column width=\"1\/4\"][grve_icon_box icon_type=\"image\" icon_image=\"5010\" title=\"DESIGNA\u00c7\u00c3O DO PROJETO\"]SimplyCeram - Refor\u00e7o da capacidade produtiva[\/grve_icon_box][\/vc_column][vc_column width=\"1\/4\"][grve_icon_box icon_type=\"image\" icon_image=\"5016\" title=\"C\u00d3DIGO DO PROJETO\"]CENTRO-04-38D7-FEDER-000036[\/grve_icon_box][\/vc_column][vc_column width=\"1\/4\"][grve_icon_box icon_type=\"image\" icon_image=\"5018\" title=\"OBJETIVO PRINCIPAL\"]Aumentar a capacidade de produ\u00e7\u00e3o e colmatar de forma imediata os constrangimentos industriais existentes.[\/grve_icon_box][\/vc_column][vc_column width=\"1\/4\"][grve_icon_box icon_type=\"image\" icon_image=\"5020\" title=\"REGI\u00c3O DE INTERVEN\u00c7\u00c3O\"]Centro[\/grve_icon_box][\/vc_column][\/vc_row][vc_row padding_top=\"60px\" padding_bottom=\"60px\"][vc_column width=\"1\/4\"][grve_icon_box icon_type=\"image\" icon_image=\"5022\" title=\"ENTIDADE PROMOTORA\"]Simply Systems, Lda[\/grve_icon_box][\/vc_column][vc_column width=\"1\/4\"][grve_icon_box icon_type=\"image\" icon_image=\"5024\" title=\"DATA DE APROVA\u00c7\u00c3O\"]03-05-2022[\/grve_icon_box][\/vc_column][vc_column width=\"1\/4\"][grve_icon_box icon_type=\"image\" icon_image=\"5024\" title=\"DATA DE IN\u00cdCIO\"]25-01-2021[\/grve_icon_box][\/vc_column][vc_column width=\"1\/4\"][grve_icon_box icon_type=\"image\" icon_image=\"5024\" title=\"DATA DE CONCLUS\u00c3O\"]21-01-2022[\/grve_icon_box][\/vc_column][\/vc_row][vc_row padding_bottom=\"100px\"][vc_column width=\"1\/4\"][grve_icon_box icon_type=\"image\" icon_image=\"5027\" title=\"CUSTO TOTAL ELEG\u00cdVEL\"]229.000,00 \u20ac[\/grve_icon_box][\/vc_column][vc_column width=\"1\/4\"][grve_icon_box icon_type=\"image\" icon_image=\"5029\" title=\"APOIO FINANCEIRO DA UNI\u00c3O EUROPEIA\"]35.343,20 \u20ac[\/grve_icon_box][\/vc_column][vc_column width=\"1\/4\"][\/vc_column][vc_column width=\"1\/4\"][\/vc_column][\/vc_row]","_en_post_name":"reforco-de-capacidade-produtiva","_en_post_excerpt":"","_en_post_title":"Refor\u00e7o de Capacidade Produtiva","_pt_post_content":"[vc_row bg_type=\"color\" header_feature=\"yes\" bg_color=\"#f6f8fa\" padding_top=\"40px\" padding_bottom=\"40px\" margin_bottom=\"0\"][vc_column][grve_title title=\"REFOR\u00c7O DE CAPACIDADE PRODUTIVA\" heading_tag=\"h1\" heading=\"h1\" align=\"center\" el_class=\"title-blue\"][\/vc_column][\/vc_row][vc_row padding_top=\"100px\"][vc_column width=\"1\/4\"][grve_icon_box icon_type=\"image\" icon_image=\"5010\" title=\"DESIGNA\u00c7\u00c3O DO PROJETO\"]SimplyCeram - Refor\u00e7o da capacidade produtiva[\/grve_icon_box][\/vc_column][vc_column width=\"1\/4\"][grve_icon_box icon_type=\"image\" icon_image=\"5016\" title=\"C\u00d3DIGO DO PROJETO\"]CENTRO-04-38D7-FEDER-000036[\/grve_icon_box][\/vc_column][vc_column width=\"1\/4\"][grve_icon_box icon_type=\"image\" icon_image=\"5018\" title=\"OBJETIVO PRINCIPAL\"]Aumentar a capacidade de produ\u00e7\u00e3o e colmatar de forma imediata os constrangimentos industriais existentes.[\/grve_icon_box][\/vc_column][vc_column width=\"1\/4\"][grve_icon_box icon_type=\"image\" icon_image=\"5020\" title=\"REGI\u00c3O DE INTERVEN\u00c7\u00c3O\"]Centro[\/grve_icon_box][\/vc_column][\/vc_row][vc_row padding_top=\"60px\" padding_bottom=\"60px\"][vc_column width=\"1\/4\"][grve_icon_box icon_type=\"image\" icon_image=\"5022\" title=\"ENTIDADE PROMOTORA\"]Simply Systems, Lda[\/grve_icon_box][\/vc_column][vc_column width=\"1\/4\"][grve_icon_box icon_type=\"image\" icon_image=\"5024\" title=\"DATA DE APROVA\u00c7\u00c3O\"]03-05-2022[\/grve_icon_box][\/vc_column][vc_column width=\"1\/4\"][grve_icon_box icon_type=\"image\" icon_image=\"5024\" title=\"DATA DE IN\u00cdCIO\"]25-01-2021[\/grve_icon_box][\/vc_column][vc_column width=\"1\/4\"][grve_icon_box icon_type=\"image\" icon_image=\"5024\" title=\"DATA DE CONCLUS\u00c3O\"]21-01-2022[\/grve_icon_box][\/vc_column][\/vc_row][vc_row padding_bottom=\"100px\"][vc_column width=\"1\/4\"][grve_icon_box icon_type=\"image\" icon_image=\"5027\" title=\"CUSTO TOTAL ELEG\u00cdVEL\"]229.000,00 \u20ac[\/grve_icon_box][\/vc_column][vc_column width=\"1\/4\"][grve_icon_box icon_type=\"image\" icon_image=\"5029\" title=\"APOIO FINANCEIRO DA UNI\u00c3O EUROPEIA\"]35.343,20 \u20ac[\/grve_icon_box][\/vc_column][vc_column width=\"1\/4\"][\/vc_column][vc_column width=\"1\/4\"][\/vc_column][\/vc_row][vc_row][vc_column][grve_single_image image=\"5733\" align=\"left\" el_class=\"project-img\"][\/vc_column][\/vc_row]","_pt_post_name":"reforco-capacidade-produtiva","_pt_post_excerpt":"","_pt_post_title":"Refor\u00e7o de Capacidade Produtiva","_es_post_content":"[vc_row bg_type=\"color\" header_feature=\"yes\" bg_color=\"#f6f8fa\" padding_top=\"40px\" padding_bottom=\"40px\" margin_bottom=\"0\"][vc_column][grve_title title=\"REFOR\u00c7O DE CAPACIDADE PRODUTIVA\" heading_tag=\"h1\" heading=\"h1\" align=\"center\" el_class=\"title-blue\"][\/vc_column][\/vc_row][vc_row padding_top=\"100px\"][vc_column width=\"1\/4\"][grve_icon_box icon_type=\"image\" icon_image=\"5010\" title=\"DESIGNA\u00c7\u00c3O DO PROJETO\"]SimplyCeram - Refor\u00e7o da capacidade produtiva[\/grve_icon_box][\/vc_column][vc_column width=\"1\/4\"][grve_icon_box icon_type=\"image\" icon_image=\"5016\" title=\"C\u00d3DIGO DO PROJETO\"]CENTRO-04-38D7-FEDER-000036[\/grve_icon_box][\/vc_column][vc_column width=\"1\/4\"][grve_icon_box icon_type=\"image\" icon_image=\"5018\" title=\"OBJETIVO PRINCIPAL\"]Aumentar a capacidade de produ\u00e7\u00e3o e colmatar de forma imediata os constrangimentos industriais existentes.[\/grve_icon_box][\/vc_column][vc_column width=\"1\/4\"][grve_icon_box icon_type=\"image\" icon_image=\"5020\" title=\"REGI\u00c3O DE INTERVEN\u00c7\u00c3O\"]Centro[\/grve_icon_box][\/vc_column][\/vc_row][vc_row padding_top=\"60px\" padding_bottom=\"60px\"][vc_column width=\"1\/4\"][grve_icon_box icon_type=\"image\" icon_image=\"5022\" title=\"ENTIDADE PROMOTORA\"]Simply Systems, Lda[\/grve_icon_box][\/vc_column][vc_column width=\"1\/4\"][grve_icon_box icon_type=\"image\" icon_image=\"5024\" title=\"DATA DE APROVA\u00c7\u00c3O\"]03-05-2022[\/grve_icon_box][\/vc_column][vc_column width=\"1\/4\"][grve_icon_box icon_type=\"image\" icon_image=\"5024\" title=\"DATA DE IN\u00cdCIO\"]25-01-2021[\/grve_icon_box][\/vc_column][vc_column width=\"1\/4\"][grve_icon_box icon_type=\"image\" icon_image=\"5024\" title=\"DATA DE CONCLUS\u00c3O\"]21-01-2022[\/grve_icon_box][\/vc_column][\/vc_row][vc_row padding_bottom=\"100px\"][vc_column width=\"1\/4\"][grve_icon_box icon_type=\"image\" icon_image=\"5027\" title=\"CUSTO TOTAL ELEG\u00cdVEL\"]229.000,00 \u20ac[\/grve_icon_box][\/vc_column][vc_column width=\"1\/4\"][grve_icon_box icon_type=\"image\" icon_image=\"5029\" title=\"APOIO FINANCEIRO DA UNI\u00c3O EUROPEIA\"]35.343,20 \u20ac[\/grve_icon_box][\/vc_column][vc_column width=\"1\/4\"][\/vc_column][vc_column width=\"1\/4\"][\/vc_column][\/vc_row]","_es_post_name":"reforco-de-capacidade-produtiva","_es_post_excerpt":"","_es_post_title":"Refor\u00e7o de Capacidade Produtiva","edit_language":"es"},"_links":{"self":[{"href":"https:\/\/www.simplyceram.com\/es\/wp-json\/wp\/v2\/pages\/5704"}],"collection":[{"href":"https:\/\/www.simplyceram.com\/es\/wp-json\/wp\/v2\/pages"}],"about":[{"href":"https:\/\/www.simplyceram.com\/es\/wp-json\/wp\/v2\/types\/page"}],"author":[{"embeddable":true,"href":"https:\/\/www.simplyceram.com\/es\/wp-json\/wp\/v2\/users\/38"}],"replies":[{"embeddable":true,"href":"https:\/\/www.simplyceram.com\/es\/wp-json\/wp\/v2\/comments?post=5704"}],"version-history":[{"count":10,"href":"https:\/\/www.simplyceram.com\/es\/wp-json\/wp\/v2\/pages\/5704\/revisions"}],"predecessor-version":[{"id":5735,"href":"https:\/\/www.simplyceram.com\/es\/wp-json\/wp\/v2\/pages\/5704\/revisions\/5735"}],"wp:attachment":[{"href":"https:\/\/www.simplyceram.com\/es\/wp-json\/wp\/v2\/media?parent=5704"}],"curies":[{"name":"wp","href":"https:\/\/api.w.org\/{rel}","templated":true}]}}