{"id":4569,"date":"2023-03-09T09:52:03","date_gmt":"2023-03-09T09:52:03","guid":{"rendered":"https:\/\/www.simplyceram.com\/fr\/?page_id=4569"},"modified":"2023-11-20T10:18:51","modified_gmt":"2023-11-20T10:18:51","slug":"laurent-dk","status":"publish","type":"page","link":"https:\/\/www.simplyceram.com\/es\/colores\/laurent-dk\/","title":{"rendered":"Laurent","raw":"Laurent"},"content":{"rendered":"<p>[vc_row][vc_column][vc_column_text]<strong style=\"color: #005672; font-size: 36px; font-family: Oswald; font-weight: bold;\">Laurent | <\/strong><span style=\"font-size: 28px; font-family: Oswald;\">Dk Textured<\/span>[\/vc_column_text]<div class=\"grve-element grve-image img-magnifier-container grve-align-center\" style=\"\">  <img class=\"\" alt=\"\" src=\"https:\/\/cdn.simplyceram.com\/uploads\/2023\/03\/Laurent-Slab-1.jpg\" width=\"1775\" height=\"896\"><\/div>[\/vc_column][\/vc_row][vc_row][vc_column][vc_empty_space height=&#8221;20px&#8221;][vc_column_text]<i><em>Esta imagen es solo para fines ilustrativos. El producto puede estar sujeto a ligeras variaciones de color, dise\u00f1o y textura.<\/em><\/i>[\/vc_column_text][vc_column_text][\/vc_column_text][vc_empty_space height=&#8221;22px&#8221;]<h3 class=\"grve-element grve-title grve-align-left grve-h3 title-blue text-upper\" style=\"\"><span>SIMPLYCERAM PLUS Dimensiones<\/span><\/h3>[vc_row_inner][vc_column_inner width=&#8221;1\/3&#8243;][vc_column_text]<\/p>\n<h4><span style=\"font-size: 20px; text-align: left;\">Panel de Pared &#8211; Cocina<\/span><\/h4>\n<p>[\/vc_column_text][vc_column_text]<strong>Longitudes<\/strong><\/p>\n<ul>\n<li>1450 \/ 2990 mm<\/li>\n<li>57 \/ 118 pulg<\/li>\n<\/ul>\n<p><strong>Alturas<\/strong><\/p>\n<ul>\n<li>100\/200\/300\/650 mm<\/li>\n<li>4\u201d \/ 7.8 \/ 11.8 \/ 25.6 pulg<\/li>\n<\/ul>\n<p><strong>Espesor<\/strong><\/p>\n<ul>\n<li>14mm<\/li>\n<li>0.5 pulg<\/li>\n<\/ul>\n<p>[\/vc_column_text][\/vc_column_inner][vc_column_inner width=&#8221;1\/3&#8243;][vc_column_text]<\/p>\n<h4><span style=\"font-size: 20px; text-align: left;\">Encimera<\/span><\/h4>\n<p>[\/vc_column_text][vc_column_text]<strong>Longitudes<\/strong><\/p>\n<ul>\n<li>1450 \/ 2990 mm<\/li>\n<li>57 \/ 118 pulg<\/li>\n<\/ul>\n<p><strong>Anchuras<\/strong><\/p>\n<ul>\n<li>600\/620\/650\/990\/1200 mm<\/li>\n<li>23.6 \/ 24.4 \/ 25.6 \/ 39 \/47.2 pulg<\/li>\n<\/ul>\n<p><strong>Espesores<\/strong><\/p>\n<ul>\n<li>24 \/ 44 mm<\/li>\n<li>1 \/ 1.7 pulg<\/li>\n<\/ul>\n<p>[\/vc_column_text][\/vc_column_inner][vc_column_inner width=&#8221;1\/3&#8243;][\/vc_column_inner][\/vc_row_inner][\/vc_column][\/vc_row][vc_row][vc_column][vc_empty_space height=&#8221;80px&#8221;][\/vc_column][\/vc_row][vc_row][vc_column width=&#8221;1\/4&#8243; el_class=&#8221;column-half-m&#8221;]<div class=\"grve-element grve-box-icon grve-align-left grve-large color-nav\" style=\"\"><a href=\"https:\/\/www.simplyceram.com\/es\/colores\/rem-dk\/\" target=\"_self\">  <div class=\"grve-image-icon\"><img alt=\"icon\" src=\"https:\/\/cdn.simplyceram.com\/uploads\/2023\/03\/Dk-Rem-e1678285108933.jpg\" width=\"262\" height=\"262\"><\/div><\/a>  <div class=\"grve-box-content\">      <h3 class=\"grve-box-title grve-h3\">Rem<\/h3>  <\/div><\/div>[\/vc_column][vc_column width=&#8221;1\/4&#8243;][\/vc_column][vc_column width=&#8221;1\/4&#8243;][\/vc_column][vc_column width=&#8221;1\/4&#8243; el_class=&#8221;column-half-m&#8221;]<div class=\"grve-element grve-box-icon grve-align-right grve-large color-nav\" style=\"\"><a href=\"https:\/\/www.simplyceram.com\/es\/colores\/sirius-dk\/\" target=\"_self\">  <div class=\"grve-image-icon\"><img alt=\"icon\" src=\"https:\/\/cdn.simplyceram.com\/uploads\/2023\/03\/Dk-Sirius-e1678792375554.jpg\" width=\"263\" height=\"263\"><\/div><\/a>  <div class=\"grve-box-content\">      <h3 class=\"grve-box-title grve-h3\">Sirius<\/h3>  <\/div><\/div>[\/vc_column][\/vc_row]<\/p>\n","protected":false,"raw":"[vc_row][vc_column][vc_column_text]<strong style=\"color: #005672; font-size: 36px; font-family: Oswald; font-weight: bold;\">Laurent | <\/strong><span style=\"font-size: 28px; font-family: Oswald;\">Dk Textured<\/span>[\/vc_column_text][grve_single_image image=\"4697\"][\/vc_column][\/vc_row][vc_row][vc_column][vc_empty_space height=\"20px\"][vc_column_text]<i><em>Esta imagen es solo para fines ilustrativos. El producto puede estar sujeto a ligeras variaciones de color, dise\u00f1o y textura.<\/em><\/i>[\/vc_column_text][vc_column_text][\/vc_column_text][vc_empty_space height=\"22px\"][grve_title title=\"SIMPLYCERAM PLUS Dimensiones\" el_class=\"title-blue text-upper\"][vc_row_inner][vc_column_inner width=\"1\/3\"][vc_column_text]\r\n<h4><span style=\"font-size: 20px; text-align: left;\">Panel de Pared - Cocina<\/span><\/h4>\r\n[\/vc_column_text][vc_column_text]<strong>Longitudes<\/strong>\r\n<ul>\r\n \t<li>1450 \/ 2990 mm<\/li>\r\n \t<li>57 \/ 118 pulg<\/li>\r\n<\/ul>\r\n<strong>Alturas<\/strong>\r\n<ul>\r\n \t<li>100\/200\/300\/650 mm<\/li>\r\n \t<li>4\u201d \/ 7.8 \/ 11.8 \/ 25.6 pulg<\/li>\r\n<\/ul>\r\n<strong>Espesor<\/strong>\r\n<ul>\r\n \t<li>14mm<\/li>\r\n \t<li>0.5 pulg<\/li>\r\n<\/ul>\r\n[\/vc_column_text][\/vc_column_inner][vc_column_inner width=\"1\/3\"][vc_column_text]\r\n<h4><span style=\"font-size: 20px; text-align: left;\">Encimera<\/span><\/h4>\r\n[\/vc_column_text][vc_column_text]<strong>Longitudes<\/strong>\r\n<ul>\r\n \t<li>1450 \/ 2990 mm<\/li>\r\n \t<li>57 \/ 118 pulg<\/li>\r\n<\/ul>\r\n<strong>Anchuras<\/strong>\r\n<ul>\r\n \t<li>600\/620\/650\/990\/1200 mm<\/li>\r\n \t<li>23.6 \/ 24.4 \/ 25.6 \/ 39 \/47.2 pulg<\/li>\r\n<\/ul>\r\n<strong>Espesores<\/strong>\r\n<ul>\r\n \t<li>24 \/ 44 mm<\/li>\r\n \t<li>1 \/ 1.7 pulg<\/li>\r\n<\/ul>\r\n[\/vc_column_text][\/vc_column_inner][vc_column_inner width=\"1\/3\"][\/vc_column_inner][\/vc_row_inner][\/vc_column][\/vc_row][vc_row][vc_column][vc_empty_space height=\"80px\"][\/vc_column][\/vc_row][vc_row][vc_column width=\"1\/4\" el_class=\"column-half-m\"][grve_icon_box icon_type=\"image\" icon_size=\"large\" icon_image=\"4454\" title=\"Rem\" link=\"url:https%3A%2F%2Fwww.simplyceram.com%2Fes%2Fcolores%2Frem-dk%2F||\" el_class=\"color-nav\"][\/grve_icon_box][\/vc_column][vc_column width=\"1\/4\"][\/vc_column][vc_column width=\"1\/4\"][\/vc_column][vc_column width=\"1\/4\" el_class=\"column-half-m\"][grve_icon_box icon_type=\"image\" icon_size=\"large\" align=\"right\" icon_image=\"4455\" title=\"Sirius\" link=\"url:https%3A%2F%2Fwww.simplyceram.com%2Fes%2Fcolores%2Fsirius-dk%2F||\" el_class=\"color-nav\"][\/grve_icon_box][\/vc_column][\/vc_row]"},"excerpt":{"rendered":"[vc_row][vc_column][vc_column_text]Laurent | Dek Textured[\/vc_column_text] [\/vc_column][\/vc_row][vc_row][vc_column][vc_empty_space height=\"20px\"][vc_column_text]Cette image est \u00e0 titre indicatif seulement. Le produit peut \u00eatre sujet \u00e0 de l\u00e9g\u00e8res variations de couleur, de motif et de texture.[\/vc_column_text][vc_empty_space height=\"22px\"]SIMPLYCERAM PLUS Dimensions[vc_row_inner][vc_column_inner width=\"1\/3\"][vc_column_text] Cr\u00e9dences [\/vc_column_text][vc_column_text]Longueurs 1450 \/ 2990 mm 57 \/ 118 pouces Hauteurs 100\/200\/300\/650 mm 4\u201d \/ 7.8 \/ 11.8 \/ 25.6 pouces \u00c9paisseur 14mm [...]","protected":false,"raw":""},"author":16,"featured_media":0,"parent":16,"menu_order":0,"comment_status":"closed","ping_status":"closed","template":"","meta":{"_fr_post_content":"[vc_row][vc_column][vc_column_text]<strong style=\"color: #005672; font-size: 36px; font-family: Oswald; font-weight: bold;\">Laurent | <\/strong><span style=\"font-size: 28px; font-family: Oswald;\">Dek Textured<\/span>[\/vc_column_text][grve_single_image image=\"4697\"][\/vc_column][\/vc_row][vc_row][vc_column][vc_empty_space height=\"20px\"][vc_column_text]<i><em>Cette image est \u00e0 titre indicatif seulement. Le produit peut \u00eatre sujet \u00e0 de l\u00e9g\u00e8res variations de couleur, de motif et de texture.<\/em><\/i>[\/vc_column_text][vc_empty_space height=\"22px\"][grve_title title=\"SIMPLYCERAM PLUS Dimensions\" el_class=\"title-blue text-upper\"][vc_row_inner][vc_column_inner width=\"1\/3\"][vc_column_text]\r\n<h4><span style=\"font-size: 20px; text-align: left;\">Cr\u00e9dences<\/span><\/h4>\r\n[\/vc_column_text][vc_column_text]<strong>Longueurs<\/strong>\r\n<ul>\r\n \t<li>1450 \/ 2990 mm<\/li>\r\n \t<li>57 \/ 118 pouces<\/li>\r\n<\/ul>\r\n<strong>Hauteurs<\/strong>\r\n<ul>\r\n \t<li>100\/200\/300\/650 mm<\/li>\r\n \t<li>4\u201d \/ 7.8 \/ 11.8 \/ 25.6 pouces<\/li>\r\n<\/ul>\r\n<strong>\u00c9paisseur<\/strong>\r\n<ul>\r\n \t<li>14mm<\/li>\r\n \t<li>0.5 pouces<\/li>\r\n<\/ul>\r\n[\/vc_column_text][\/vc_column_inner][vc_column_inner width=\"1\/3\"][vc_column_text]\r\n<h4><span style=\"font-size: 20px; text-align: left;\">Plan de Travail<\/span><\/h4>\r\n[\/vc_column_text][vc_column_text]<strong>Longueurs<\/strong>\r\n<ul>\r\n \t<li>1450 \/ 2990 mm<\/li>\r\n \t<li>57 \/ 118 pouces<\/li>\r\n<\/ul>\r\n<strong>\u00a0Largeurs<\/strong>\r\n<ul>\r\n \t<li>600\/620\/650\/990\/1200 mm<\/li>\r\n \t<li>23.6 \/ 24.4 \/ 25.6 \/ 39 \/47.2 pouces<\/li>\r\n<\/ul>\r\n<strong>\u00c9paisseurs<\/strong>\r\n<ul>\r\n \t<li>24 \/ 44 mm<\/li>\r\n \t<li>1 \/ 1.7 pouces<\/li>\r\n<\/ul>\r\n[\/vc_column_text][\/vc_column_inner][vc_column_inner width=\"1\/3\"][\/vc_column_inner][\/vc_row_inner][vc_empty_space height=\"80px\"][\/vc_column][\/vc_row][vc_row][vc_column width=\"1\/4\" el_class=\"column-half-m\"][grve_icon_box icon_type=\"image\" icon_size=\"large\" icon_image=\"4454\" title=\"Rem\" link=\"url:https%3A%2F%2Fwww.simplyceram.com%2Ffr%2Fcoloris%2Frem-dk%2F|title:Rem|\" el_class=\"color-nav\"][\/grve_icon_box][\/vc_column][vc_column width=\"1\/4\"][\/vc_column][vc_column width=\"1\/4\"][\/vc_column][vc_column width=\"1\/4\" el_class=\"column-half-m\"][grve_icon_box icon_type=\"image\" icon_size=\"large\" align=\"right\" icon_image=\"4455\" title=\"Sirius\" link=\"url:https%3A%2F%2Fwww.simplyceram.com%2Ffr%2Fcoloris%2Fsirius-dk%2F|title:Sirius|\" el_class=\"color-nav\"][\/grve_icon_box][\/vc_column][\/vc_row]","_fr_post_name":"laurent-dk","_fr_post_excerpt":"","_fr_post_title":"Laurent","_en_post_content":"[vc_row][vc_column][vc_column_text]<strong style=\"color: #005672; font-size: 36px; font-family: Oswald; font-weight: bold;\">Laurent | <\/strong><span style=\"font-size: 28px; font-family: Oswald;\">Dek Textured<\/span>[\/vc_column_text][grve_single_image image=\"4697\"][\/vc_column][\/vc_row][vc_row][vc_column][vc_empty_space height=\"20px\"][vc_column_text]This colour has a decorative pattern that may not match between pieces.[\/vc_column_text][vc_column_text]<i><em>This image is for illustrative purposes only. The product may be subject to slight variations in color, pattern and texture.<\/em><\/i>[\/vc_column_text][vc_empty_space height=\"22px\"][grve_title title=\"SIMPLYCERAM PLUS Dimensions\" el_class=\"title-blue text-upper\"][vc_empty_space height=\"20px\"][\/vc_column][\/vc_row][vc_row][vc_column width=\"1\/3\"][vc_column_text]\r\n<h4><span style=\"font-size: 20px; text-align: left;\">Backsplashes<\/span><\/h4>\r\n[\/vc_column_text][vc_column_text]<strong>Lengths<\/strong>\r\n<ul>\r\n \t<li>1450 \/ 2990 mm<\/li>\r\n \t<li>57 \/ 118 inches<\/li>\r\n<\/ul>\r\n<strong>Heights<\/strong>\r\n<ul>\r\n \t<li>100\/200\/300\/650 mm<\/li>\r\n \t<li>4\u201d \/ 7.8 \/ 11.8 \/ 25.6 inches<\/li>\r\n<\/ul>\r\n<strong>Thickness<\/strong>\r\n<ul>\r\n \t<li>14mm<\/li>\r\n \t<li>0.5 inch<\/li>\r\n<\/ul>\r\n[\/vc_column_text][\/vc_column][vc_column width=\"1\/3\"][vc_column_text]\r\n<h4><span style=\"font-size: 20px; text-align: left;\">Countertops<\/span><\/h4>\r\n[\/vc_column_text][vc_column_text]<strong>Lengths<\/strong>\r\n<ul>\r\n \t<li>1450 \/ 2990 mm<\/li>\r\n \t<li>57 \/ 118 inches<\/li>\r\n<\/ul>\r\n<strong>Widths<\/strong>\r\n<ul>\r\n \t<li>600\/620\/650\/990\/1200 mm<\/li>\r\n \t<li>23.6 \/ 24.4 \/ 25.6 \/ 39 \/47.2\" inches<\/li>\r\n<\/ul>\r\n<strong>Thicknesses<\/strong>\r\n<ul>\r\n \t<li>24 \/ 44 mm<\/li>\r\n \t<li>1 \/ 1.7 inches<\/li>\r\n<\/ul>\r\n[\/vc_column_text][\/vc_column][vc_column width=\"1\/3\"][\/vc_column][\/vc_row][vc_row][vc_column][vc_empty_space height=\"80px\"][vc_row_inner][vc_column_inner width=\"1\/4\"][grve_icon_box icon_type=\"image\" icon_size=\"large\" icon_image=\"4454\" title=\"Rem\" link=\"url:https%3A%2F%2Fwww.simplyceram.com%2Fcolours%2Frem-dk%2F||\" el_class=\"color-nav\"][\/grve_icon_box][\/vc_column_inner][vc_column_inner width=\"1\/4\"][\/vc_column_inner][vc_column_inner width=\"1\/4\"][\/vc_column_inner][vc_column_inner el_class=\"column-half-m\" width=\"1\/4\"][grve_icon_box icon_type=\"image\" icon_size=\"large\" align=\"right\" icon_image=\"4455\" title=\"Sirius\" link=\"url:https%3A%2F%2Fwww.simplyceram.com%2Fcolours%2Fsirius-dk||\" el_class=\"color-nav\"][\/grve_icon_box][\/vc_column_inner][\/vc_row_inner][\/vc_column][\/vc_row]","_en_post_name":"laurent-dk","_en_post_excerpt":"","_en_post_title":"Laurent","_pt_post_content":"[vc_row][vc_column][vc_column_text]<strong style=\"color: #005672; font-size: 36px; font-family: Oswald; font-weight: bold;\">Laurent | <\/strong><span style=\"font-size: 28px; font-family: Oswald;\">Dek Textured<\/span>[\/vc_column_text][grve_single_image image=\"4697\"][\/vc_column][\/vc_row][vc_row][vc_column][vc_empty_space height=\"20px\"][vc_column_text]Nota na cor \u2013 * Esta cor possui um padr\u00e3o\/veios que n\u00e3o casam entre chapas[\/vc_column_text][vc_column_text]<i><em>Esta imagem tem apenas prop\u00f3sitos ilustrativos do aspecto geral do material. O produto pode estar sujeito a pequenas varia\u00e7\u00f5es de cor, padr\u00e3o e textura.<\/em><\/i>[\/vc_column_text][vc_empty_space height=\"22px\"][grve_title title=\"SIMPLYCERAM PLUS Dimens\u00f5es\" el_class=\"title-blue text-upper\"][vc_row_inner][vc_column_inner width=\"1\/3\"][vc_column_text]\r\n<h4><span style=\"font-size: 20px; text-align: left;\">Forros de parede<\/span><\/h4>\r\n[\/vc_column_text][vc_column_text]<strong>2 Comprimentos<\/strong>\r\n<ul>\r\n \t<li>1450 \/ 2990 mm<\/li>\r\n \t<li>57 \/ 118 polg<\/li>\r\n<\/ul>\r\n<strong>4 Alturas<\/strong>\r\n<ul>\r\n \t<li>100\/200\/300\/650 mm<\/li>\r\n \t<li>4\u201d \/ 7.8 \/ 11.8 \/ 25.6 polg<\/li>\r\n<\/ul>\r\n<strong>1 Espessura<\/strong>\r\n<ul>\r\n \t<li>14mm<\/li>\r\n \t<li>0.5 polg<\/li>\r\n<\/ul>\r\n[\/vc_column_text][\/vc_column_inner][vc_column_inner width=\"1\/3\"][vc_column_text]\r\n<h4><span style=\"font-size: 20px; text-align: left;\">Tampos de Cozinha<\/span><\/h4>\r\n[\/vc_column_text][vc_column_text]<strong>2 Comprimentos<\/strong>\r\n<ul>\r\n \t<li>1450 \/ 2990 mm<\/li>\r\n \t<li>57 \/ 118 polg<\/li>\r\n<\/ul>\r\n<strong>5 Larguras<\/strong>\r\n<ul>\r\n \t<li>600\/620\/650\/990\/1200 mm<\/li>\r\n \t<li>23.6 \/ 24.4 \/ 25.6 \/ 39 \/47.2 polg<\/li>\r\n<\/ul>\r\n<strong>2 Espessuras<\/strong>\r\n<ul>\r\n \t<li>24 \/ 44 mm<\/li>\r\n \t<li>1 \/ 1.7 polg<\/li>\r\n<\/ul>\r\n[\/vc_column_text][\/vc_column_inner][vc_column_inner width=\"1\/3\"][\/vc_column_inner][\/vc_row_inner][vc_empty_space height=\"80px\"][\/vc_column][\/vc_row][vc_row][vc_column width=\"1\/4\"][grve_icon_box icon_type=\"image\" icon_size=\"large\" icon_image=\"4454\" title=\"Rem\" link=\"url:https%3A%2F%2Fwww.simplyceram.com%2Fpt%2Fcoloris%2Frem-dk%2F||\" el_class=\"color-nav\"][\/grve_icon_box][\/vc_column][vc_column width=\"1\/4\"][\/vc_column][vc_column width=\"1\/4\"][\/vc_column][vc_column width=\"1\/4\"][grve_icon_box icon_type=\"image\" icon_size=\"large\" align=\"right\" icon_image=\"4455\" title=\"Sirius\" link=\"url:https%3A%2F%2Fwww.simplyceram.com%2Fpt%2Fcoloris%2Fsirius-dk%2F|title:Sirius|\" el_class=\"color-nav\"][\/grve_icon_box][\/vc_column][\/vc_row][vc_row][vc_column][\/vc_column][\/vc_row]","_pt_post_name":"laurent-dk","_pt_post_excerpt":"","_pt_post_title":"Laurent","_es_post_content":"[vc_row][vc_column][vc_column_text]<strong style=\"color: #005672; font-size: 36px; font-family: Oswald; font-weight: bold;\">Laurent | <\/strong><span style=\"font-size: 28px; font-family: Oswald;\">Dk Textured<\/span>[\/vc_column_text][grve_single_image image=\"4697\"][\/vc_column][\/vc_row][vc_row][vc_column][vc_empty_space height=\"20px\"][vc_column_text]<i><em>Esta imagen es solo para fines ilustrativos. El producto puede estar sujeto a ligeras variaciones de color, dise\u00f1o y textura.<\/em><\/i>[\/vc_column_text][vc_column_text][\/vc_column_text][vc_empty_space height=\"22px\"][grve_title title=\"SIMPLYCERAM PLUS Dimensiones\" el_class=\"title-blue text-upper\"][vc_row_inner][vc_column_inner width=\"1\/3\"][vc_column_text]\r\n<h4><span style=\"font-size: 20px; text-align: left;\">Panel de Pared - Cocina<\/span><\/h4>\r\n[\/vc_column_text][vc_column_text]<strong>Longitudes<\/strong>\r\n<ul>\r\n \t<li>1450 \/ 2990 mm<\/li>\r\n \t<li>57 \/ 118 pulg<\/li>\r\n<\/ul>\r\n<strong>Alturas<\/strong>\r\n<ul>\r\n \t<li>100\/200\/300\/650 mm<\/li>\r\n \t<li>4\u201d \/ 7.8 \/ 11.8 \/ 25.6 pulg<\/li>\r\n<\/ul>\r\n<strong>Espesor<\/strong>\r\n<ul>\r\n \t<li>14mm<\/li>\r\n \t<li>0.5 pulg<\/li>\r\n<\/ul>\r\n[\/vc_column_text][\/vc_column_inner][vc_column_inner width=\"1\/3\"][vc_column_text]\r\n<h4><span style=\"font-size: 20px; text-align: left;\">Encimera<\/span><\/h4>\r\n[\/vc_column_text][vc_column_text]<strong>Longitudes<\/strong>\r\n<ul>\r\n \t<li>1450 \/ 2990 mm<\/li>\r\n \t<li>57 \/ 118 pulg<\/li>\r\n<\/ul>\r\n<strong>Anchuras<\/strong>\r\n<ul>\r\n \t<li>600\/620\/650\/990\/1200 mm<\/li>\r\n \t<li>23.6 \/ 24.4 \/ 25.6 \/ 39 \/47.2 pulg<\/li>\r\n<\/ul>\r\n<strong>Espesores<\/strong>\r\n<ul>\r\n \t<li>24 \/ 44 mm<\/li>\r\n \t<li>1 \/ 1.7 pulg<\/li>\r\n<\/ul>\r\n[\/vc_column_text][\/vc_column_inner][vc_column_inner width=\"1\/3\"][\/vc_column_inner][\/vc_row_inner][\/vc_column][\/vc_row][vc_row][vc_column][vc_empty_space height=\"80px\"][\/vc_column][\/vc_row][vc_row][vc_column width=\"1\/4\" el_class=\"column-half-m\"][grve_icon_box icon_type=\"image\" icon_size=\"large\" icon_image=\"4454\" title=\"Rem\" link=\"url:https%3A%2F%2Fwww.simplyceram.com%2Fes%2Fcolores%2Frem-dk%2F||\" el_class=\"color-nav\"][\/grve_icon_box][\/vc_column][vc_column width=\"1\/4\"][\/vc_column][vc_column width=\"1\/4\"][\/vc_column][vc_column width=\"1\/4\" el_class=\"column-half-m\"][grve_icon_box icon_type=\"image\" icon_size=\"large\" align=\"right\" icon_image=\"4455\" title=\"Sirius\" link=\"url:https%3A%2F%2Fwww.simplyceram.com%2Fes%2Fcolores%2Fsirius-dk%2F||\" el_class=\"color-nav\"][\/grve_icon_box][\/vc_column][\/vc_row]","_es_post_name":"laurent-dk","_es_post_excerpt":"","_es_post_title":"Laurent","edit_language":"es"},"_links":{"self":[{"href":"https:\/\/www.simplyceram.com\/es\/wp-json\/wp\/v2\/pages\/4569"}],"collection":[{"href":"https:\/\/www.simplyceram.com\/es\/wp-json\/wp\/v2\/pages"}],"about":[{"href":"https:\/\/www.simplyceram.com\/es\/wp-json\/wp\/v2\/types\/page"}],"author":[{"embeddable":true,"href":"https:\/\/www.simplyceram.com\/es\/wp-json\/wp\/v2\/users\/16"}],"replies":[{"embeddable":true,"href":"https:\/\/www.simplyceram.com\/es\/wp-json\/wp\/v2\/comments?post=4569"}],"version-history":[{"count":85,"href":"https:\/\/www.simplyceram.com\/es\/wp-json\/wp\/v2\/pages\/4569\/revisions"}],"predecessor-version":[{"id":5541,"href":"https:\/\/www.simplyceram.com\/es\/wp-json\/wp\/v2\/pages\/4569\/revisions\/5541"}],"up":[{"embeddable":true,"href":"https:\/\/www.simplyceram.com\/es\/wp-json\/wp\/v2\/pages\/16"}],"wp:attachment":[{"href":"https:\/\/www.simplyceram.com\/es\/wp-json\/wp\/v2\/media?parent=4569"}],"curies":[{"name":"wp","href":"https:\/\/api.w.org\/{rel}","templated":true}]}}