{"id":2472,"date":"2021-04-09T09:14:33","date_gmt":"2021-04-09T09:14:33","guid":{"rendered":"https:\/\/www.simplyceram.com\/?page_id=2472"},"modified":"2023-11-20T11:05:35","modified_gmt":"2023-11-20T11:05:35","slug":"trilium-dk","status":"publish","type":"page","link":"https:\/\/www.simplyceram.com\/es\/colores\/trilium-dk\/","title":{"rendered":"Trilium","raw":"Trilium"},"content":{"rendered":"<p>[vc_row][vc_column][vc_column_text]<strong style=\"color: #005672; font-size: 36px; font-family: Oswald; font-weight: bold;\">Trilium | <\/strong><span style=\"font-size: 28px; font-family: Oswald;\">Dek &#8211; Matte<\/span>[\/vc_column_text]<div class=\"grve-element grve-image img-magnifier-container grve-align-center\" style=\"\">  <img class=\"\" alt=\"\" src=\"https:\/\/cdn.simplyceram.com\/uploads\/2023\/10\/Trilium-Dk-Slab-e1697380655714.jpg\" width=\"1775\" height=\"807\"><\/div>[\/vc_column][\/vc_row][vc_row][vc_column][vc_empty_space height=&#8221;20px&#8221;][vc_column_text]<i><em>Esta imagen es solo para fines ilustrativos. El producto puede estar sujeto a ligeras variaciones de color, dise\u00f1o y textura.<\/em><\/i>[\/vc_column_text][vc_empty_space height=&#8221;22px&#8221;]<h3 class=\"grve-element grve-title grve-align-left grve-h3 title-blue text-upper\" style=\"\"><span>SIMPLYCERAM PLUS Dimensiones<\/span><\/h3>[\/vc_column][\/vc_row][vc_row][vc_column width=&#8221;1\/3&#8243;][vc_column_text]<\/p>\n<h4><span style=\"font-size: 20px; text-align: left;\">Panel de Pared &#8211; Cocina<\/span><\/h4>\n<p>[\/vc_column_text][vc_column_text]<strong>Longitudes<\/strong><\/p>\n<ul>\n<li>1450 \/ 2990 mm<\/li>\n<li>57 \/ 118 pulg<\/li>\n<\/ul>\n<p><strong>Alturas<\/strong><\/p>\n<ul>\n<li>100\/200\/300\/650 mm<\/li>\n<li>4\u201d \/ 7.8 \/ 11.8 \/ 25.6 pulg<\/li>\n<\/ul>\n<p><strong>Espesor<\/strong><\/p>\n<ul>\n<li>14mm<\/li>\n<li>0.5 pulg<\/li>\n<\/ul>\n<p>[\/vc_column_text][\/vc_column][vc_column width=&#8221;1\/3&#8243;][vc_column_text]<\/p>\n<h4><span style=\"font-size: 20px; text-align: left;\">Encimera<\/span><\/h4>\n<p>[\/vc_column_text][vc_column_text]<strong>Longitudes<\/strong><\/p>\n<ul>\n<li>1450 \/ 2990 mm<\/li>\n<li>57 \/ 118 pulg<\/li>\n<\/ul>\n<p><strong>Anchuras<\/strong><\/p>\n<ul>\n<li>600\/620\/650\/990\/1200 mm<\/li>\n<li>23.6 \/ 24.4 \/ 25.6 \/ 39 \/47.2 pulg<\/li>\n<\/ul>\n<p><strong>Espesores<\/strong><\/p>\n<ul>\n<li>24 \/ 44 mm<\/li>\n<li>1 \/ 1.7 pulg<\/li>\n<\/ul>\n<p>[\/vc_column_text][\/vc_column][vc_column width=&#8221;1\/3&#8243;][\/vc_column][\/vc_row][vc_row][vc_column][vc_empty_space height=&#8221;80px&#8221;][\/vc_column][\/vc_row][vc_row][vc_column width=&#8221;1\/4&#8243; el_class=&#8221;column-half-m&#8221;]<div class=\"grve-element grve-box-icon grve-align-left grve-large color-nav\" style=\"\"><a href=\"https:\/\/www.simplyceram.com\/es\/colores\/kreta-dk\/\" target=\"_self\">  <div class=\"grve-image-icon\"><img alt=\"icon\" src=\"https:\/\/cdn.simplyceram.com\/uploads\/2023\/10\/Kreta-Dk-Slab-1-scaled-e1697381512521.jpeg\" width=\"262\" height=\"262\"><\/div><\/a>  <div class=\"grve-box-content\">      <h3 class=\"grve-box-title grve-h3\">Kreta<\/h3>  <\/div><\/div>[\/vc_column][vc_column width=&#8221;1\/4&#8243;][\/vc_column][vc_column width=&#8221;1\/4&#8243;][\/vc_column][vc_column width=&#8221;1\/4&#8243; el_class=&#8221;column-half-m&#8221;][\/vc_column][\/vc_row][vc_row][vc_column][vc_empty_space height=&#8221;50px&#8221;][\/vc_column][\/vc_row]<\/p>\n","protected":false,"raw":"[vc_row][vc_column][vc_column_text]<strong style=\"color: #005672; font-size: 36px; font-family: Oswald; font-weight: bold;\">Trilium | <\/strong><span style=\"font-size: 28px; font-family: Oswald;\">Dek - Matte<\/span>[\/vc_column_text][grve_single_image image=\"5158\"][\/vc_column][\/vc_row][vc_row][vc_column][vc_empty_space height=\"20px\"][vc_column_text]<i><em>Esta imagen es solo para fines ilustrativos. El producto puede estar sujeto a ligeras variaciones de color, dise\u00f1o y textura.<\/em><\/i>[\/vc_column_text][vc_empty_space height=\"22px\"][grve_title title=\"SIMPLYCERAM PLUS Dimensiones\" el_class=\"title-blue text-upper\"][\/vc_column][\/vc_row][vc_row][vc_column width=\"1\/3\"][vc_column_text]\r\n<h4><span style=\"font-size: 20px; text-align: left;\">Panel de Pared - Cocina<\/span><\/h4>\r\n[\/vc_column_text][vc_column_text]<strong>Longitudes<\/strong>\r\n<ul>\r\n \t<li>1450 \/ 2990 mm<\/li>\r\n \t<li>57 \/ 118 pulg<\/li>\r\n<\/ul>\r\n<strong>Alturas<\/strong>\r\n<ul>\r\n \t<li>100\/200\/300\/650 mm<\/li>\r\n \t<li>4\u201d \/ 7.8 \/ 11.8 \/ 25.6 pulg<\/li>\r\n<\/ul>\r\n<strong>Espesor<\/strong>\r\n<ul>\r\n \t<li>14mm<\/li>\r\n \t<li>0.5 pulg<\/li>\r\n<\/ul>\r\n[\/vc_column_text][\/vc_column][vc_column width=\"1\/3\"][vc_column_text]\r\n<h4><span style=\"font-size: 20px; text-align: left;\">Encimera<\/span><\/h4>\r\n[\/vc_column_text][vc_column_text]<strong>Longitudes<\/strong>\r\n<ul>\r\n \t<li>1450 \/ 2990 mm<\/li>\r\n \t<li>57 \/ 118 pulg<\/li>\r\n<\/ul>\r\n<strong>Anchuras<\/strong>\r\n<ul>\r\n \t<li>600\/620\/650\/990\/1200 mm<\/li>\r\n \t<li>23.6 \/ 24.4 \/ 25.6 \/ 39 \/47.2 pulg<\/li>\r\n<\/ul>\r\n<strong>Espesores<\/strong>\r\n<ul>\r\n \t<li>24 \/ 44 mm<\/li>\r\n \t<li>1 \/ 1.7 pulg<\/li>\r\n<\/ul>\r\n[\/vc_column_text][\/vc_column][vc_column width=\"1\/3\"][\/vc_column][\/vc_row][vc_row][vc_column][vc_empty_space height=\"80px\"][\/vc_column][\/vc_row][vc_row][vc_column width=\"1\/4\" el_class=\"column-half-m\"][grve_icon_box icon_type=\"image\" icon_size=\"large\" icon_image=\"5162\" title=\"Kreta\" link=\"url:https%3A%2F%2Fwww.simplyceram.com%2Fes%2Fcolores%2Fkreta-dk%2F||\" el_class=\"color-nav\"][\/grve_icon_box][\/vc_column][vc_column width=\"1\/4\"][\/vc_column][vc_column width=\"1\/4\"][\/vc_column][vc_column width=\"1\/4\" el_class=\"column-half-m\"][\/vc_column][\/vc_row][vc_row][vc_column][vc_empty_space height=\"50px\"][\/vc_column][\/vc_row]"},"excerpt":{"rendered":"[vc_row bg_type=\"image\" bg_image=\"1054\" color_overlay=\"dark\" opacity_overlay=\"30\" padding_top=\"80px\" padding_bottom=\"80px\"][vc_column]COLORIS PROPOS\u00c9S[\/vc_column][\/vc_row][vc_row padding_bottom=\"60px\" padding_top=\"70px\"][vc_column css=\".vc_custom_1480986852963{padding-bottom: 30px !important;}\"]10 Coloris S\u00e9lectionn\u00e9s avec Soin[\/vc_column][vc_column width=\"1\/2\"][vc_column_text]Les plans de travail SIMPLYCERAM se d\u00e9clinent en une gamme de\u00a010 coloris pour satisfaire toute la palette de go\u00fbts de nos clients.[\/vc_column_text][vc_column_text text_style=\"leader-text\"]La diversit\u00e9 des couleurs propos\u00e9es permet d'int\u00e9grer nos plans de travail dans tous les styles de [...]","protected":false,"raw":""},"author":38,"featured_media":0,"parent":16,"menu_order":0,"comment_status":"closed","ping_status":"closed","template":"","meta":{"_fr_post_content":"[vc_row bg_type=\"image\" bg_image=\"1054\" color_overlay=\"dark\" opacity_overlay=\"30\" padding_top=\"80px\" padding_bottom=\"80px\"][vc_column][grve_title title=\"COLORIS PROPOS\u00c9S\" heading_tag=\"h1\" heading=\"h1\" align=\"center\" el_class=\"white\"][\/vc_column][\/vc_row][vc_row padding_bottom=\"60px\" padding_top=\"70px\"][vc_column css=\".vc_custom_1480986852963{padding-bottom: 30px !important;}\"][grve_title title=\"10 Coloris S\u00e9lectionn\u00e9s avec Soin\" heading_tag=\"h2\" heading=\"h2\"][\/vc_column][vc_column width=\"1\/2\"][vc_column_text]Les plans de travail <strong>SIMPLYCERAM<\/strong> se d\u00e9clinent en une gamme de\u00a010 coloris pour satisfaire toute la palette de go\u00fbts de nos clients.[\/vc_column_text][vc_column_text text_style=\"leader-text\"]La diversit\u00e9 des couleurs propos\u00e9es permet d'int\u00e9grer nos plans de travail dans tous les styles de design et ouvre une large possibilit\u00e9 de combinaison avec les diff\u00e9rentes mati\u00e8res utilis\u00e9es pour concevoir une cuisine.[\/vc_column_text][\/vc_column][vc_column width=\"1\/2\" css=\".vc_custom_1481083724929{padding-top: 30px !important;}\"][grve_single_image image=\"77\" image_size=\"yes\" align=\"right\" el_class=\"img_color_samples\"][\/vc_column][\/vc_row][vc_row padding_bottom=\"95px\" el_class=\"color_section\" section_id=\"color_section\"][vc_column width=\"1\/4\" el_class=\"amostras\"][grve_single_image image_type=\"image-link\" image=\"2367\" image_shape=\"extra-round\" link=\"url:https%3A%2F%2Fwww.simplyceram.com%2Fcoloris%2Flex-3-cement-satin%2F|title:LEX%203%20%7C%20CEMENT-%20Satin|\" el_class=\"amostras_lex3, grow\"][grve_title title=\"LEX 3\" align=\"center\"][vc_column_text text_style=\"leader-text\"]\r\n<p style=\"text-align: center;\">Cement<\/p>\r\n[\/vc_column_text][\/vc_column][vc_column width=\"1\/4\" el_class=\"amostras\"][grve_single_image image_type=\"image-link\" image=\"2368\" image_shape=\"extra-round\" link=\"url:https%3A%2F%2Fwww.simplyceram.com%2Fcoloris%2Flex-6%2F|title:Tec%206|\" el_class=\"amostras_lex6, grow\"][grve_title title=\"LEX 6\" align=\"center\"][vc_column_text text_style=\"leader-text\"]\r\n<p style=\"text-align: center;\">Dark Cement<\/p>\r\n[\/vc_column_text][\/vc_column][vc_column width=\"1\/4\"][grve_single_image image_type=\"image-link\" image=\"2369\" image_shape=\"extra-round\" link=\"url:https%3A%2F%2Fwww.simplyceram.com%2Fcoloris%2Flex-8-2%2F|title:Lex%208|\" el_class=\"amostras_tec6, grow\"][grve_title title=\"LEX 8\" align=\"center\"][vc_column_text text_style=\"leader-text\"]\r\n<p style=\"text-align: center;\">Basalt (v)<\/p>\r\n[\/vc_column_text][\/vc_column][vc_column width=\"1\/4\"][grve_single_image image_type=\"image-link\" image=\"2370\" image_shape=\"extra-round\" link=\"url:https%3A%2F%2Fwww.simplyceram.com%2Fcoloris%2Flex-9%2F|title:LEX%209|\" el_class=\"amostras_lex1, grow\"][grve_title title=\"LEX 9\" align=\"center\"][vc_column_text text_style=\"leader-text\"]\r\n<p style=\"text-align: center;\">Limestone<\/p>\r\n[\/vc_column_text][\/vc_column][\/vc_row][vc_row padding_bottom=\"95px\" el_class=\"color_section\" section_id=\"color_section\"][vc_column width=\"1\/4\" el_class=\"amostras\"][grve_single_image image_type=\"image-link\" image=\"2372\" image_shape=\"extra-round\" link=\"url:https%3A%2F%2Fwww.simplyceram.com%2Fcoloris%2Flex-10%2F|title:Lex%2010|\" el_class=\"amostras_lex10, grow\"][grve_title title=\"LEX 10\" align=\"center\"][vc_column_text text_style=\"leader-text\"]\r\n<p style=\"text-align: center;\">Iron Rust<\/p>\r\n[\/vc_column_text][\/vc_column][vc_column width=\"1\/4\" el_class=\"amostras\"][grve_single_image image_type=\"image-link\" image=\"2371\" image_shape=\"extra-round\" link=\"url:https%3A%2F%2Fwww.simplyceram.com%2Fcoloris%2Flex-11%2F|title:Tec%207|\" el_class=\"amostras_tec7, grow\"][grve_title title=\"LEX 11\" align=\"center\"][vc_column_text text_style=\"leader-text\"]\r\n<p style=\"text-align: center;\">Iron Natural<\/p>\r\n[\/vc_column_text][\/vc_column][vc_column width=\"1\/4\"][grve_single_image image_type=\"image-link\" image=\"2373\" image_shape=\"extra-round\" link=\"url:https%3A%2F%2Fwww.simplyceram.com%2Fcoloris%2Flex-12%2F|title:Tec%207|\" el_class=\"amostras_tec7, grow\"][grve_title title=\"LEX 12\" align=\"center\"][vc_column_text text_style=\"leader-text\"]\r\n<p style=\"text-align: center;\">Zimbabwe Cuir<\/p>\r\n[\/vc_column_text][\/vc_column][vc_column width=\"1\/4\"][grve_single_image image_type=\"image-link\" image=\"2376\" image_shape=\"extra-round\" link=\"url:https%3A%2F%2Fwww.simplyceram.com%2Fcoloris%2Ftec-8%2F|title:Tec%207|\" el_class=\"amostras_tec7, grow\"][grve_title title=\"TEC 8\" align=\"center\"][vc_column_text text_style=\"leader-text\"]\r\n<p style=\"text-align: center;\">Ultra Black<\/p>\r\n[\/vc_column_text][\/vc_column][\/vc_row][vc_row padding_bottom=\"95px\" el_class=\"color_section\" section_id=\"color_section\"][vc_column width=\"1\/4\" el_class=\"amostras\"][grve_single_image image_type=\"image-link\" image=\"2377\" image_shape=\"extra-round\" link=\"url:https%3A%2F%2Fwww.simplyceram.com%2Fcoloris%2Ftec-10%2F|title:Lex%2010|\" el_class=\"amostras_lex10, grow\"][grve_title title=\"TEC 10\" align=\"center\"][vc_column_text text_style=\"leader-text\"]\r\n<p style=\"text-align: center;\">Ultra White<\/p>\r\n[\/vc_column_text][\/vc_column][vc_column width=\"1\/4\" el_class=\"amostras\"][grve_single_image image_type=\"image-link\" image=\"2374\" image_shape=\"extra-round\" link=\"url:https%3A%2F%2Fwww.simplyceram.com%2Fcoloris%2Fnat-1%2F|title:Tec%207|\" el_class=\"amostras_tec7, grow\"][grve_title title=\"NAT 1\" align=\"center\"][vc_column_text text_style=\"leader-text\"]\r\n<p style=\"text-align: center;\">Emperador Light (V)<\/p>\r\n[\/vc_column_text][\/vc_column][vc_column width=\"1\/4\"][grve_single_image image_type=\"image-link\" image=\"2375\" image_shape=\"extra-round\" link=\"url:https%3A%2F%2Fwww.simplyceram.com%2Fcoloris%2Fnat-2%2F|title:Tec%207|\" el_class=\"amostras_tec7, grow\"][grve_title title=\"NAT 2\" align=\"center\"][vc_column_text text_style=\"leader-text\"]\r\n<p style=\"text-align: center;\">Carrara Gold (V)<\/p>\r\n[\/vc_column_text][\/vc_column][\/vc_row][vc_row][vc_column][vc_empty_space][\/vc_column][\/vc_row]","_fr_post_name":"cores-zoom-teste","_fr_post_excerpt":"","_fr_post_title":"cores zoom teste","_en_post_content":"[vc_row][vc_column][vc_column_text]<strong style=\"color: #005672; font-size: 36px; font-family: Oswald; font-weight: bold;\">Kreta | <\/strong><span style=\"font-size: 28px; font-family: Oswald;\">Dek Matte<\/span>[\/vc_column_text][grve_single_image image=\"5157\"][\/vc_column][\/vc_row][vc_row][vc_column][vc_empty_space height=\"20px\"][vc_column_text]This colour has a decorative pattern that may not match between pieces.[\/vc_column_text][vc_column_text]<i><em>This image is for illustrative purposes only. The product may be subject to slight variations in color, pattern and texture.<\/em><\/i>[\/vc_column_text][vc_empty_space height=\"22px\"][grve_title title=\"SIMPLYCERAM PLUS Dimensions\" el_class=\"title-blue text-upper\"][vc_empty_space height=\"20px\"][\/vc_column][\/vc_row][vc_row][vc_column width=\"1\/3\"][vc_column_text]\r\n<h4><span style=\"font-size: 20px; text-align: left;\">Backsplashes<\/span><\/h4>\r\n[\/vc_column_text][vc_column_text]<strong>Lengths<\/strong>\r\n<ul>\r\n \t<li>1450 \/ 2990 mm<\/li>\r\n \t<li>57 \/ 118 inches<\/li>\r\n<\/ul>\r\n<strong>Heights<\/strong>\r\n<ul>\r\n \t<li>100\/200\/300\/650 mm<\/li>\r\n \t<li>4\u201d \/ 7.8 \/ 11.8 \/ 25.6 inches<\/li>\r\n<\/ul>\r\n<strong>Thickness<\/strong>\r\n<ul>\r\n \t<li>14mm<\/li>\r\n \t<li>0.5 inch<\/li>\r\n<\/ul>\r\n[\/vc_column_text][\/vc_column][vc_column width=\"1\/3\"][vc_column_text]\r\n<h4><span style=\"font-size: 20px; text-align: left;\">Countertops<\/span><\/h4>\r\n[\/vc_column_text][vc_column_text]<strong>Lengths<\/strong>\r\n<ul>\r\n \t<li>1450 \/ 2990 mm<\/li>\r\n \t<li>57 \/ 118 inches<\/li>\r\n<\/ul>\r\n<strong>Widths<\/strong>\r\n<ul>\r\n \t<li>600\/620\/650\/990\/1200 mm<\/li>\r\n \t<li>23.6 \/ 24.4 \/ 25.6 \/ 39 \/47.2\" inches<\/li>\r\n<\/ul>\r\n<strong>Thicknesses<\/strong>\r\n<ul>\r\n \t<li>24 \/ 44 mm<\/li>\r\n \t<li>1 \/ 1.7 inches<\/li>\r\n<\/ul>\r\n[\/vc_column_text][\/vc_column][vc_column width=\"1\/3\"][\/vc_column][\/vc_row][vc_row][vc_column][vc_empty_space height=\"80px\"][\/vc_column][\/vc_row][vc_row][vc_column width=\"1\/4\" el_class=\"amostras\"][grve_icon_box icon_type=\"image\" icon_size=\"large\" icon_image=\"5159\" title=\"Kelya\" link=\"url:https%3A%2F%2Fwww.simplyceram.com%2Fcolours%2Fkelya-dk%2F||\" el_class=\"color-nav\"][\/grve_icon_box][\/vc_column][vc_column width=\"1\/4\"][\/vc_column][vc_column width=\"1\/4\"][\/vc_column][vc_column width=\"1\/4\" el_class=\"amostras\"][grve_icon_box icon_type=\"image\" icon_size=\"large\" align=\"right\" icon_image=\"5161\" title=\"Trilium\" link=\"url:https%3A%2F%2Fwww.simplyceram.com%2Fcolours%2Ftrilium-dk%2F||\" el_class=\"color-nav\"][\/grve_icon_box][\/vc_column][\/vc_row][vc_row][vc_column][vc_empty_space][\/vc_column][\/vc_row]","_en_post_name":"kreta-dk","_en_post_excerpt":"","_en_post_title":"Kreta","_pt_post_content":"","_pt_post_name":"","_pt_post_excerpt":"","_pt_post_title":"","_es_post_content":"[vc_row][vc_column][vc_column_text]<strong style=\"color: #005672; font-size: 36px; font-family: Oswald; font-weight: bold;\">Trilium | <\/strong><span style=\"font-size: 28px; font-family: Oswald;\">Dek - Matte<\/span>[\/vc_column_text][grve_single_image image=\"5158\"][\/vc_column][\/vc_row][vc_row][vc_column][vc_empty_space height=\"20px\"][vc_column_text]<i><em>Esta imagen es solo para fines ilustrativos. El producto puede estar sujeto a ligeras variaciones de color, dise\u00f1o y textura.<\/em><\/i>[\/vc_column_text][vc_empty_space height=\"22px\"][grve_title title=\"SIMPLYCERAM PLUS Dimensiones\" el_class=\"title-blue text-upper\"][\/vc_column][\/vc_row][vc_row][vc_column width=\"1\/3\"][vc_column_text]\r\n<h4><span style=\"font-size: 20px; text-align: left;\">Panel de Pared - Cocina<\/span><\/h4>\r\n[\/vc_column_text][vc_column_text]<strong>Longitudes<\/strong>\r\n<ul>\r\n \t<li>1450 \/ 2990 mm<\/li>\r\n \t<li>57 \/ 118 pulg<\/li>\r\n<\/ul>\r\n<strong>Alturas<\/strong>\r\n<ul>\r\n \t<li>100\/200\/300\/650 mm<\/li>\r\n \t<li>4\u201d \/ 7.8 \/ 11.8 \/ 25.6 pulg<\/li>\r\n<\/ul>\r\n<strong>Espesor<\/strong>\r\n<ul>\r\n \t<li>14mm<\/li>\r\n \t<li>0.5 pulg<\/li>\r\n<\/ul>\r\n[\/vc_column_text][\/vc_column][vc_column width=\"1\/3\"][vc_column_text]\r\n<h4><span style=\"font-size: 20px; text-align: left;\">Encimera<\/span><\/h4>\r\n[\/vc_column_text][vc_column_text]<strong>Longitudes<\/strong>\r\n<ul>\r\n \t<li>1450 \/ 2990 mm<\/li>\r\n \t<li>57 \/ 118 pulg<\/li>\r\n<\/ul>\r\n<strong>Anchuras<\/strong>\r\n<ul>\r\n \t<li>600\/620\/650\/990\/1200 mm<\/li>\r\n \t<li>23.6 \/ 24.4 \/ 25.6 \/ 39 \/47.2 pulg<\/li>\r\n<\/ul>\r\n<strong>Espesores<\/strong>\r\n<ul>\r\n \t<li>24 \/ 44 mm<\/li>\r\n \t<li>1 \/ 1.7 pulg<\/li>\r\n<\/ul>\r\n[\/vc_column_text][\/vc_column][vc_column width=\"1\/3\"][\/vc_column][\/vc_row][vc_row][vc_column][vc_empty_space height=\"80px\"][\/vc_column][\/vc_row][vc_row][vc_column width=\"1\/4\" el_class=\"column-half-m\"][grve_icon_box icon_type=\"image\" icon_size=\"large\" icon_image=\"5162\" title=\"Kreta\" link=\"url:https%3A%2F%2Fwww.simplyceram.com%2Fes%2Fcolores%2Fkreta-dk%2F||\" el_class=\"color-nav\"][\/grve_icon_box][\/vc_column][vc_column width=\"1\/4\"][\/vc_column][vc_column width=\"1\/4\"][\/vc_column][vc_column width=\"1\/4\" el_class=\"column-half-m\"][\/vc_column][\/vc_row][vc_row][vc_column][vc_empty_space height=\"50px\"][\/vc_column][\/vc_row]","_es_post_name":"trilium-dk","_es_post_excerpt":"","_es_post_title":"Trilium","edit_language":"es"},"_links":{"self":[{"href":"https:\/\/www.simplyceram.com\/es\/wp-json\/wp\/v2\/pages\/2472"}],"collection":[{"href":"https:\/\/www.simplyceram.com\/es\/wp-json\/wp\/v2\/pages"}],"about":[{"href":"https:\/\/www.simplyceram.com\/es\/wp-json\/wp\/v2\/types\/page"}],"author":[{"embeddable":true,"href":"https:\/\/www.simplyceram.com\/es\/wp-json\/wp\/v2\/users\/38"}],"replies":[{"embeddable":true,"href":"https:\/\/www.simplyceram.com\/es\/wp-json\/wp\/v2\/comments?post=2472"}],"version-history":[{"count":47,"href":"https:\/\/www.simplyceram.com\/es\/wp-json\/wp\/v2\/pages\/2472\/revisions"}],"predecessor-version":[{"id":5569,"href":"https:\/\/www.simplyceram.com\/es\/wp-json\/wp\/v2\/pages\/2472\/revisions\/5569"}],"up":[{"embeddable":true,"href":"https:\/\/www.simplyceram.com\/es\/wp-json\/wp\/v2\/pages\/16"}],"wp:attachment":[{"href":"https:\/\/www.simplyceram.com\/es\/wp-json\/wp\/v2\/media?parent=2472"}],"curies":[{"name":"wp","href":"https:\/\/api.w.org\/{rel}","templated":true}]}}