{"id":12,"date":"2016-04-11T17:19:41","date_gmt":"2016-04-11T17:19:41","guid":{"rendered":"https:\/\/www.simplyceram.com?page_id=12"},"modified":"2023-08-11T09:10:45","modified_gmt":"2023-08-11T09:10:45","slug":"transformacion-instalacion","status":"publish","type":"page","link":"https:\/\/www.simplyceram.com\/es\/transformacion-instalacion\/","title":{"rendered":"Transformacion y Instalacion","raw":"Transformacion y Instalacion"},"content":{"rendered":"<p>[vc_row bg_type=&#8221;color&#8221; header_feature=&#8221;yes&#8221; padding_top=&#8221;40px&#8221; padding_bottom=&#8221;40px&#8221; margin_bottom=&#8221;0&#8243; bg_color=&#8221;#f6f8fa&#8221;][vc_column]<h1 class=\"grve-element grve-title grve-align-center grve-h1 title-blue\" style=\"\"><span>TRANSFORMACI\u00d3N Y INSTALACI\u00d3N<\/span><\/h1>[\/vc_column][\/vc_row][vc_row padding_bottom=&#8221;95px&#8221; padding_top=&#8221;70px&#8221;][vc_column width=&#8221;1\/2&#8243;]<h2 class=\"grve-element grve-title grve-align-left grve-h2\" style=\"\"><span>Un Producto F\u00e1cil de Trabajar, Con Acabados Optimizados.<\/span><\/h2>[vc_column_text]Probado y patentado en laboratorio, SIMPLY<strong>CERAM<\/strong> viene con todas las garant\u00edas para resistir los efectos del tiempo y las agresiones diarias por un costo medio de adquisici\u00f3n e instalaci\u00f3n entre el aglomerado laminado y las encimeras r\u00edgidas tradicionales (totalmente de cer\u00e1mica, granito, etc).[\/vc_column_text][vc_column_text text_style=&#8221;leader-text&#8221;]Con SIMPLY<strong>CERAM <\/strong>integrar\u00e1 en su cocina un producto \u00fanico, con un aspecto uniforme, en todos sus componentes. Lo que refuerza su est\u00e9tica y su capacidad de integraci\u00f3n en diferentes estilos de dise\u00f1o.[\/vc_column_text][vc_column_text]<span style=\"color: #004a66;\">SIMPLY<strong>CERAM<\/strong> revolucionar\u00e1 de forma duradera y definitiva el mercado de las encimeras.<\/span>[\/vc_column_text][\/vc_column][vc_column width=&#8221;1\/2&#8243;][vc_raw_html]JTNDJTIxLS0lM0NkaXYlMjBpZCUzRCUyMnZpZGVvLWlmcmFtZSUyMiUzRSUzQ2lmcmFtZSUyMHdpZHRoJTNEJTIyNTYwJTIyJTIwaGVpZ2h0JTNEJTIyMzE1JTIyJTIwc3JjJTNEJTIyaHR0cHMlM0ElMkYlMkZ3d3cueW91dHViZS5jb20lMkZlbWJlZCUyRlhiRFd6M2pMM3NBJTNGcmVsJTNEMCUyNmFtcCUzQmNvbnRyb2xzJTNEMCUyNmFtcCUzQnNob3dpbmZvJTNEMCUyMiUyMGZyYW1lYm9yZGVyJTNEJTIyMCUyMiUyMGFsbG93JTNEJTIyYXV0b3BsYXklM0IlMjBlbmNyeXB0ZWQtbWVkaWElMjIlMjBhbGxvd2Z1bGxzY3JlZW4lM0UlM0MlMkZpZnJhbWUlM0UlM0MlMkZkaXYlM0UtLSUzRSUwQSUwQSUzQ3ZpZGVvJTIwd2lkdGglM0QlMjI1NjAlMjIlMjBoZWlnaHQlM0QlMjIzMTUlMjIlMjBwb3N0ZXIlM0QlMjJodHRwcyUzQSUyRiUyRmNkbi5zaW1wbHljZXJhbS5jb20lMkZ1cGxvYWRzJTJGMjAyMyUyRjA4JTJGcG9zdGVyLWVzLmpwZyUyMiUyMGNvbnRyb2xzJTNFJTBBJTIwJTIwJTIwJTIwJTIwJTIwJTNDc291cmNlJTIwc3JjJTNEJTIyaHR0cHMlM0ElMkYlMkZjZG4uc2ltcGx5Y2VyYW0uY29tJTJGdXBsb2FkcyUyRjIwMjMlMkYwOCUyRlRyYW5zZm9ybWF0aW9uLUluc3RhbGxhdGlvbi1WaWRlby1FUy5tcDQlMjIlMjB0eXBlJTNEdmlkZW8lMkZtcDQlM0UlMEElMjAlMjAlMjAlMjAlM0MlMkZ2aWRlbyUzRSUwQSUwQSUwQQ==[\/vc_raw_html][\/vc_column][\/vc_row][vc_row font_color=&#8221;#ffffff&#8221; padding_top=&#8221;25px&#8221; padding_bottom=&#8221;25px&#8221; margin_bottom=&#8221;95px&#8221; section_id=&#8221;blue_row&#8221;][vc_column]<h3 class=\"grve-element grve-title grve-align-center grve-h3 title-blue\" style=\"\"><span><strong>\u00a1Nuestras encimeras son especialmente ligeras, <\/strong><\/span><\/h3>[vc_column_text el_class=&#8221;title-blue&#8221;]tan sencillas de cortar y transformar como las encimeras laminadas![\/vc_column_text][\/vc_column][\/vc_row][vc_row][vc_column width=&#8221;1\/2&#8243;][vc_column_text]<a href=\"https:\/\/youtu.be\/h2uVy63hBwQ\" rel=\"wp-video-lightbox\"><div class=\"grve-element grve-box-icon grve-align-center grve-medium\" style=\"\">  <div class=\"grve-image-icon\"><img alt=\"icon\" src=\"https:\/\/cdn.simplyceram.com\/uploads\/2016\/04\/picto-manutention.png\" data-at2x=\"https:\/\/cdn.simplyceram.com\/uploads\/2016\/04\/picto-manutention-retina.png\" width=\"81\" height=\"81\"><\/div>  <div class=\"grve-box-content\">      <h3 class=\"grve-box-title grve-h3\">MANTENIMIENTO<\/h3>    <p class=\"\"><\/a>SIMPLY<strong>CERAM <\/strong>es un producto f\u00e1cil de manejar porque es muy ligero y f\u00e1cil de cortar. Instalar su cocina requiere un m\u00ednimo de mano de obra. Este hecho tiene un impacto directo sobre el precio de la SIMPLY<strong>CERAM<\/strong> sobre otros productos r\u00edgidos.<\/p>  <\/div><\/div>[vc_column_text][\/vc_column_text][\/vc_column][vc_column width=&#8221;1\/2&#8243;][vc_column_text]<a href=\"https:\/\/www.youtube.com\/watch?v=oKWcsBu08ZA\" rel=\"wp-video-lightbox\"><div class=\"grve-element grve-box-icon grve-align-center grve-medium\" style=\"\">  <div class=\"grve-image-icon\"><img alt=\"icon\" src=\"https:\/\/cdn.simplyceram.com\/uploads\/2016\/04\/picto-decoupe.png\" data-at2x=\"https:\/\/cdn.simplyceram.com\/uploads\/2016\/04\/picto-decoupe-retina.png\" width=\"81\" height=\"81\"><\/div>  <div class=\"grve-box-content\">      <h3 class=\"grve-box-title grve-h3\">F\u00c1CIL DE CORTAR<\/h3>    <p class=\"\"><\/a>SIMPLY<strong>CERAM<\/strong> tienen unas propiedades excepcionales de resistencia y rigidez. A diferencia de otras encimeras r\u00edgidas, el producto es tan f\u00e1cil de cortar y transformar como una encimera de aglomerado laminado, lo que le permite obtener un acabado perfecto.<\/p>  <\/div><\/div>[vc_column_text][\/vc_column_text][\/vc_column][\/vc_row]<\/p>\n","protected":false,"raw":"[vc_row bg_type=\"color\" header_feature=\"yes\" padding_top=\"40px\" padding_bottom=\"40px\" margin_bottom=\"0\" bg_color=\"#f6f8fa\"][vc_column][grve_title title=\"TRANSFORMACI\u00d3N Y INSTALACI\u00d3N\" heading_tag=\"h1\" heading=\"h1\" align=\"center\" el_class=\"title-blue\"][\/vc_column][\/vc_row][vc_row padding_bottom=\"95px\" padding_top=\"70px\"][vc_column width=\"1\/2\"][grve_title title=\"Un Producto F\u00e1cil de Trabajar, Con Acabados Optimizados.\" heading_tag=\"h2\" heading=\"h2\"][vc_column_text]Probado y patentado en laboratorio, SIMPLY<strong>CERAM<\/strong> viene con todas las garant\u00edas para resistir los efectos del tiempo y las agresiones diarias por un costo medio de adquisici\u00f3n e instalaci\u00f3n entre el aglomerado laminado y las encimeras r\u00edgidas tradicionales (totalmente de cer\u00e1mica, granito, etc).[\/vc_column_text][vc_column_text text_style=\"leader-text\"]Con SIMPLY<strong>CERAM <\/strong>integrar\u00e1 en su cocina un producto \u00fanico, con un aspecto uniforme, en todos sus componentes. Lo que refuerza su est\u00e9tica y su capacidad de integraci\u00f3n en diferentes estilos de dise\u00f1o.[\/vc_column_text][vc_column_text]<span style=\"color: #004a66;\">SIMPLY<strong>CERAM<\/strong> revolucionar\u00e1 de forma duradera y definitiva el mercado de las encimeras.<\/span>[\/vc_column_text][\/vc_column][vc_column width=\"1\/2\"][vc_raw_html]JTNDJTIxLS0lM0NkaXYlMjBpZCUzRCUyMnZpZGVvLWlmcmFtZSUyMiUzRSUzQ2lmcmFtZSUyMHdpZHRoJTNEJTIyNTYwJTIyJTIwaGVpZ2h0JTNEJTIyMzE1JTIyJTIwc3JjJTNEJTIyaHR0cHMlM0ElMkYlMkZ3d3cueW91dHViZS5jb20lMkZlbWJlZCUyRlhiRFd6M2pMM3NBJTNGcmVsJTNEMCUyNmFtcCUzQmNvbnRyb2xzJTNEMCUyNmFtcCUzQnNob3dpbmZvJTNEMCUyMiUyMGZyYW1lYm9yZGVyJTNEJTIyMCUyMiUyMGFsbG93JTNEJTIyYXV0b3BsYXklM0IlMjBlbmNyeXB0ZWQtbWVkaWElMjIlMjBhbGxvd2Z1bGxzY3JlZW4lM0UlM0MlMkZpZnJhbWUlM0UlM0MlMkZkaXYlM0UtLSUzRSUwQSUwQSUzQ3ZpZGVvJTIwd2lkdGglM0QlMjI1NjAlMjIlMjBoZWlnaHQlM0QlMjIzMTUlMjIlMjBwb3N0ZXIlM0QlMjJodHRwcyUzQSUyRiUyRmNkbi5zaW1wbHljZXJhbS5jb20lMkZ1cGxvYWRzJTJGMjAyMyUyRjA4JTJGcG9zdGVyLWVzLmpwZyUyMiUyMGNvbnRyb2xzJTNFJTBBJTIwJTIwJTIwJTIwJTIwJTIwJTNDc291cmNlJTIwc3JjJTNEJTIyaHR0cHMlM0ElMkYlMkZjZG4uc2ltcGx5Y2VyYW0uY29tJTJGdXBsb2FkcyUyRjIwMjMlMkYwOCUyRlRyYW5zZm9ybWF0aW9uLUluc3RhbGxhdGlvbi1WaWRlby1FUy5tcDQlMjIlMjB0eXBlJTNEdmlkZW8lMkZtcDQlM0UlMEElMjAlMjAlMjAlMjAlM0MlMkZ2aWRlbyUzRSUwQSUwQSUwQQ==[\/vc_raw_html][\/vc_column][\/vc_row][vc_row font_color=\"#ffffff\" padding_top=\"25px\" padding_bottom=\"25px\" margin_bottom=\"95px\" section_id=\"blue_row\"][vc_column][grve_title title=\"<strong>\u00a1Nuestras encimeras son especialmente ligeras, <\/strong>\" align=\"center\" el_class=\"title-blue\"][vc_column_text el_class=\"title-blue\"]tan sencillas de cortar y transformar como las encimeras laminadas![\/vc_column_text][\/vc_column][\/vc_row][vc_row][vc_column width=\"1\/2\"][vc_column_text]<a href=\"https:\/\/youtu.be\/h2uVy63hBwQ\" rel=\"wp-video-lightbox\">[grve_icon_box icon_type=\"image\" align=\"center\" icon_image=\"133\" retina_icon_image=\"132\" title=\"MANTENIMIENTO\"]<\/a>SIMPLY<strong>CERAM <\/strong>es un producto f\u00e1cil de manejar porque es muy ligero y f\u00e1cil de cortar. Instalar su cocina requiere un m\u00ednimo de mano de obra. Este hecho tiene un impacto directo sobre el precio de la SIMPLY<strong>CERAM<\/strong> sobre otros productos r\u00edgidos.[\/grve_icon_box][vc_column_text][\/vc_column_text][\/vc_column][vc_column width=\"1\/2\"][vc_column_text]<a href=\"https:\/\/www.youtube.com\/watch?v=oKWcsBu08ZA\" rel=\"wp-video-lightbox\">[grve_icon_box icon_type=\"image\" align=\"center\" icon_image=\"131\" retina_icon_image=\"130\" title=\"F\u00c1CIL DE CORTAR\"]<\/a>SIMPLY<strong>CERAM<\/strong> tienen unas propiedades excepcionales de resistencia y rigidez. A diferencia de otras encimeras r\u00edgidas, el producto es tan f\u00e1cil de cortar y transformar como una encimera de aglomerado laminado, lo que le permite obtener un acabado perfecto.[\/grve_icon_box][vc_column_text][\/vc_column_text][\/vc_column][\/vc_row]"},"excerpt":{"rendered":"[vc_row bg_type=\"color\" header_feature=\"yes\" padding_top=\"40px\" padding_bottom=\"40px\" margin_bottom=\"0\" bg_color=\"#f6f8fa\"][vc_column]TRANSFORMATION &amp; INSTALLATION[\/vc_column][\/vc_row][vc_row padding_bottom=\"95px\" padding_top=\"70px\"][vc_column width=\"1\/2\"]Un Produit Simple \u00e0 Travailler, des Finitions Optimis\u00e9es[vc_column_text]Test\u00e9 en laboratoire et brevet\u00e9, SIMPLYCERAM apporte toutes les garanties pour r\u00e9sister aux effets du temps et aux agressions du quotidien pour un co\u00fbt d\u2019acquisition et d\u2019installation interm\u00e9diaire, entre le stratifi\u00e9 et les plans de travail en [...]","protected":false,"raw":""},"author":38,"featured_media":0,"parent":0,"menu_order":0,"comment_status":"closed","ping_status":"closed","template":"","meta":{"_fr_post_content":"[vc_row bg_type=\"color\" header_feature=\"yes\" padding_top=\"40px\" padding_bottom=\"40px\" margin_bottom=\"0\" bg_color=\"#f6f8fa\"][vc_column][grve_title title=\"TRANSFORMATION &amp; INSTALLATION\" heading_tag=\"h1\" heading=\"h1\" align=\"center\" el_class=\"title-blue\"][\/vc_column][\/vc_row][vc_row padding_bottom=\"95px\" padding_top=\"70px\"][vc_column width=\"1\/2\"][grve_title title=\"Un Produit Simple \u00e0 Travailler, des Finitions Optimis\u00e9es\" heading_tag=\"h2\" heading=\"h2\"][vc_column_text]Test\u00e9 en laboratoire et brevet\u00e9, <strong>SIMPLYCERAM<\/strong> apporte toutes les garanties pour r\u00e9sister aux effets du temps et aux agressions du quotidien pour un co\u00fbt d\u2019acquisition et d\u2019installation interm\u00e9diaire, entre le stratifi\u00e9 et les plans de travail en dur traditionnels (c\u00e9ramique pleine, granit\u2026) ![\/vc_column_text][vc_column_text text_style=\"leader-text\"]Avec <strong>SIMPLYCERAM<\/strong>, vous int\u00e9grez au coeur de la cuisine un produit unique, avec une apparence uniforme dans toutes ses composantes. Ce qui renforce son esth\u00e9tique et sa capacit\u00e9 \u00e0 s\u2019int\u00e9grer dans diff\u00e9rents styles de design.[\/vc_column_text][vc_column_text]<span style=\"color: #004a66;\"><strong>SIMPLYCERAM<\/strong> va r\u00e9volutionner durablement et d\u00e9finitivement le march\u00e9 du plan de travail.<\/span>[\/vc_column_text][\/vc_column][vc_column width=\"1\/2\"][vc_raw_html]JTNDJTIxLS0lM0NkaXYlMjBpZCUzRCUyMnZpZGVvLWlmcmFtZSUyMiUzRSUzQ2lmcmFtZSUyMHdpZHRoJTNEJTIyNTYwJTIyJTIwaGVpZ2h0JTNEJTIyMzE1JTIyJTIwc3JjJTNEJTIyaHR0cHMlM0ElMkYlMkZ3d3cueW91dHViZS5jb20lMkZlbWJlZCUyRlhiRFd6M2pMM3NBJTNGcmVsJTNEMCUyNmFtcCUzQmNvbnRyb2xzJTNEMCUyNmFtcCUzQnNob3dpbmZvJTNEMCUyMiUyMGZyYW1lYm9yZGVyJTNEJTIyMCUyMiUyMGFsbG93JTNEJTIyYXV0b3BsYXklM0IlMjBlbmNyeXB0ZWQtbWVkaWElMjIlMjBhbGxvd2Z1bGxzY3JlZW4lM0UlM0MlMkZpZnJhbWUlM0UlM0MlMkZkaXYlM0UtLSUzRSUwQSUwQSUzQ3ZpZGVvJTIwd2lkdGglM0QlMjI1NjAlMjIlMjBoZWlnaHQlM0QlMjIzMTUlMjIlMjBwb3N0ZXIlM0QlMjJodHRwcyUzQSUyRiUyRmNkbi5zaW1wbHljZXJhbS5jb20lMkZ1cGxvYWRzJTJGMjAyMyUyRjA4JTJGcG9zdGVyLWZyLmpwZyUyMiUyMGNvbnRyb2xzJTNFJTBBJTIwJTIwJTIwJTIwJTIwJTIwJTNDc291cmNlJTIwc3JjJTNEJTIyaHR0cHMlM0ElMkYlMkZjZG4uc2ltcGx5Y2VyYW0uY29tJTJGdXBsb2FkcyUyRjIwMjMlMkYwOCUyRlRyYW5zZm9ybWF0aW9uLUluc3RhbGxhdGlvbi1WaWRlby1GUi5tcDQlMjIlMjB0eXBlJTNEdmlkZW8lMkZtcDQlM0UlMEElMjAlMjAlMjAlMjAlM0MlMkZ2aWRlbyUzRSUwQSUwQSUwQQ==[\/vc_raw_html][\/vc_column][\/vc_row][vc_row font_color=\"#ffffff\" padding_top=\"25px\" padding_bottom=\"25px\" margin_bottom=\"95px\" section_id=\"blue_row\"][vc_column][grve_title title=\"<strong>Nos Plans de Travail Sont Particuli\u00e8rement L\u00e9gers,<\/strong>\" align=\"center\" el_class=\"title-blue\"][vc_column_text el_class=\"title-blue\"]Aussi Faciles \u00e0 D\u00e9couper et \u00e0 Transformer que les Plans de Travail en Stratifi\u00e9 ![\/vc_column_text][\/vc_column][\/vc_row][vc_row][vc_column width=\"1\/2\"][vc_column_text]<a href=\"https:\/\/youtu.be\/h2uVy63hBwQ\" rel=\"wp-video-lightbox\">[grve_icon_box icon_type=\"image\" align=\"center\" icon_image=\"133\" retina_icon_image=\"132\" title=\"MANUTENTION\"]<\/a>SIMPLYCERAM b\u00e9n\u00e9ficie de propri\u00e9t\u00e9s de r\u00e9sistances et de rigidit\u00e9 exceptionnelles. Pour autant, contrairement aux autres plans de travail en dur, le produit est aussi facile \u00e0 d\u00e9couper et \u00e0 transformer qu'un plan de travail en stratifi\u00e9, pour vous permettre d'obtenir des finitions parfaites.[\/grve_icon_box][vc_column_text][\/vc_column_text][\/vc_column][vc_column width=\"1\/2\"][vc_column_text]<a href=\"https:\/\/www.youtube.com\/watch?v=oKWcsBu08ZA\" rel=\"wp-video-lightbox\">[grve_icon_box icon_type=\"image\" align=\"center\" icon_image=\"131\" retina_icon_image=\"130\" title=\"FACILIT\u00c9 DE D\u00c9COUPE\"]<\/a>SIMPLYCERAM est un produit facile \u00e0 manipuler, car tr\u00e8s l\u00e9ger et simple \u00e0 d\u00e9couper. L'installation de votre cuisine n\u00e9cessite par cons\u00e9quent le minimum de main d'oeuvre. Ce qui impacte directement le prix pos\u00e9, \u00e0 l'avantage de SIMPLYCERAM par rapport aux autres produits en dur.[\/grve_icon_box][vc_column_text][\/vc_column_text][\/vc_column][\/vc_row]","_fr_post_name":"transformation-installation","_fr_post_excerpt":"","_fr_post_title":"Installation","_en_post_content":"[vc_row bg_type=\"color\" header_feature=\"yes\" padding_top=\"40px\" padding_bottom=\"40px\" margin_bottom=\"0\" bg_color=\"#f6f8fa\"][vc_column][grve_title title=\"TRANSFORMATION AND INSTALLATION\" heading_tag=\"h1\" heading=\"h1\" align=\"center\" el_class=\"title-blue\"][\/vc_column][\/vc_row][vc_row padding_bottom=\"95px\" padding_top=\"70px\"][vc_column width=\"1\/2\"][grve_title title=\"Simple to transform and install\" heading_tag=\"h2\" heading=\"h2\"][vc_column_text]SIMPLYCERAM is extraordinarily light and is as easy to cut, transform and install as any ordinary laminate wood countertop! Our laboratory tested and patented countertops are guaranteed for all common usage, resisting the effects of time and wear and proving to be a long-term economic alternative when compared to traditional solutions.[\/vc_column_text][vc_column_text text_style=\"leader-text\"]<strong>SIMPLYCERAM<\/strong>, will upgrade your kitchen with a product that is unique in performance and uniform in appearance. On-trend color options on offer are sure to match any different design styles.[\/vc_column_text][vc_column_text]<span style=\"color: #004a66;\"><strong>SIMPLYCERAM<\/strong> is revolutionizing the kitchen countertop market.<\/span>[\/vc_column_text][\/vc_column][vc_column width=\"1\/2\"][vc_raw_html]JTNDJTIxLS0lM0NkaXYlMjBpZCUzRCUyMnZpZGVvLWlmcmFtZSUyMiUzRSUzQ2lmcmFtZSUyMHdpZHRoJTNEJTIyNTYwJTIyJTIwaGVpZ2h0JTNEJTIyMzE1JTIyJTIwc3JjJTNEJTIyaHR0cHMlM0ElMkYlMkZ3d3cueW91dHViZS5jb20lMkZlbWJlZCUyRlhiRFd6M2pMM3NBJTNGcmVsJTNEMCUyNmFtcCUzQmNvbnRyb2xzJTNEMCUyNmFtcCUzQnNob3dpbmZvJTNEMCUyMiUyMGZyYW1lYm9yZGVyJTNEJTIyMCUyMiUyMGFsbG93JTNEJTIyYXV0b3BsYXklM0IlMjBlbmNyeXB0ZWQtbWVkaWElMjIlMjBhbGxvd2Z1bGxzY3JlZW4lM0UlM0MlMkZpZnJhbWUlM0UlM0MlMkZkaXYlM0UtLSUzRSUwQSUwQSUzQ3ZpZGVvJTIwd2lkdGglM0QlMjI1NjAlMjIlMjBoZWlnaHQlM0QlMjIzMTUlMjIlMjBwb3N0ZXIlM0QlMjJodHRwcyUzQSUyRiUyRmNkbi5zaW1wbHljZXJhbS5jb20lMkZ1cGxvYWRzJTJGMjAyMyUyRjA4JTJGcG9zdGVyLWVuLmpwZyUyMiUyMGNvbnRyb2xzJTNFJTBBJTIwJTIwJTIwJTIwJTIwJTIwJTNDc291cmNlJTIwc3JjJTNEJTIyaHR0cHMlM0ElMkYlMkZjZG4uc2ltcGx5Y2VyYW0uY29tJTJGdXBsb2FkcyUyRjIwMjMlMkYwOCUyRlRyYW5zZm9ybWF0aW9uLUluc3RhbGxhdGlvbi1WaWRlby1FTi5tcDQlMjIlMjB0eXBlJTNEdmlkZW8lMkZtcDQlM0UlMEElMjAlMjAlMjAlMjAlM0MlMkZ2aWRlbyUzRSUwQSUwQSUwQQ==[\/vc_raw_html][\/vc_column][\/vc_row][vc_row font_color=\"#004a66\" padding_top=\"25px\" padding_bottom=\"25px\" margin_bottom=\"95px\" section_id=\"blue_row\"][vc_column][grve_title title=\"<strong>Our Countertops are Extraordinarily Light and as Easy to Cut,<\/strong>\" align=\"center\" el_class=\"title-blue\"][vc_column_text el_class=\"title-blue\"]Transform and Install as any Laminate Countertop![\/vc_column_text][\/vc_column][\/vc_row][vc_row][vc_column width=\"1\/2\"][vc_column_text]<a href=\"https:\/\/youtu.be\/45mqRc5dngc\" rel=\"wp-video-lightbox\">[grve_icon_box icon_type=\"image\" align=\"center\" icon_image=\"133\" retina_icon_image=\"132\" title=\"INSTALLATION\"]<\/a>SIMPLYCERAM is a light, quick and easy to install countertop, requiring minimum labour, saving on time and installation costs.[\/grve_icon_box][vc_column_text][\/vc_column_text][\/vc_column][vc_column width=\"1\/2\"][vc_column_text]<a href=\"https:\/\/youtu.be\/ZmBwFgeJqB0\" rel=\"wp-video-lightbox\">[grve_icon_box icon_type=\"image\" align=\"center\" icon_image=\"131\" retina_icon_image=\"130\" title=\"EASY TO CUT\"]<\/a>Contrary to natural stone countertops, this product is as easy to cut and transform as a laminate countertop, and our technology is developed to effortlessly obtain perfect finishes.[\/grve_icon_box][vc_column_text][\/vc_column_text][\/vc_column][\/vc_row]","_en_post_name":"transformation-and-installation","_en_post_excerpt":"","_en_post_title":"Installation","_pt_post_content":"[vc_row bg_type=\"color\" header_feature=\"yes\" padding_top=\"40px\" padding_bottom=\"40px\" margin_bottom=\"0\" bg_color=\"#f6f8fa\"][vc_column][grve_title title=\"TRANSFORMA\u00c7\u00c3O E INSTALA\u00c7\u00c3O\" heading_tag=\"h1\" heading=\"h1\" align=\"center\" el_class=\"title-blue\"][\/vc_column][\/vc_row][vc_row padding_bottom=\"95px\" padding_top=\"70px\"][vc_column width=\"1\/2\"][grve_title title=\"Um Produto Simples de Trabalhar, com Acabamentos Otimizados\" heading_tag=\"h2\" heading=\"h2\"][vc_column_text]Testado em laborat\u00f3rio e patenteado, o SIMPLY<strong>CERAM<\/strong> traz todas as garantias para resistir aos efeitos do tempo e \u00e0s agress\u00f5es do quotidiano por um custo de aquisi\u00e7\u00e3o e de instala\u00e7\u00e3o interm\u00e9dio, entre ao aglomerado laminado e as bancadas r\u00edgidas tradicionais (totalmente em cer\u00e2mica, granito, etc\u2026)![\/vc_column_text][vc_column_text text_style=\"leader-text\"]Com o SIMPLY<strong>CERAM<\/strong>, estar\u00e1 a integrar na sua cozinha um produto \u00fanico, com uma apar\u00eancia uniforme, em todas as suas componentes. O que refor\u00e7a a sua est\u00e9tica e a sua capacidade de integra\u00e7\u00e3o em diferentes estilos de design.[\/vc_column_text][vc_column_text]<span style=\"color: #004a66;\">O SIMPLY<strong>CERAM<\/strong> vai revolucionar de forma duradoura e definitiva o mercado das bancadas de trabalho.<\/span>[\/vc_column_text][\/vc_column][vc_column width=\"1\/2\"][vc_raw_html]JTNDJTIxLS0lM0NkaXYlMjBpZCUzRCUyMnZpZGVvLWlmcmFtZSUyMiUzRSUzQ2lmcmFtZSUyMHdpZHRoJTNEJTIyNTYwJTIyJTIwaGVpZ2h0JTNEJTIyMzE1JTIyJTIwc3JjJTNEJTIyaHR0cHMlM0ElMkYlMkZ3d3cueW91dHViZS5jb20lMkZlbWJlZCUyRlhiRFd6M2pMM3NBJTNGcmVsJTNEMCUyNmFtcCUzQmNvbnRyb2xzJTNEMCUyNmFtcCUzQnNob3dpbmZvJTNEMCUyMiUyMGZyYW1lYm9yZGVyJTNEJTIyMCUyMiUyMGFsbG93JTNEJTIyYXV0b3BsYXklM0IlMjBlbmNyeXB0ZWQtbWVkaWElMjIlMjBhbGxvd2Z1bGxzY3JlZW4lM0UlM0MlMkZpZnJhbWUlM0UlM0MlMkZkaXYlM0UtLSUzRSUwQSUwQSUzQ3ZpZGVvJTIwd2lkdGglM0QlMjI1NjAlMjIlMjBoZWlnaHQlM0QlMjIzMTUlMjIlMjBwb3N0ZXIlM0QlMjJodHRwcyUzQSUyRiUyRmNkbi5zaW1wbHljZXJhbS5jb20lMkZ1cGxvYWRzJTJGMjAyMyUyRjA4JTJGcG9zdGVyLXB0LmpwZyUyMiUyMGNvbnRyb2xzJTNFJTBBJTIwJTIwJTIwJTIwJTIwJTIwJTNDc291cmNlJTIwc3JjJTNEJTIyaHR0cHMlM0ElMkYlMkZjZG4uc2ltcGx5Y2VyYW0uY29tJTJGdXBsb2FkcyUyRjIwMjMlMkYwOCUyRlRyYW5zZm9ybWF0aW9uLUluc3RhbGxhdGlvbi1WaWRlby1QVC5tcDQlMjIlMjB0eXBlJTNEdmlkZW8lMkZtcDQlM0UlMEElMjAlMjAlMjAlMjAlM0MlMkZ2aWRlbyUzRSUwQSUwQSUwQQ==[\/vc_raw_html][\/vc_column][\/vc_row][vc_row font_color=\"#ffffff\" padding_top=\"25px\" padding_bottom=\"25px\" margin_bottom=\"95px\" section_id=\"blue_row\"][vc_column][grve_title title=\"<strong>As Nossas Bancadas de Trabalho s\u00e3o Particularmente Leves,<\/strong>\" align=\"center\" el_class=\"title-blue\"][vc_column_text el_class=\"title-blue\"]T\u00e3o F\u00e1ceis de Cortar e de Transformar como as Bancadas de Aglomerado Laminado![\/vc_column_text][\/vc_column][\/vc_row][vc_row][vc_column width=\"1\/2\"][vc_column_text]<a href=\"https:\/\/youtu.be\/aFfjYDELnNA\" rel=\"wp-video-lightbox\">[grve_icon_box icon_type=\"image\" align=\"center\" icon_image=\"133\" retina_icon_image=\"132\" title=\"MANUTEN\u00c7\u00c3O\"]<\/a>O SIMPLY<strong>CERAM<\/strong> \u00e9 um produto f\u00e1cil de manipular, pois \u00e9 muito leve e simples de cortar. A instala\u00e7\u00e3o da sua cozinha requer assim o m\u00ednimo de m\u00e3o-de-obra. Este facto tem um impacto direto no pre\u00e7o atribu\u00eddo, em benef\u00edcio do SIMPLYCERAM relativamente aos outros produtos r\u00edgidos.[\/grve_icon_box][vc_column_text][\/vc_column_text][\/vc_column][vc_column width=\"1\/2\"][vc_column_text]<a href=\"https:\/\/youtu.be\/6GD4a2HCJ2s\" rel=\"wp-video-lightbox\">[grve_icon_box icon_type=\"image\" align=\"center\" icon_image=\"131\" retina_icon_image=\"130\" title=\"FACILIDADE DE CORTE\"]<\/a>O SIMPLY<strong>CERAM<\/strong> beneficia de propriedades de resist\u00eancia e de rigidez excecionais. Contrariamente \u00e0s outras bancadas de trabalho r\u00edgidas, o produto \u00e9 t\u00e3o f\u00e1cil de cortar e de transformar como uma bancada de trabalho de aglomerado laminado, permitindo-lhe obter acabamentos perfeitos.[\/grve_icon_box][vc_column_text][\/vc_column_text][\/vc_column][\/vc_row]","_pt_post_name":"transformacao-e-instalacao","_pt_post_excerpt":"","_pt_post_title":"Transforma\u00e7\u00e3o e Instala\u00e7\u00e3o","_es_post_content":"[vc_row bg_type=\"color\" header_feature=\"yes\" padding_top=\"40px\" padding_bottom=\"40px\" margin_bottom=\"0\" bg_color=\"#f6f8fa\"][vc_column][grve_title title=\"TRANSFORMACI\u00d3N Y INSTALACI\u00d3N\" heading_tag=\"h1\" heading=\"h1\" align=\"center\" el_class=\"title-blue\"][\/vc_column][\/vc_row][vc_row padding_bottom=\"95px\" padding_top=\"70px\"][vc_column width=\"1\/2\"][grve_title title=\"Un Producto F\u00e1cil de Trabajar, Con Acabados Optimizados.\" heading_tag=\"h2\" heading=\"h2\"][vc_column_text]Probado y patentado en laboratorio, SIMPLY<strong>CERAM<\/strong> viene con todas las garant\u00edas para resistir los efectos del tiempo y las agresiones diarias por un costo medio de adquisici\u00f3n e instalaci\u00f3n entre el aglomerado laminado y las encimeras r\u00edgidas tradicionales (totalmente de cer\u00e1mica, granito, etc).[\/vc_column_text][vc_column_text text_style=\"leader-text\"]Con SIMPLY<strong>CERAM <\/strong>integrar\u00e1 en su cocina un producto \u00fanico, con un aspecto uniforme, en todos sus componentes. Lo que refuerza su est\u00e9tica y su capacidad de integraci\u00f3n en diferentes estilos de dise\u00f1o.[\/vc_column_text][vc_column_text]<span style=\"color: #004a66;\">SIMPLY<strong>CERAM<\/strong> revolucionar\u00e1 de forma duradera y definitiva el mercado de las encimeras.<\/span>[\/vc_column_text][\/vc_column][vc_column width=\"1\/2\"][vc_raw_html]JTNDJTIxLS0lM0NkaXYlMjBpZCUzRCUyMnZpZGVvLWlmcmFtZSUyMiUzRSUzQ2lmcmFtZSUyMHdpZHRoJTNEJTIyNTYwJTIyJTIwaGVpZ2h0JTNEJTIyMzE1JTIyJTIwc3JjJTNEJTIyaHR0cHMlM0ElMkYlMkZ3d3cueW91dHViZS5jb20lMkZlbWJlZCUyRlhiRFd6M2pMM3NBJTNGcmVsJTNEMCUyNmFtcCUzQmNvbnRyb2xzJTNEMCUyNmFtcCUzQnNob3dpbmZvJTNEMCUyMiUyMGZyYW1lYm9yZGVyJTNEJTIyMCUyMiUyMGFsbG93JTNEJTIyYXV0b3BsYXklM0IlMjBlbmNyeXB0ZWQtbWVkaWElMjIlMjBhbGxvd2Z1bGxzY3JlZW4lM0UlM0MlMkZpZnJhbWUlM0UlM0MlMkZkaXYlM0UtLSUzRSUwQSUwQSUzQ3ZpZGVvJTIwd2lkdGglM0QlMjI1NjAlMjIlMjBoZWlnaHQlM0QlMjIzMTUlMjIlMjBwb3N0ZXIlM0QlMjJodHRwcyUzQSUyRiUyRmNkbi5zaW1wbHljZXJhbS5jb20lMkZ1cGxvYWRzJTJGMjAyMyUyRjA4JTJGcG9zdGVyLWVzLmpwZyUyMiUyMGNvbnRyb2xzJTNFJTBBJTIwJTIwJTIwJTIwJTIwJTIwJTNDc291cmNlJTIwc3JjJTNEJTIyaHR0cHMlM0ElMkYlMkZjZG4uc2ltcGx5Y2VyYW0uY29tJTJGdXBsb2FkcyUyRjIwMjMlMkYwOCUyRlRyYW5zZm9ybWF0aW9uLUluc3RhbGxhdGlvbi1WaWRlby1FUy5tcDQlMjIlMjB0eXBlJTNEdmlkZW8lMkZtcDQlM0UlMEElMjAlMjAlMjAlMjAlM0MlMkZ2aWRlbyUzRSUwQSUwQSUwQQ==[\/vc_raw_html][\/vc_column][\/vc_row][vc_row font_color=\"#ffffff\" padding_top=\"25px\" padding_bottom=\"25px\" margin_bottom=\"95px\" section_id=\"blue_row\"][vc_column][grve_title title=\"<strong>\u00a1Nuestras encimeras son especialmente ligeras, <\/strong>\" align=\"center\" el_class=\"title-blue\"][vc_column_text el_class=\"title-blue\"]tan sencillas de cortar y transformar como las encimeras laminadas![\/vc_column_text][\/vc_column][\/vc_row][vc_row][vc_column width=\"1\/2\"][vc_column_text]<a href=\"https:\/\/youtu.be\/h2uVy63hBwQ\" rel=\"wp-video-lightbox\">[grve_icon_box icon_type=\"image\" align=\"center\" icon_image=\"133\" retina_icon_image=\"132\" title=\"MANTENIMIENTO\"]<\/a>SIMPLY<strong>CERAM <\/strong>es un producto f\u00e1cil de manejar porque es muy ligero y f\u00e1cil de cortar. Instalar su cocina requiere un m\u00ednimo de mano de obra. Este hecho tiene un impacto directo sobre el precio de la SIMPLY<strong>CERAM<\/strong> sobre otros productos r\u00edgidos.[\/grve_icon_box][vc_column_text][\/vc_column_text][\/vc_column][vc_column width=\"1\/2\"][vc_column_text]<a href=\"https:\/\/www.youtube.com\/watch?v=oKWcsBu08ZA\" rel=\"wp-video-lightbox\">[grve_icon_box icon_type=\"image\" align=\"center\" icon_image=\"131\" retina_icon_image=\"130\" title=\"F\u00c1CIL DE CORTAR\"]<\/a>SIMPLY<strong>CERAM<\/strong> tienen unas propiedades excepcionales de resistencia y rigidez. A diferencia de otras encimeras r\u00edgidas, el producto es tan f\u00e1cil de cortar y transformar como una encimera de aglomerado laminado, lo que le permite obtener un acabado perfecto.[\/grve_icon_box][vc_column_text][\/vc_column_text][\/vc_column][\/vc_row]","_es_post_name":"transformacion-instalacion","_es_post_excerpt":"","_es_post_title":"Transformacion y Instalacion","edit_language":"es"},"_links":{"self":[{"href":"https:\/\/www.simplyceram.com\/es\/wp-json\/wp\/v2\/pages\/12"}],"collection":[{"href":"https:\/\/www.simplyceram.com\/es\/wp-json\/wp\/v2\/pages"}],"about":[{"href":"https:\/\/www.simplyceram.com\/es\/wp-json\/wp\/v2\/types\/page"}],"author":[{"embeddable":true,"href":"https:\/\/www.simplyceram.com\/es\/wp-json\/wp\/v2\/users\/38"}],"replies":[{"embeddable":true,"href":"https:\/\/www.simplyceram.com\/es\/wp-json\/wp\/v2\/comments?post=12"}],"version-history":[{"count":183,"href":"https:\/\/www.simplyceram.com\/es\/wp-json\/wp\/v2\/pages\/12\/revisions"}],"predecessor-version":[{"id":5130,"href":"https:\/\/www.simplyceram.com\/es\/wp-json\/wp\/v2\/pages\/12\/revisions\/5130"}],"wp:attachment":[{"href":"https:\/\/www.simplyceram.com\/es\/wp-json\/wp\/v2\/media?parent=12"}],"curies":[{"name":"wp","href":"https:\/\/api.w.org\/{rel}","templated":true}]}}